{"id":3,"date":"2023-06-09T20:11:43","date_gmt":"2023-06-09T20:11:43","guid":{"rendered":"http:\/\/abuelaana.com\/?page_id=3"},"modified":"2023-08-08T22:33:05","modified_gmt":"2023-08-08T20:33:05","slug":"politica-deprivacidad","status":"publish","type":"page","link":"https:\/\/abuelaana.com\/index.php\/politica-deprivacidad\/","title":{"rendered":"Pol\u00edtica de privacidad"},"content":{"rendered":"<p>En el marco del cumplimiento de lo dispuesto en el Reglamento (UE) 2016\/679 del Parlamento Europeo y del Consejo de 27 de abril de 2016 relativo a la protecci\u00f3n de las personas f\u00edsicas en lo que respecta al tratamiento de datos personales y a la libre circulaci\u00f3n de estos datos, y a la LOPDGDD 3\/2018  , \u00abAbuela Ana\u00bb, informa a los usuarios de esta web que:<\/p><ul class=\"wp-block-list\"><li><strong>Su denominaci\u00f3n comercial<\/strong>&nbsp;es Abuela Ana.<\/li>\n\n<li><strong>Su denominaci\u00f3n social<\/strong>&nbsp;es Meritxell Pau Paris<\/li>\n\n<li><strong>Su CIF\/ NIF<\/strong>&nbsp;39731610F<\/li>\n\n<li><strong>Su domicilio social est\u00e1 e<\/strong>n Plaza Jacint Verdaguer 20., C.P. 43810, El Pla de Santa Mar\u00eda, Tarragona.<\/li>\n\n<li><strong>Su actividad social es:<\/strong>&nbsp;Fabricaci\u00f3n y comercializaci\u00f3n g\u00e9neros de punto.<\/li><\/ul><p><br>Los datos de tr\u00e1ficos como nombre del proveedor de acceso, direcci\u00f3n IP, fecha y hora de acceso, enlaces desde los que accede y cualquier otra informaci\u00f3n de naturaleza parecida o an\u00e1loga que pueda proporcionar su navegaci\u00f3n por el sitio ser\u00e1n tratados de forma an\u00f3nima hasta que usted cumplimente alguno de los formularios de esta web, momento a partir del cual nos da su consentimiento de forma inequ\u00edvoca para asociarlos a los datos personales que nos facilita, con la \u00fanica finalidad de realizar estad\u00edsticas de visitas del sitio web <a href=\"http:\/\/www.abuelaana.com\" target=\"_blank\" aria-label=\" (opens in a new tab)\" rel=\"noreferrer noopener\" class=\"ek-link\">http:\/\/www.abuelaana.com\/.<br><br><\/a>Los datos generados mediante la tecnolog\u00eda \u00abcookies\u00bb son utilizados \u00fanica y exclusivamente para facilitar el acceso y la navegaci\u00f3n de los usuarios al sitio web <a href=\"http:\/\/www.abuelaana.com\" target=\"_blank\" aria-label=\" (opens in a new tab)\" rel=\"noreferrer noopener\" class=\"ek-link\">http:\/\/www.abuelaana.com\/<\/a> y el usuario acepta el uso y tratamiento de estos datos.<\/p><p>Los datos incluidos en el Formulario de contacto no son almacenados, exclusivamente son enviados por correo al dominio de <a aria-label=\" (opens in a new tab)\" href=\"http:\/\/www.abuelaana.com\" target=\"_blank\" rel=\"noreferrer noopener\" class=\"ek-link\">http:\/\/www.abuelaana.com\/<\/a><br><br>Los datos de registro de usuarios son utilizados para permitir el acceso personalizado e identificado a distintas secciones y para la prestaci\u00f3n de distintos servicios dentro del sitio web <a aria-label=\" (opens in a new tab)\" href=\"http:\/\/www.abuelaana.com\" target=\"_blank\" rel=\"noreferrer noopener\" class=\"ek-link\">http:\/\/www.abuelaana.com\/<br><br><\/a>Los datos personales de registro, tr\u00e1fico y navegaci\u00f3n ser\u00e1n incorporados a un fichero denominado CLIENTES cuya finalidad es la navegaci\u00f3n por el sitio web <a aria-label=\" (opens in a new tab)\" href=\"http:\/\/www.abuelaana.com\" target=\"_blank\" rel=\"noreferrer noopener\" class=\"ek-link\">http:\/\/www.abuelaana.com\/<\/a>, el an\u00e1lisis del tr\u00e1fico de usuarios y la remisi\u00f3n de comunicaciones comerciales v\u00eda email.<br><br>Los datos relativos a la contrataci\u00f3n electr\u00f3nica de servicios son incorporados al fichero denominado clientes con la finalidad de la gesti\u00f3n de todos los procesos que se desarrollan en esta empresa para la realizaci\u00f3n de los servicios solicitados y contratados. Los datos relativos a la entrega de su pedido: Nombre, apellidos, direcci\u00f3n de entrega y datos de contacto podr\u00e1n ser cedidos para la correcta prestaci\u00f3n de los servicios de entrega a la empresa de mensajer\u00eda, pues de otro modo no podr\u00edamos gestionar su solicitud.<\/p><p>El proceso de compra se realiza mediante tarjeta bancaria a trav\u00e9s de TPV virtual del BBVA en la plataforma externa <strong>Redsys<\/strong>, integrada por redirecci\u00f3n en la p\u00e1gina <a href=\"http:\/\/www.abuelaana.com\/\" target=\"_blank\" rel=\"noreferrer noopener\">http:\/\/www.abuelaana.com\/<\/a>. El cliente ser\u00e1 redirigido a la pasarela de pago de <strong>Redsys<\/strong>, y realizar\u00e1 la compra desde la misma pasarela. Toda la carga del procesamiento de la operaci\u00f3n se realiza desde los sistemas de <strong>Redsys<\/strong>, y <a href=\"https:\/\/abuelaana.com\" class=\"ek-link\">Abuela Ana<\/a> no tiene que realizar ninguna tarea de captura de datos de la tarjeta ni similar, s\u00f3lo enviar los datos de la operaci\u00f3n a <strong>Redsys<\/strong>.<\/p><p><\/p><figure class=\"wp-block-image size-large is-style-default\"><img loading=\"lazy\" decoding=\"async\" width=\"1024\" height=\"441\" src=\"https:\/\/abuelaana.com\/wp-content\/uploads\/2023\/06\/pagos-1024x441.jpg\" alt=\"Funcionamiento redirecci\u00f3n a Redsys.\" class=\"wp-image-7754\" srcset=\"https:\/\/abuelaana.com\/wp-content\/uploads\/2023\/06\/pagos-1024x441.jpg 1024w, https:\/\/abuelaana.com\/wp-content\/uploads\/2023\/06\/pagos-812x350.jpg 812w, https:\/\/abuelaana.com\/wp-content\/uploads\/2023\/06\/pagos-300x129.jpg 300w, https:\/\/abuelaana.com\/wp-content\/uploads\/2023\/06\/pagos-768x331.jpg 768w, https:\/\/abuelaana.com\/wp-content\/uploads\/2023\/06\/pagos.jpg 1035w\" sizes=\"(max-width: 1024px) 100vw, 1024px\" \/><\/figure><p>Redsys Servicios de Procesamiento S.L., declara que, a los efectos de cumplir con la normativa vigente en materia de protecci\u00f3n de datos, <a href=\"http:\/\/www.redsys.es\" class=\"ek-link\">Redsys<\/a> act\u00faa como encargado del tratamiento por cuenta de sus clientes con los que tiene suscritos acuerdos en este sentido conforme a GDPR.<\/p><p><strong>AbuelaAna.com cumple los protocolos SSL, utiliza en las pasarelas de pago el sistema 3DSecure redirigiendo los datos a servidores seguros sin que el comercio pueda acceder a ellos o almacenarlos.<\/strong><br><br><strong>AbuelaAna.com<\/strong> tiene adoptadas las medidas t\u00e9cnicas y organizativas conforme a lo dispuesto en la normativa vigente. Se garantizan los niveles de seguridad adecuados a los datos que se tratan.<br><br>En cualquier momento podr\u00e1 revocar el consentimiento otorgado, as\u00ed como ejercitar sus derechos de acceso, rectificaci\u00f3n, cancelaci\u00f3n y oposici\u00f3n, en los t\u00e9rminos establecidos en la legislaci\u00f3n vigente, dirigi\u00e9ndose por escrito a <a aria-label=\" (opens in a new tab)\" href=\"mailto:info@abuelaana.com\" target=\"_blank\" rel=\"noreferrer noopener\" class=\"ek-link\">info@abuelaana.com<\/a><\/p><div class=\"wp-block-image\"><figure class=\"aligncenter size-full\"><img loading=\"lazy\" decoding=\"async\" width=\"497\" height=\"497\" src=\"https:\/\/abuelaana.com\/wp-content\/uploads\/2023\/06\/cropped-cropped-logo-abuela-ana.png\" alt=\"\" class=\"wp-image-7329\" srcset=\"https:\/\/abuelaana.com\/wp-content\/uploads\/2023\/06\/cropped-cropped-logo-abuela-ana.png 497w, https:\/\/abuelaana.com\/wp-content\/uploads\/2023\/06\/cropped-cropped-logo-abuela-ana-100x100.png 100w, https:\/\/abuelaana.com\/wp-content\/uploads\/2023\/06\/cropped-cropped-logo-abuela-ana-300x300.png 300w, https:\/\/abuelaana.com\/wp-content\/uploads\/2023\/06\/cropped-cropped-logo-abuela-ana-150x150.png 150w\" sizes=\"(max-width: 497px) 100vw, 497px\" \/><\/figure><\/div>","protected":false},"excerpt":{"rendered":"<p>En el marco del cumplimiento de lo dispuesto en el Reglamento (UE) 2016\/679 [&hellip;]<\/p>\n","protected":false},"author":1,"featured_media":0,"parent":0,"menu_order":0,"comment_status":"closed","ping_status":"open","template":"","meta":{"_editorskit_title_hidden":false,"_editorskit_reading_time":0,"_editorskit_is_block_options_detached":false,"_editorskit_block_options_position":"{}","_monsterinsights_skip_tracking":false,"_monsterinsights_sitenote_active":false,"_monsterinsights_sitenote_note":"","_monsterinsights_sitenote_category":0,"jetpack_post_was_ever_published":false,"footnotes":""},"class_list":["post-3","page","type-page","status-publish","hentry"],"aioseo_notices":[],"jetpack_sharing_enabled":true,"_links":{"self":[{"href":"https:\/\/abuelaana.com\/index.php\/wp-json\/wp\/v2\/pages\/3"}],"collection":[{"href":"https:\/\/abuelaana.com\/index.php\/wp-json\/wp\/v2\/pages"}],"about":[{"href":"https:\/\/abuelaana.com\/index.php\/wp-json\/wp\/v2\/types\/page"}],"author":[{"embeddable":true,"href":"https:\/\/abuelaana.com\/index.php\/wp-json\/wp\/v2\/users\/1"}],"replies":[{"embeddable":true,"href":"https:\/\/abuelaana.com\/index.php\/wp-json\/wp\/v2\/comments?post=3"}],"version-history":[{"count":9,"href":"https:\/\/abuelaana.com\/index.php\/wp-json\/wp\/v2\/pages\/3\/revisions"}],"predecessor-version":[{"id":8942,"href":"https:\/\/abuelaana.com\/index.php\/wp-json\/wp\/v2\/pages\/3\/revisions\/8942"}],"wp:attachment":[{"href":"https:\/\/abuelaana.com\/index.php\/wp-json\/wp\/v2\/media?parent=3"}],"curies":[{"name":"wp","href":"https:\/\/api.w.org\/{rel}","templated":true}]}}