{"id":3094,"date":"2019-08-09T15:05:47","date_gmt":"2019-08-09T15:05:47","guid":{"rendered":"https:\/\/proteo.yithemes.com\/classic-shop\/?page_id=3094"},"modified":"2025-09-07T14:20:52","modified_gmt":"2025-09-07T12:20:52","slug":"contact","status":"publish","type":"page","link":"https:\/\/abuelaana.com\/index.php\/contact\/","title":{"rendered":"M\u00c1S SOBRE ABUELAANA.COM"},"content":{"rendered":"<div class=\"wp-block-columns is-layout-flex wp-container-core-columns-is-layout-1 wp-block-columns-is-layout-flex\"><div class=\"wp-block-column animate-fade-right is-layout-flow wp-block-column-is-layout-flow\"><div style=\"height:35px\" aria-hidden=\"true\" class=\"wp-block-spacer\"><\/div>\n\n<h3 class=\"wp-block-heading\">Originalidad<\/h3>\n\n<p>\u00bfTe has cansado de ver el mismo bolso o chal en cada tienda? Nuestros productos de ganchillo son \u00fanicos y originales. Hechos a mano con mucho amor y esfuerzo, lo que los hace realmente especiales. No encontrar\u00e1s nada igual en ninguna otra tienda..<\/p><\/div>\n\n<div class=\"wp-block-column animate-fade-up is-layout-flow wp-block-column-is-layout-flow\"><div style=\"height:35px\" aria-hidden=\"true\" class=\"wp-block-spacer\"><\/div>\n\n<div class=\"wp-block-image\"><figure class=\"aligncenter size-full\"><img loading=\"lazy\" decoding=\"async\" width=\"497\" height=\"497\" src=\"https:\/\/abuelaana.com\/wp-content\/uploads\/2023\/06\/cropped-cropped-logo-abuela-ana.png\" alt=\"\" class=\"wp-image-7329\" srcset=\"https:\/\/abuelaana.com\/wp-content\/uploads\/2023\/06\/cropped-cropped-logo-abuela-ana.png 497w, https:\/\/abuelaana.com\/wp-content\/uploads\/2023\/06\/cropped-cropped-logo-abuela-ana-100x100.png 100w, https:\/\/abuelaana.com\/wp-content\/uploads\/2023\/06\/cropped-cropped-logo-abuela-ana-300x300.png 300w, https:\/\/abuelaana.com\/wp-content\/uploads\/2023\/06\/cropped-cropped-logo-abuela-ana-150x150.png 150w\" sizes=\"(max-width: 497px) 100vw, 497px\" \/><\/figure><\/div>\n\n<h3 class=\"wp-block-heading\">Regalo especial<\/h3>\n\n<p>\u00bfBuscas un regalo especial y \u00fanico para alguien? Nuestros productos de ganchillo son la elecci\u00f3n perfecta. Puedes elegir entre una amplia variedad de productos, desde chales y bolsos hasta kits de ganchillo y amigurumis. Cada producto es \u00fanico y se hace con amor y dedicaci\u00f3n. Puedes estar seguro de que tu regalo ser\u00e1 diferente y especial.<\/p><\/div>\n\n<div class=\"wp-block-column animate-fade-left is-layout-flow wp-block-column-is-layout-flow\"><div style=\"height:35px\" aria-hidden=\"true\" class=\"wp-block-spacer\"><\/div>\n\n<h3 class=\"wp-block-heading\">Sostenibilidad<\/h3>\n\n<p>Nuestros productos de ganchillo hechos a mano son una opci\u00f3n sostenible y respetuosa con el medio ambiente. Al comprar un producto artesanal, est\u00e1s eligiendo una alternativa a los productos masivos de baja calidad que llenan las tiendas de todo el mundo.<\/p><\/div><\/div><div class=\"wp-block-group animate-fade\"><div class=\"wp-block-group__inner-container is-layout-flow wp-block-group-is-layout-flow\"><div class=\"wp-block-image\"><figure class=\"aligncenter size-full\"><img loading=\"lazy\" decoding=\"async\" width=\"599\" height=\"599\" src=\"https:\/\/abuelaana.com\/wp-content\/uploads\/2025\/09\/5-razones.jpg\" alt=\"\" class=\"wp-image-8938\" srcset=\"https:\/\/abuelaana.com\/wp-content\/uploads\/2025\/09\/5-razones.jpg 599w, https:\/\/abuelaana.com\/wp-content\/uploads\/2025\/09\/5-razones-300x300.jpg 300w, https:\/\/abuelaana.com\/wp-content\/uploads\/2025\/09\/5-razones-150x150.jpg 150w, https:\/\/abuelaana.com\/wp-content\/uploads\/2025\/09\/5-razones-100x100.jpg 100w\" sizes=\"(max-width: 599px) 100vw, 599px\" \/><\/figure><\/div><\/div><\/div><div style=\"height:100px\" aria-hidden=\"true\" class=\"wp-block-spacer\"><\/div><div class=\"wp-block-group\"><div class=\"wp-block-group__inner-container is-layout-constrained wp-block-group-is-layout-constrained\"><h2 class=\"wp-block-heading has-text-align-center\">\u00a1Hola! soy Meritxell.<\/h2>\n\n<p class=\"has-text-align-center\">Nac\u00ed en Cambrils hace ya algunos a\u00f1os. Mi pasi\u00f3n por las agujas comenz\u00f3 con 6 a\u00f1os;  Mi t\u00eda Mar\u00eda me hac\u00eda conjuntos de tela y calceta a dos agujas para mis mu\u00f1ecas (\u00a1c\u00f3mo me  gustaban esas Nancys!)  y me quedaba embobada mirando como sus manos creaban, la velocidad de sus dedos, el ritmo constante y preciso, la paz que irradiaba su cara, concentrada, sonriente. <\/p>\n\n<p class=\"has-text-align-center\">Un poco m\u00e1s tarde, con 7 a\u00f1os, mi abuela Carmen me ense\u00f1\u00f3 vainica y punto de cruz. Ah\u00ed fue cuando algo hizo \u00abclic\u00bb en mi cerebro. Siempre he sido una persona que busca crear con las manos, actividades que exigen concentraci\u00f3n, agudeza mental,  y cuidado del detalle, buscando desaf\u00edos y la perfecci\u00f3n. Y lo que me comenzaba a ense\u00f1ar mi abuela me llen\u00f3 totalmente.  La sensaci\u00f3n de crear con tus propias manos, de conectar conmigo misma, de estar relajada, de valorar el tiempo, de superaci\u00f3n&#8230;.en ese momento no era capaz de ponerle palabras a todas esas sensaciones, simplemente, era feliz.<\/p>\n\n<p class=\"has-text-align-center\">Con 10 a\u00f1os, empec\u00e9 con el ganchillo. Recordaba a mi bisabuela Dolores, mujer que se levantaba y acostaba con un ganchillo en la mano, pero fue tambi\u00e9n mi abuela Carmen la que me meti\u00f3 en este mundo, que ya nunca he podido dejar.<\/p>\n\n<p class=\"has-text-align-center\">Muchos a\u00f1os m\u00e1s tarde, la abuela Ana, madre de mi marido, maestra de la costura, me hizo plantearme darle otro enfoque a esta gran pasi\u00f3n. Ah\u00ed surgi\u00f3 esta gran idea de AbuelaAna.com. <\/p>\n\n<p class=\"has-text-align-center\">El gran objetivo de esta idea es compartir esa pasi\u00f3n por la costura y el ganchillo. Es crear un espacio en el que todas vivamos una gran experiencia. Ya sea regalando creaciones de ganchillo hechas a mano, o bien creando por t\u00ed misma tus propios proyectos.<\/p>\n\n<p class=\"has-text-align-center\">Tras mucho tiempo curioseando y navegando, llegu\u00e9 a la conclusi\u00f3n que era muy dif\u00edcil encontrar algo que te facilitara y permitiera comenzar un proyecto de ganchillo de una manera sencilla y pr\u00e1ctica. Parece que todo estaba hecho para que el vendedor sacara el mayor r\u00e9dito posible; S\u00ed, hab\u00eda kits, pero o bien no ven\u00edan agujas, o era s\u00f3lo el patr\u00f3n, o no ven\u00eda lana, o lo que es peor, parece que ven\u00eda todo y luego ten\u00edas que conectarte a una \u00abcal\u00bb o bien comprar a parte el patr\u00f3n. No pude evitar sentirme un poco desilusionada e incluso enga\u00f1ada. No pensaba que en este mundo tambi\u00e9n hubiera que leerse tan minuciosamente la letra peque\u00f1a y estar alerta.<\/p>\n\n<p class=\"has-text-align-center\">As\u00ed que la idea surgi\u00f3 sola, por necesidad y empat\u00eda. \u00bfPor qu\u00e9 no ofrecer una caja que contuviera todo, absolutamente todo, lo necesario? Agujas de ganchillo, aguja de coser, hilo, lana un patr\u00f3n impreso bien explicado, clips&#8230;\u00a1todo! Sin necesidad de buscar nada m\u00e1s. <\/p>\n\n<p class=\"has-text-align-center\">Todo lo dem\u00e1s, vino despu\u00e9s. Dedicar tiempo a algo que te gusta, se llama pasi\u00f3n. Y esta es mi pasi\u00f3n. Espero que ahora sea tambi\u00e9n la vuestra.<\/p>\n\n<p><\/p><\/div><\/div>","protected":false},"excerpt":{"rendered":"<p>Originalidad \u00bfTe has cansado de ver el mismo bolso o chal en cada [&hellip;]<\/p>\n","protected":false},"author":1,"featured_media":0,"parent":0,"menu_order":0,"comment_status":"closed","ping_status":"closed","template":"","meta":{"_editorskit_title_hidden":false,"_editorskit_reading_time":0,"_editorskit_is_block_options_detached":false,"_editorskit_block_options_position":"{}","_monsterinsights_skip_tracking":false,"_monsterinsights_sitenote_active":false,"_monsterinsights_sitenote_note":"","_monsterinsights_sitenote_category":0,"jetpack_post_was_ever_published":false,"footnotes":""},"class_list":["post-3094","page","type-page","status-publish","hentry"],"aioseo_notices":[],"jetpack_sharing_enabled":true,"_links":{"self":[{"href":"https:\/\/abuelaana.com\/index.php\/wp-json\/wp\/v2\/pages\/3094"}],"collection":[{"href":"https:\/\/abuelaana.com\/index.php\/wp-json\/wp\/v2\/pages"}],"about":[{"href":"https:\/\/abuelaana.com\/index.php\/wp-json\/wp\/v2\/types\/page"}],"author":[{"embeddable":true,"href":"https:\/\/abuelaana.com\/index.php\/wp-json\/wp\/v2\/users\/1"}],"replies":[{"embeddable":true,"href":"https:\/\/abuelaana.com\/index.php\/wp-json\/wp\/v2\/comments?post=3094"}],"version-history":[{"count":10,"href":"https:\/\/abuelaana.com\/index.php\/wp-json\/wp\/v2\/pages\/3094\/revisions"}],"predecessor-version":[{"id":9005,"href":"https:\/\/abuelaana.com\/index.php\/wp-json\/wp\/v2\/pages\/3094\/revisions\/9005"}],"wp:attachment":[{"href":"https:\/\/abuelaana.com\/index.php\/wp-json\/wp\/v2\/media?parent=3094"}],"curies":[{"name":"wp","href":"https:\/\/api.w.org\/{rel}","templated":true}]}}