{"id":7072,"date":"2023-07-12T10:39:38","date_gmt":"2023-07-12T08:39:38","guid":{"rendered":"https:\/\/proteo.yithemes.com\/classic-shop\/?page_id=7072"},"modified":"2023-08-07T21:58:51","modified_gmt":"2023-08-07T19:58:51","slug":"about-nosotras","status":"publish","type":"page","link":"https:\/\/abuelaana.com\/index.php\/about-nosotras\/","title":{"rendered":"Nosotras"},"content":{"rendered":"<div class=\"wp-block-columns is-layout-flex wp-container-core-columns-is-layout-1 wp-block-columns-is-layout-flex\"><div class=\"wp-block-column is-layout-flow wp-block-column-is-layout-flow\"><div class=\"wp-block-group alignfull has-background h-screen\" style=\"background-color:#faf1e0\"><div class=\"wp-block-group__inner-container is-layout-flow wp-block-group-is-layout-flow\"><div class=\"wp-block-media-text alignwide has-media-on-the-right is-stacked-on-mobile animate-fade\" style=\"grid-template-columns:auto 35%\"><div class=\"wp-block-media-text__content\"><h2 class=\"wp-block-heading animate-fade-right\">\u00bfQuienes somos?<\/h2>\n\n<p><a href=\"https:\/\/abuelaana.com\/\" class=\"ek-link\">AbuelaAna.com<\/a> es un proyecto que se inicia en el a\u00f1o 2023, fruto de una gran idea y una gran pasi\u00f3n: <\/p>\n\n<p>El ganchillo. <\/p>\n\n<p>Tantas ideas, cari\u00f1o y arte finalmente han terminado plasm\u00e1ndose en Abuela Ana, donde estamos encantadas de compartir contigo este mundo lleno de creatividad. <\/p>\n\n<p>A fuerza de tanto so\u00f1arlo, finalmente se hizo realidad.<\/p>\n\n<p>Abuela Ana son todas esas abuelas que nos han ayudado a crecer y a tejer nuestras vidas.<\/p>\n\n<p>Nuestra filosof\u00eda es clara: Ayudarte<strong> <\/strong>en tu deseo de crear y compartir este arte.<\/p>\n\n<blockquote class=\"wp-block-quote is-layout-flow wp-block-quote-is-layout-flow\"><p><\/p><cite>&#8211; Meritxell, de AbuelaAna<\/cite><\/blockquote><\/div><figure class=\"wp-block-media-text__media\"><img loading=\"lazy\" decoding=\"async\" width=\"497\" height=\"497\" src=\"https:\/\/abuelaana.com\/wp-content\/uploads\/2023\/06\/cropped-cropped-cropped-logo-abuela-ana-1.png\" alt=\"\" class=\"wp-image-7424 size-full\" srcset=\"https:\/\/abuelaana.com\/wp-content\/uploads\/2023\/06\/cropped-cropped-cropped-logo-abuela-ana-1.png 497w, https:\/\/abuelaana.com\/wp-content\/uploads\/2023\/06\/cropped-cropped-cropped-logo-abuela-ana-1-100x100.png 100w, https:\/\/abuelaana.com\/wp-content\/uploads\/2023\/06\/cropped-cropped-cropped-logo-abuela-ana-1-300x300.png 300w, https:\/\/abuelaana.com\/wp-content\/uploads\/2023\/06\/cropped-cropped-cropped-logo-abuela-ana-1-150x150.png 150w\" sizes=\"(max-width: 497px) 100vw, 497px\" \/><\/figure><\/div><\/div><\/div>\n\n<div style=\"height:100px\" aria-hidden=\"true\" class=\"wp-block-spacer\"><\/div>\n\n<div class=\"wp-block-media-text is-stacked-on-mobile\"><figure class=\"wp-block-media-text__media\"><a href=\"https:\/\/abuelaana.com\/index.php\/product\/tarjeta-con-un-corazon\/\"><img loading=\"lazy\" decoding=\"async\" width=\"2250\" height=\"2032\" src=\"https:\/\/abuelaana.com\/wp-content\/uploads\/2023\/06\/20230604_121400-1.jpg\" alt=\"\" class=\"wp-image-76 size-full\" srcset=\"https:\/\/abuelaana.com\/wp-content\/uploads\/2023\/06\/20230604_121400-1.jpg 2250w, https:\/\/abuelaana.com\/wp-content\/uploads\/2023\/06\/20230604_121400-1-812x733.jpg 812w\" sizes=\"(max-width: 2250px) 100vw, 2250px\" \/><\/a><\/figure><div class=\"wp-block-media-text__content\"><h2 class=\"wp-block-heading\">\u00bfQu\u00e9 puedes encontrar en nuestra tienda?<\/h2>\n\n<p>En Abuelaana.com encontrar\u00e1s gran variedad de ideas con ganchillo para crear, regalar o felicitar:<\/p>\n\n<p>Kits: Originales y divertidas cajas donde encontrar\u00e1s todo lo necesario para elaborar tu creaci\u00f3n: Lanas, agujas, accesorios, y por supuesto un detallado patr\u00f3n que te guiar\u00e1 paso a paso. \u00a1Crea y disfruta!.<\/p>\n\n<p>Tarjetas: Preciosas y \u00fanicas tarjetas decoradas con un motivo a ganchillo para que se la env\u00edes a esa persona tan especial.<\/p>\n\n<p>Flores: Bellas flores de varios tipos hechas a ganchillo. Regala o crea un ramo, dale un toque especial a tu decoraci\u00f3n&#8230;bonitas e imperecederas.<\/p>\n\n<p>Creaciones: Chales, bolsos&#8230;maravillosas creaciones a ganchillo, fruto de horas de dedicaci\u00f3n, que nos permiten ofrecer estas piezas tan exclusivas, genuinas y bellas.<\/p><\/div><\/div>\n\n<div style=\"height:100px\" aria-hidden=\"true\" class=\"wp-block-spacer\"><\/div>\n\n<div class=\"wp-block-group alignfull has-background\" style=\"background-color:#faf1e0\"><div class=\"wp-block-group__inner-container is-layout-flow wp-block-group-is-layout-flow\"><div class=\"wp-block-media-text alignwide has-media-on-the-right is-stacked-on-mobile animate-fade\" style=\"grid-template-columns:auto 53%\"><div class=\"wp-block-media-text__content\"><h2 class=\"wp-block-heading\">La&nbsp;<strong>excelencia<\/strong>&nbsp;al detalle<\/h2>\n\n<p>La calidad y la satisfacci\u00f3n de nuestros clientes son nuestras grandes preocupaciones.<\/p>\n\n<p>Sostenibilidad, calidad y atenci\u00f3n al detalle&nbsp;van de la mano cuando durante todo el proceso el cari\u00f1o y la experiencia son la fuerza que nos impulsa. <\/p>\n\n<p>Cuidamos hasta el \u00faltimo detalle para crear obras de excelente calidad.<\/p><\/div><figure class=\"wp-block-media-text__media\"><a href=\"https:\/\/abuelaana.com\/index.php\/product\/chal-olivia\/\"><img loading=\"lazy\" decoding=\"async\" width=\"1024\" height=\"768\" src=\"https:\/\/abuelaana.com\/wp-content\/uploads\/2023\/06\/IMG-20230617-WA0009-1024x768.jpg\" alt=\"\" class=\"wp-image-7574 size-full\" srcset=\"https:\/\/abuelaana.com\/wp-content\/uploads\/2023\/06\/IMG-20230617-WA0009-1024x768.jpg 1024w, https:\/\/abuelaana.com\/wp-content\/uploads\/2023\/06\/IMG-20230617-WA0009-rotated-812x609.jpg 812w, https:\/\/abuelaana.com\/wp-content\/uploads\/2023\/06\/IMG-20230617-WA0009-300x225.jpg 300w, https:\/\/abuelaana.com\/wp-content\/uploads\/2023\/06\/IMG-20230617-WA0009-768x576.jpg 768w, https:\/\/abuelaana.com\/wp-content\/uploads\/2023\/06\/IMG-20230617-WA0009-1536x1152.jpg 1536w, https:\/\/abuelaana.com\/wp-content\/uploads\/2023\/06\/IMG-20230617-WA0009-1920x1440.jpg 1920w, https:\/\/abuelaana.com\/wp-content\/uploads\/2023\/06\/IMG-20230617-WA0009-rotated.jpg 2040w\" sizes=\"(max-width: 1024px) 100vw, 1024px\" \/><\/a><\/figure><\/div><\/div><\/div><\/div><\/div><div style=\"height:50px\" aria-hidden=\"true\" class=\"wp-block-spacer\"><\/div><hr class=\"wp-block-separator has-css-opacity is-style-default\"\/><div class=\"wp-block-image is-style-rounded\"><figure class=\"aligncenter size-full\"><img loading=\"lazy\" decoding=\"async\" width=\"600\" height=\"315\" src=\"https:\/\/abuelaana.com\/wp-content\/uploads\/2023\/06\/crochetfondo.jpg\" alt=\"\" class=\"wp-image-7337\" srcset=\"https:\/\/abuelaana.com\/wp-content\/uploads\/2023\/06\/crochetfondo.jpg 600w, https:\/\/abuelaana.com\/wp-content\/uploads\/2023\/06\/crochetfondo-300x158.jpg 300w\" sizes=\"(max-width: 600px) 100vw, 600px\" \/><\/figure><\/div><h2 style=\"text-align: center;\"><span style=\"color: #ff99cc;\">by AbuelaAna.com<\/span><\/h2><blockquote class=\"wp-block-quote has-text-align-center is-style-large is-layout-flow wp-block-quote-is-layout-flow\"><p>\u00abTeje tus sue\u00f1os, y arr\u00f3pate con ellos.\u00bb<\/p><\/blockquote><hr class=\"wp-block-separator has-css-opacity is-style-default\"\/>","protected":false},"excerpt":{"rendered":"<p>\u00bfQuienes somos? AbuelaAna.com es un proyecto que se inicia en el a\u00f1o 2023, [&hellip;]<\/p>\n","protected":false},"author":1,"featured_media":0,"parent":0,"menu_order":0,"comment_status":"closed","ping_status":"closed","template":"","meta":{"_editorskit_title_hidden":true,"_editorskit_reading_time":0,"_editorskit_is_block_options_detached":false,"_editorskit_block_options_position":"{}","_monsterinsights_skip_tracking":false,"_monsterinsights_sitenote_active":false,"_monsterinsights_sitenote_note":"","_monsterinsights_sitenote_category":0,"jetpack_post_was_ever_published":false,"footnotes":""},"class_list":["post-7072","page","type-page","status-publish","hentry"],"aioseo_notices":[],"jetpack_sharing_enabled":true,"_links":{"self":[{"href":"https:\/\/abuelaana.com\/index.php\/wp-json\/wp\/v2\/pages\/7072"}],"collection":[{"href":"https:\/\/abuelaana.com\/index.php\/wp-json\/wp\/v2\/pages"}],"about":[{"href":"https:\/\/abuelaana.com\/index.php\/wp-json\/wp\/v2\/types\/page"}],"author":[{"embeddable":true,"href":"https:\/\/abuelaana.com\/index.php\/wp-json\/wp\/v2\/users\/1"}],"replies":[{"embeddable":true,"href":"https:\/\/abuelaana.com\/index.php\/wp-json\/wp\/v2\/comments?post=7072"}],"version-history":[{"count":17,"href":"https:\/\/abuelaana.com\/index.php\/wp-json\/wp\/v2\/pages\/7072\/revisions"}],"predecessor-version":[{"id":7990,"href":"https:\/\/abuelaana.com\/index.php\/wp-json\/wp\/v2\/pages\/7072\/revisions\/7990"}],"wp:attachment":[{"href":"https:\/\/abuelaana.com\/index.php\/wp-json\/wp\/v2\/media?parent=7072"}],"curies":[{"name":"wp","href":"https:\/\/api.w.org\/{rel}","templated":true}]}}