{"id":7606,"date":"2023-06-18T13:36:56","date_gmt":"2023-06-18T13:36:56","guid":{"rendered":"https:\/\/abuelaana.com\/?page_id=7606"},"modified":"2023-06-18T14:17:26","modified_gmt":"2023-06-18T14:17:26","slug":"confirmacion-suscripcion-boletin","status":"publish","type":"page","link":"https:\/\/abuelaana.com\/index.php\/confirmacion-suscripcion-boletin\/","title":{"rendered":"CONFIRMACI\u00d3N SUSCRIPCI\u00d3N BOLET\u00cdN DESC"},"content":{"rendered":"<h2 class=\"wp-block-heading has-text-align-center\">Te has suscrito a AbuelaAna.com<\/h2><p class=\"has-text-align-center\">Te hemos a\u00f1adido correctamente a la lista de correo. Recibir\u00e1s noticias muy pronto!<\/p><div class=\"wp-block-image\"><figure class=\"aligncenter size-full is-resized\"><img loading=\"lazy\" decoding=\"async\" src=\"https:\/\/abuelaana.com\/wp-content\/uploads\/2023\/06\/image-14.png\" alt=\"\" class=\"wp-image-7603\" width=\"162\" height=\"170\" srcset=\"https:\/\/abuelaana.com\/wp-content\/uploads\/2023\/06\/image-14.png 646w, https:\/\/abuelaana.com\/wp-content\/uploads\/2023\/06\/image-14-285x300.png 285w\" sizes=\"(max-width: 162px) 100vw, 162px\" \/><\/figure><\/div><h2 class=\"wp-block-heading has-text-align-center\"><span style=\"background-color:#01af8d\" class=\"has-inline-background\">C\u00d3DIGO DESCUENTO PARA TU PRIMERA COMPRA<\/span><\/h2><p>Este es tu cup\u00f3n descuento que deber\u00e1s usar en tu primera compra en AbuelaAna.com para beneficiarte de un 10% de descuento. \u00a1Menuda bienvenida!<\/p><h2 class=\"wp-block-heading has-text-align-center\"><strong><span style=\"background-color:#dd3333\" class=\"has-inline-background\">RYAZ7PAH<\/span><\/strong><\/h2><div style=\"height:28px\" aria-hidden=\"true\" class=\"wp-block-spacer\"><\/div><p>Condiciones:<\/p><ul class=\"wp-block-list\"><li>Descuento s\u00f3lo aplicable a la primera compra.<\/li>\n\n<li>El descuento se aplicar\u00e1 al valor total de todos los productos incluidos en el carrito.<\/li>\n\n<li>Sin l\u00edmite de productos ni importes.<\/li>\n\n<li>Promoci\u00f3n valida para canjear hasta el 12 de septiembre del 2023. <\/li><\/ul>","protected":false},"excerpt":{"rendered":"<p>Te has suscrito a AbuelaAna.com Te hemos a\u00f1adido correctamente a la lista de [&hellip;]<\/p>\n","protected":false},"author":1,"featured_media":0,"parent":0,"menu_order":0,"comment_status":"closed","ping_status":"closed","template":"","meta":{"_editorskit_title_hidden":true,"_editorskit_reading_time":0,"_editorskit_is_block_options_detached":false,"_editorskit_block_options_position":"{}","_monsterinsights_skip_tracking":false,"_monsterinsights_sitenote_active":false,"_monsterinsights_sitenote_note":"","_monsterinsights_sitenote_category":0,"jetpack_post_was_ever_published":false,"footnotes":""},"class_list":["post-7606","page","type-page","status-publish","hentry"],"aioseo_notices":[],"jetpack_sharing_enabled":true,"_links":{"self":[{"href":"https:\/\/abuelaana.com\/index.php\/wp-json\/wp\/v2\/pages\/7606"}],"collection":[{"href":"https:\/\/abuelaana.com\/index.php\/wp-json\/wp\/v2\/pages"}],"about":[{"href":"https:\/\/abuelaana.com\/index.php\/wp-json\/wp\/v2\/types\/page"}],"author":[{"embeddable":true,"href":"https:\/\/abuelaana.com\/index.php\/wp-json\/wp\/v2\/users\/1"}],"replies":[{"embeddable":true,"href":"https:\/\/abuelaana.com\/index.php\/wp-json\/wp\/v2\/comments?post=7606"}],"version-history":[{"count":4,"href":"https:\/\/abuelaana.com\/index.php\/wp-json\/wp\/v2\/pages\/7606\/revisions"}],"predecessor-version":[{"id":7613,"href":"https:\/\/abuelaana.com\/index.php\/wp-json\/wp\/v2\/pages\/7606\/revisions\/7613"}],"wp:attachment":[{"href":"https:\/\/abuelaana.com\/index.php\/wp-json\/wp\/v2\/media?parent=7606"}],"curies":[{"name":"wp","href":"https:\/\/api.w.org\/{rel}","templated":true}]}}