{"id":7673,"date":"2023-06-20T18:02:59","date_gmt":"2023-06-20T18:02:59","guid":{"rendered":"https:\/\/abuelaana.com\/?page_id=7673"},"modified":"2023-06-20T19:32:36","modified_gmt":"2023-06-20T19:32:36","slug":"condiciones-legales","status":"publish","type":"page","link":"https:\/\/abuelaana.com\/index.php\/condiciones-legales\/","title":{"rendered":"Condiciones legales"},"content":{"rendered":"<p class=\"body\">1. Objeto<\/p>\n<p class=\"body\">1.1. Las presentes condiciones legales regulan el uso y las condiciones de acceso del sitio Web <u><a href=\"https:\/\/abuelaana.com\" target=\"_blank\" rel=\"noopener\">http:\/\/www.<\/a>abuelaana.com<\/u> (de ahora en adelante el \u00absitio\u00bb), p\u00e1gina web propiedad de \u00abAbuela Ana.\u00bb.<\/p>\n<p class=\"body\">1.2. El uso o el acceso a este sitio implica que usted (en adelante \u00abusuario\u00bb) reconoce haber le\u00eddo y comprendido las presentes condiciones legales de uso, y acuerda cumplirlas en su totalidad.<\/p>\n<p class=\"body\">1.3. Si usted como usuario no est\u00e1 de acuerdo con alguna de las presentes condiciones deber\u00e1 dejar de acceder a este sitio.<\/p>\n<p class=\"body\">2. Propiedad del Sitio<\/p>\n<p class=\"body\">2.1. En el marco del cumplimiento de lo dispuesto en el Reglamento (UE) 2016\/679 del Parlamento Europeo y del Consejo de 27 de abril de 2016 relativo a la protecci\u00f3n de las personas f\u00edsicas en lo que respecta al tratamiento de datos personales y a la libre circulaci\u00f3n de estos datos, y a la LOPDGDD 3\/2018 , \u00abAbuela Ana\u00bb, informa a los usuarios de esta web que:<u><\/u><\/p>\n<p>\u00a0<\/p><ul class=\"wp-block-list\"><li><strong>Su denominaci\u00f3n comercial<\/strong>&nbsp;es Abuela Ana.<\/li>\n\n<li><strong>Su denominaci\u00f3n social<\/strong>&nbsp;es Meritxell Pau Paris<\/li>\n\n<li><strong>Su CIF\/ NIF<\/strong>&nbsp;39731610F<\/li>\n\n<li><strong>Su domicilio social est\u00e1 e<\/strong>n Plaza Jacint Verdaguer 20., C.P. 43810, El Pla de Santa Mar\u00eda, Tarragona.<\/li>\n\n<li><strong>Su actividad social es:<\/strong>&nbsp;Fabricaci\u00f3n y comercializaci\u00f3n g\u00e9neros de punto.<\/li><\/ul><p class=\"body\">2.2. Puede contactar con \u201cAbuela Ana\u201d en la direcci\u00f3n de correo electr\u00f3nico \u00ab<a href=\"mailto:info@abuelaana.com\" target=\"_blank\" rel=\"noopener\">info@abuelaana.com<\/a>\u00ab, as\u00ed como en la secci\u00f3n \u00abContacta con nosotros\u00bb del sitio web.<\/p>\n<p class=\"body\">2.3. Salvo que expresamente se establezca de otro modo, las comunicaciones con \u201cAbuela Ana\u201d se podr\u00e1n realizar mediante correo ordinario en la direcci\u00f3n f\u00edsica o mediante correo electr\u00f3nico. La compa\u00f1\u00eda se pondr\u00e1 en contacto con el Usuario v\u00eda correo electr\u00f3nico, en la direcci\u00f3n que obre en su poder o le sea facilitada al respecto.<\/p>\n<p class=\"body\">3. Funcionamiento del sitio<\/p>\n<p class=\"body\">3.1. \u201cAbuela Ana\u201d se reserva el derecho a modificar, en cualquier momento, unilateralmente y sin necesidad de previa notificaci\u00f3n a sus usuarios, los contenidos, la estructura, el funcionamiento o las condiciones de acceso de este sitio.<\/p>\n<p class=\"body\">3.2. No obstante, los usuarios del sitio son conscientes y aceptan que parte de la informaci\u00f3n contenida en \u00e9l podr\u00eda ser incorrecta, estar incompleta o anticuada, o contener errores tipogr\u00e1ficos. \u201cAbuela Ana\u201d no est\u00e1 obligada a actualizar el contenido de este sitio y no ser\u00e1 responsable de la no actualizaci\u00f3n de la informaci\u00f3n. Es de exclusiva responsabilidad del usuario evaluar la exactitud y\/o utilidad de cualquier informaci\u00f3n, consejo, opini\u00f3n, o cualquier otro contenido disponible a trav\u00e9s de este sitio.<\/p>\n<p class=\"body\">3.3. As\u00ed mismo \u201cAbuela Ana\u201d se reserva el derecho a suspender temporalmente, sin necesidad de previo aviso, el acceso a este sitio para realizar operaciones de mantenimiento, actualizaci\u00f3n, mejora o de reparaci\u00f3n.<\/p>\n<p class=\"body\">3.4. Est\u00e1 prohibido que el usuario utilice este sitio web para el env\u00edo, la transmisi\u00f3n o la publicaci\u00f3n de cualquier material ilegal, amenazante, calumnioso, difamatorio, propagand\u00edstico, escandaloso, obsceno, pornogr\u00e1fico, o cualquier otro material que pudiera dar lugar a responsabilidades civiles o penales conforme a la legislaci\u00f3n aplicable, hechos \u00e9stos de los que en cualquier caso ser\u00e1 responsable el usuario.<\/p>\n<p class=\"body\">3.5. \u201cAbuela Ana\u201d tampoco garantiza que este sitio web o los servidores que lo alojan est\u00e9n libres de virus y de otro tipo de software potencialmente peligroso, as\u00ed como la disponibilidad, continuidad, utilidad e infalibilidad del funcionamiento de este sitio, de sus servicios o sus contenidos; ni la licitud, fiabilidad o utilidad de la informaci\u00f3n y contenidos suministrados por terceros a trav\u00e9s de este sitio.<\/p>\n<p class=\"body\">3.6. Con car\u00e1cter general s\u00f3lo podr\u00e1n usar este sitio las personas f\u00edsicas y jur\u00eddicas con capacidad jur\u00eddica suficiente de acuerdo con la legislaci\u00f3n aplicable. De modo excepcional podr\u00e1n usar el sitio menores de edad que hayan obtenido previamente la autorizaci\u00f3n de sus padres o tutores legales, los cuales ser\u00e1n responsables del uso que el menor a su cargo haga del sitio.<\/p>\n<p class=\"body\">4. Comportamiento de los usuarios. Prohibiciones<\/p>\n<p class=\"body\">4.1. El uso de los contenidos y servicios ofrecidos por \u201cAbuela Ana\u201d ser\u00e1 bajo el exclusivo riesgo y responsabilidad del usuario.<\/p>\n<p class=\"body\">4.2. La compa\u00f1\u00eda no asume ning\u00fan deber o compromiso de verificar ni de vigilar los contenidos e informaciones introducidos por los usuarios.<\/p>\n<p class=\"body\">4.3. El usuario se compromete a utilizar el sitio web y todo su contenido y servicios de un modo diligente, siempre con sujeci\u00f3n a la Ley, a las buenas costumbres, y a las presentes condiciones generales, manteniendo siempre el respeto hacia los dem\u00e1s usuarios.<\/p>\n<p class=\"body\">4.4. Asimismo, el usuario se compromete a hacer un uso adecuado de los materiales e informaciones contenidos en el sitio web, no emple\u00e1ndolos para realizar actividades il\u00edcitas o constitutivas de delito, que atenten contra los derechos de terceros, o que infrinjan la regulaci\u00f3n sobre propiedad intelectual e industrial, o cualesquiera otras normas del ordenamiento jur\u00eddico aplicable, siendo el \u00fanico responsable frente a \u201cAbuela Ana\u201d y a terceros por el incumplimiento de lo aqu\u00ed establecido.<\/p>\n<p class=\"body\">4.5. El usuario se compromete a no trasmitir, introducir, difundir o poner a disposici\u00f3n de terceros, cualquier tipo de material e informaci\u00f3n contrarios a la Ley, a la moral, al orden p\u00fablico y a las presentes condiciones generales de uso.<\/p>\n<p class=\"body\">4.6. En todo caso, el usuario habr\u00e1 de aportar siempre una informaci\u00f3n veraz que no pueda llevar a ning\u00fan tipo de confusi\u00f3n, as\u00ed como datos identificativos correctos, y nunca suplantando a terceros o en nombre de \u00e9stos.<\/p>\n<p class=\"body\">4.7. En relaci\u00f3n a la infracci\u00f3n de cualquier irregularidad, recuerde que la direcci\u00f3n IP de su ordenador queda registrada por el simple acceso a nuestro sitio web.<\/p>\n<p class=\"body\">5. Propiedad intelectual e industrial<\/p>\n<p class=\"body\">5.1. Todos los contenidos del sitio, incluyendo, a t\u00edtulo enunciativo y no limitativo, las marcas comerciales, logotipos, gr\u00e1ficos, im\u00e1genes, archivos de sonido y v\u00eddeo, software, c\u00f3digo de programaci\u00f3n, textos, iconos, y los nombres que identifican servicios (en adelante \u00ablos materiales\u00bb) son propiedad de \u201cAbuela Ana\u201d y est\u00e1n protegidos por la legislaci\u00f3n vigente en materia de derechos de propiedad intelectual e industrial.<\/p>\n<p class=\"body\">5.2. El acceso del usuario a este sitio no implica ning\u00fan tipo de renuncia, transmisi\u00f3n ni cesi\u00f3n, total o parcial, de dichos derechos de propiedad, por esta raz\u00f3n, el acceso a estos contenidos o elementos no otorga, bajo ning\u00fan concepto, al usuario la posibilidad de su copia, venta, modificaci\u00f3n, reproducci\u00f3n, publicaci\u00f3n, cesi\u00f3n, transmisi\u00f3n, o creaci\u00f3n de nuevos productos o servicios derivados de la informaci\u00f3n y elementos aqu\u00ed contenidos.<\/p>\n<p class=\"body\">5.3. Es por ello que el usuario de este sitio no podr\u00e1, salvo previa autorizaci\u00f3n expresa y por escrito de \u201cAbuela Ana\u201d, copiar, distribuir, descargar, modificar, suprimir, borrar, alterar, publicar, transmitir, o aprovecharse de cualquier forma de los materiales que contiene.<\/p>\n<p class=\"body\">5.4. El usuario no adquiere derechos o licencia en relaci\u00f3n con el servicio ni los elementos en el mismo, excepto el derecho limitado a utilizar el servicio de acuerdo con las condiciones aplicables. \u00danicamente podr\u00e1 utilizar los contenidos o elementos a los que acceda a trav\u00e9s de los servicios de \u201cAbuela Ana\u201d para su propio uso y necesidades, oblig\u00e1ndose a no realizar ni directa, ni indirectamente una explotaci\u00f3n comercial, ni de los servicios, ni de los materiales, elementos, o informaci\u00f3n obtenidos a trav\u00e9s de los mismos.<\/p>\n<p class=\"body\">6. Informaci\u00f3n transmitida por los Usuarios<\/p>\n<p class=\"body\">6.1. Este sitio puede contener foros p\u00fablicos, salas de conversaci\u00f3n (\u00abchats\u00bb) y otros mecanismos mediante los cuales los usuarios pueden expresar su opini\u00f3n e intercambiar archivos en formato electr\u00f3nico. Las informaciones, las comunicaciones y los ficheros que se env\u00eden a trav\u00e9s de estos foros y salas, junto con las direcciones de correo electr\u00f3nico y otras comunicaciones divulgadas por los usuarios no tendr\u00e1n la consideraci\u00f3n de material confidencial.<\/p>\n<p class=\"body\">6.2. Cuando los usuarios transmitan o publiquen cualquier tipo de informaci\u00f3n a este sitio, estar\u00e1n otorgando autorizaci\u00f3n a \u201cAbuela Ana\u201d para utilizar dicha informaci\u00f3n, incluyendo, sin limitaci\u00f3n, la utilizaci\u00f3n, reproducci\u00f3n, transmisi\u00f3n, publicaci\u00f3n o env\u00edo de dicha informaci\u00f3n con cualquier objeto, incluyendo, sin limitaci\u00f3n, la reproducci\u00f3n, revelaci\u00f3n, transmisi\u00f3n, publicaci\u00f3n o env\u00edo de dicha informaci\u00f3n.<\/p>\n<p class=\"body\">6.3. \u201cAbuela Ana\u201d no asume responsabilidad alguna por el contenido de la informaci\u00f3n o de las comunicaciones enviadas por sus usuarios a trav\u00e9s de estas \u00e1reas.<\/p>\n<h2>\u00a0<\/h2>\n<p class=\"body\">7. Exclusi\u00f3n de garant\u00edas y Responsabilidades<\/p>\n<p class=\"body\">7.1. Toda la informaci\u00f3n contenida en este sitio se suministra \u00abtal cual\u00bb, sin que \u201cAbuela Ana\u201d otorgue garant\u00edas de ninguna clase, tanto expresas como impl\u00edcitas, relativas a la precisi\u00f3n, fiabilidad e integridad de este sitio. \u201cAbuela Ana\u201d no otorga ninguna garant\u00eda, expl\u00edcita o impl\u00edcita, incluyendo, a t\u00edtulo enunciativo y no limitativo, garant\u00edas por incumplimiento de calidad, de comerciabilidad o de idoneidad para un fin determinado.<\/p>\n<p class=\"body\">7.2. \u201cAbuela Ana\u201d tampoco garantiza que este sitio web, o los servidores que lo alojan, est\u00e9n libres de virus y de otros tipos de software potencialmente peligroso.<\/p>\n<p class=\"body\">7.3. \u201cAbuela Ana\u201d no garantiza la disponibilidad, continuidad, utilidad e infalibilidad del funcionamiento de este sitio, de sus servicios o de sus contenidos; ni la fiabilidad o utilidad de la informaci\u00f3n y contenidos suministrados por terceros a trav\u00e9s de este sitio. Pese a que \u201cAbuela Ana\u201d realiza todo esfuerzo razonable para garantizar la disponibilidad, acceso, continuidad, e infalibilidad del funcionamiento y de sus servicios, \u201cAbuela Ana\u201d no garantiza las mismas, pues pueden verse interferidas por numerosos factores ajenos a ella. En consecuencia, no ser\u00e1 responsable, (con los l\u00edmites establecidos en el ordenamiento jur\u00eddico vigente), por los da\u00f1os y perjuicios de toda naturaleza causados al usuario como consecuencia de la citada indisponibilidad, fallos de acceso y falta de continuidad.<\/p>\n<h2>\u00a0<\/h2>\n<p class=\"body\">8. Limitaci\u00f3n de responsabilidad<\/p>\n<p class=\"body\">8.1. \u201cAbuela Ana\u201d no se responsabilizar\u00e1 en forma alguna de cualquier da\u00f1o directo o indirecto, lucro cesante o p\u00e9rdida de datos y \/o clientes que se deriven del uso por parte de los usuarios o de la imposibilidad de uso de este sitio web.<\/p>\n<p class=\"body\">8.2. Este sitio puede contener v\u00ednculos hipertextuales (\u00abLinks\u00bb) y remisiones a otros sitios y p\u00e1ginas web que pueden no estar controlados por \u201cAbuela Ana\u201d, en estos casos \u201cAbuela Ana\u201d no se responsabilizar\u00e1 de los contenidos que puedan aparecer en dichas p\u00e1ginas.<\/p>\n<p class=\"body\">8.3. El usuario acepta expresamente dejar exenta a \u201cAbuela Ana\u201d de cualquier responsabilidad de los actos u omisiones del usuario basadas en los contenidos alojados en este sitio.<\/p>\n<p class=\"body\">8.4. El usuario entiende y acepta expresamente que cualquier tipo de contenido, software o cualquier otro tipo de material, que descargue u obtenga de cualquier otra forma a trav\u00e9s de este sitio se realiza por su cuenta y riesgo, y que \u00e9l como usuario ser\u00e1 el \u00fanico responsable de cualquier da\u00f1o o p\u00e9rdida de datos causados a sus sistemas inform\u00e1ticos.<\/p>\n<p class=\"body\">8.5. \u201cAbuela Ana\u201d ha puesto todos los medios razonables para asegurar que la informaci\u00f3n que contiene este sitio es correcta. No obstante, los usuarios del sitio aceptan conocer que parte de la informaci\u00f3n contenida en este sitio podr\u00eda ser incorrecta, estar incompleta o anticuada, o contener errores.<\/p>\n<h2>\u00a0<\/h2>\n<p class=\"body\">9. Derecho de exclusi\u00f3n y nulidad parcial<\/p>\n<p class=\"body\">9.1. \u201cAbuela Ana\u201d se reserva el derecho de cancelar, eliminar, o desautorizar la utilizaci\u00f3n de todos o alguno de los servicios del sitio web a cualquier usuario sin necesidad de previo aviso si a su criterio, y en cualquier tipo de circunstancia, \u00e9ste estuviera realizando un uso incorrecto del mismo.<\/p>\n<p class=\"body\">9.2. Si un Tribunal competente resuelve que cualquiera de las disposiciones contenidas en estas condiciones legales es il\u00edcita o nula, tal disposici\u00f3n ser\u00e1 excluida si as\u00ed se requiriera legalmente. El usuario acepta expresamente que el resto de las disposiciones no excluidas no se ver\u00e1n modificadas, y que seguir\u00e1n teniendo plena vigencia.<\/p>\n<h2>\u00a0<\/h2>\n<p class=\"body\">10. Ley aplicable y Jurisdicci\u00f3n<\/p>\n<p class=\"body\">10.1 Este sitio se encuentra ubicado y es operado desde Espa\u00f1a. Todas las cuestiones relativas a este sitio se rigen por las leyes espa\u00f1olas y se someten a la jurisdicci\u00f3n de los Juzgados y Tribunales competentes de Espa\u00f1a, sin que sean de aplicaci\u00f3n los principios sobre conflicto de leyes. En aquellos casos en que el usuario no tenga la condici\u00f3n de consumidor, o que tenga su domicilio fuera de Espa\u00f1a, \u201cAbuela Ana\u201d y el usuario se someter\u00e1n a los Juzgados y Tribunales de \u00abTarragona\u00bb, con renuncia expresa a cualquier otro fuero que pudiera corresponderles.<\/p>\n<p class=\"body\">10.2. Si el usuario decide utilizar o consultar este sitio desde fuera de Espa\u00f1a, deber\u00e1 tener presente que lo hace por propia iniciativa, y que es responsable del cumplimiento de las leyes locales pertinentes.<\/p>\n<h2>\u00a0<\/h2>\n<p class=\"body\">11. Duraci\u00f3n y revisi\u00f3n<\/p>\n<p class=\"body\">11.1. Pese a que la relaci\u00f3n jur\u00eddica entre \u201cAbuela Ana\u201d y el usuario, derivada del acceso y utilizaci\u00f3n del sitio, tiene una duraci\u00f3n indefinida, \u00e9sta se considerar\u00e1 finalizada en el momento que la compa\u00f1\u00eda modifique las presentes condiciones generales. En el momento en el que la compa\u00f1\u00eda anuncie la modificaci\u00f3n de las condiciones generales, y el usuario acceda y utilice los servicios y contenidos del sitio, se considerar\u00e1 iniciada una nueva relaci\u00f3n jur\u00eddica entre ambas partes de car\u00e1cter igualmente indefinido.<\/p>\n<p class=\"body\">11.2. Sin perjuicio de lo anterior, la empresa \u201cAbuela Ana\u201d est\u00e1 facultada para suspender, interrumpir, o dar por finalizada de modo unilateral, en cualquier momento y sin necesidad de preaviso ni justa causa, la prestaci\u00f3n de cualquiera de los servicios que ofrece.<\/p>\n<p class=\"body\">11.3. \u201cAbuela Ana\u201d se reserva el derecho a revisar, unilateralmente y sin previo aviso, las presentes condiciones de uso en cualquier momento. Las condiciones revisadas entrar\u00e1n en vigor tan pronto queden publicadas en este sitio. Si el usuario hace uso habitual de este sitio deber\u00e1 revisar las condiciones con regularidad, y se abstendr\u00e1 de acceder al sitio si no considerara aceptables cualquiera de las condiciones revisadas.<\/p>\n<h2>\u00a0<\/h2>\n<p class=\"body\">12. Plazos de entrega de los servicios<\/p>\n<p class=\"body\">12.1. Los plazos de entrega var\u00edan seg\u00fan el tipo de env\u00edo:<\/p>\n<p class=\"body\">Entre 1 y 5 d\u00edas laborables para env\u00edos normales peninsulares y a las Islas Baleares.<\/p>\n<p class=\"body\">En el caso de surgir alg\u00fan problema el env\u00edo podr\u00eda llegar a demorarse unos 15 d\u00edas.<\/p>\n<p class=\"body\">Consultar para env\u00edos a Ceuta, Melilla e Islas Canarias.<\/p>\n<p class=\"body\">13. M\u00e9todos de pago aceptados<\/p>\n<p class=\"body\">Los pedidos online podr\u00e1n pagarse a trav\u00e9s de los siguientes m\u00e9todos de pago:<\/p>\n<p class=\"body\">&#8211; Tarjeta de d\u00e9bito o cr\u00e9dito: ser\u00e1s redirigido a la plataforma de pago de BBVA en la que se te pedir\u00e1 el n\u00famero de tarjeta, caducidad de la misma y n\u00famero CVC. Dependiendo de tu banco, se te puede pedir una doble comprobaci\u00f3n ya sea a trav\u00e9s de la banca m\u00f3vil de tu banco o a trav\u00e9s de c\u00f3digo de seguridad que te aportar\u00e1 tu banco. En ning\u00fan caso Abuela Ana se quedar\u00e1 ning\u00fan dato relacionado a la tarjeta ni la guardar\u00e1 para futuras compras.<\/p>\n<p class=\"body\">&#8211; Paypal: ser\u00e1s redirigido a la plataforma de pago de Paypal donde deber\u00e1s introducir tu cuenta o crear una nueva.<\/p><div style=\"height:23px\" aria-hidden=\"true\" class=\"wp-block-spacer\"><\/div><div class=\"wp-block-image\"><figure class=\"aligncenter size-full\"><img loading=\"lazy\" decoding=\"async\" width=\"497\" height=\"497\" src=\"https:\/\/abuelaana.com\/wp-content\/uploads\/2023\/06\/cropped-cropped-cropped-logo-abuela-ana-1.png\" alt=\"\" class=\"wp-image-7424\" srcset=\"https:\/\/abuelaana.com\/wp-content\/uploads\/2023\/06\/cropped-cropped-cropped-logo-abuela-ana-1.png 497w, https:\/\/abuelaana.com\/wp-content\/uploads\/2023\/06\/cropped-cropped-cropped-logo-abuela-ana-1-100x100.png 100w, https:\/\/abuelaana.com\/wp-content\/uploads\/2023\/06\/cropped-cropped-cropped-logo-abuela-ana-1-300x300.png 300w, https:\/\/abuelaana.com\/wp-content\/uploads\/2023\/06\/cropped-cropped-cropped-logo-abuela-ana-1-150x150.png 150w\" sizes=\"(max-width: 497px) 100vw, 497px\" \/><\/figure><\/div>","protected":false},"excerpt":{"rendered":"<p>1. Objeto 1.1. Las presentes condiciones legales regulan el uso y las condiciones [&hellip;]<\/p>\n","protected":false},"author":1,"featured_media":0,"parent":0,"menu_order":0,"comment_status":"closed","ping_status":"closed","template":"","meta":{"_editorskit_title_hidden":false,"_editorskit_reading_time":0,"_editorskit_is_block_options_detached":false,"_editorskit_block_options_position":"{}","_monsterinsights_skip_tracking":false,"_monsterinsights_sitenote_active":false,"_monsterinsights_sitenote_note":"","_monsterinsights_sitenote_category":0,"jetpack_post_was_ever_published":false,"footnotes":""},"class_list":["post-7673","page","type-page","status-publish","hentry"],"aioseo_notices":[],"jetpack_sharing_enabled":true,"_links":{"self":[{"href":"https:\/\/abuelaana.com\/index.php\/wp-json\/wp\/v2\/pages\/7673"}],"collection":[{"href":"https:\/\/abuelaana.com\/index.php\/wp-json\/wp\/v2\/pages"}],"about":[{"href":"https:\/\/abuelaana.com\/index.php\/wp-json\/wp\/v2\/types\/page"}],"author":[{"embeddable":true,"href":"https:\/\/abuelaana.com\/index.php\/wp-json\/wp\/v2\/users\/1"}],"replies":[{"embeddable":true,"href":"https:\/\/abuelaana.com\/index.php\/wp-json\/wp\/v2\/comments?post=7673"}],"version-history":[{"count":4,"href":"https:\/\/abuelaana.com\/index.php\/wp-json\/wp\/v2\/pages\/7673\/revisions"}],"predecessor-version":[{"id":8934,"href":"https:\/\/abuelaana.com\/index.php\/wp-json\/wp\/v2\/pages\/7673\/revisions\/8934"}],"wp:attachment":[{"href":"https:\/\/abuelaana.com\/index.php\/wp-json\/wp\/v2\/media?parent=7673"}],"curies":[{"name":"wp","href":"https:\/\/api.w.org\/{rel}","templated":true}]}}