{"id":8002,"date":"2023-08-08T21:33:53","date_gmt":"2023-08-08T19:33:53","guid":{"rendered":"https:\/\/abuelaana.com\/?page_id=8002"},"modified":"2023-08-08T22:08:01","modified_gmt":"2023-08-08T20:08:01","slug":"politica-de-cookies","status":"publish","type":"page","link":"https:\/\/abuelaana.com\/index.php\/politica-de-cookies\/","title":{"rendered":"Pol\u00edtica de cookies"},"content":{"rendered":"<p><strong>1. Datos identificativos<\/strong>:<\/p><p>La presente pol\u00edtica de cookies viene a complementar la\u00a0<a href=\"https:\/\/abuelaana.com\/index.php\/politica-deprivacidad\/\" class=\"ek-link\">pol\u00edtica de privacidad<\/a>\u00a0del Sitio Web https:\/\/www.abuelaana.com\/.<\/p><p>Puedes contactar para cualquier aspecto relativo a la presente pol\u00edtica de cookies en info@abuelaana.com<\/p><p><strong>2. Qu\u00e9 son las cookies<\/strong>:<\/p><p>Las cookies son peque\u00f1as piezas de datos, almacenadas en archivos de texto, que se almacenan en tu ordenador u otro dispositivo cuando se cargan webs en un navegador. Se usan ampliamente para \u2018recordarte\u2019 a ti y tus preferencias, ya sea para una sola visita (a trav\u00e9s de una \u2018cookie de sesi\u00f3n\u2019) o para m\u00faltiples visitas repetidas (usando una \u2018cookie persistente\u2019). Aseguran una experiencia consistente y eficiente a los visitantes, y realizan funciones esenciales como permitir que los usuarios se registren y permanezcan conectados. Las cookies las pueden crear el sitio que est\u00e1s visitando (conocidas como \u2018 cookies propias), o por terceros, tales como aquellas que sirven contenido o proporcionan servicios de publicidad o servicios de anal\u00edtica en el sitio web (\u2018 cookies de terceros\u2019).<\/p><p><strong>2.1. Qu\u00e9 tipos de cookies existen<\/strong>:<\/p><p>Existen diferentes categor\u00edas de cookies, pero una misma cookie puede estar incluida en m\u00e1s de una categor\u00eda:<\/p><p><strong>2.1.1. Tipos de cookies seg\u00fan la entidad que las gestione<\/strong>:<\/p><p>Seg\u00fan quien sea la entidad que gestione el equipo o dominio desde donde se env\u00edan las cookies y trate los datos que se obtengan, podemos distinguir:<\/p><p><strong>&#8211; Cookies propias<\/strong>:<\/p><p>Son aqu\u00e9llas que se env\u00edan al equipo terminal del usuario desde un equipo o dominio gestionado por el titular\/editor del Sitio Web y desde el que se presta el servicio solicitado por el usuario.<\/p><p><strong>&#8211; Cookies de tercero<\/strong>:<\/p><p>Son aqu\u00e9llas que se env\u00edan al equipo terminal del usuario desde un equipo o dominio que no es gestionado por el titular\/editor del Sitio Web, sino por otra entidad que trata los datos obtenidos trav\u00e9s de las cookies.<br>En caso de que las cookies sean instaladas desde un equipo o dominio gestionado por el propio titular\/editor del Sitio Web pero la informaci\u00f3n que se recoja mediante \u00e9stas sea gestionada por un tercero, no pueden ser consideradas como cookies propias si el tercero las utiliza para sus propias finalidades (por ejemplo la mejora de los servicios que presta o la prestaci\u00f3n de servicios de car\u00e1cter publicitario a favor de otras entidades).<\/p><p><strong>2.1.2. Tipos de cookie seg\u00fan el plazo de tiempo que permanecen activadas<\/strong>:<\/p><p>Seg\u00fan el plazo de tiempo que permanecen activadas en el equipo terminal podemos distinguir:<\/p><p><strong>&#8211; Cookies de sesi\u00f3n<\/strong>:<\/p><p>Son aquellas dise\u00f1adas para recabar y almacenar datos mientras el usuario accede a una p\u00e1gina web. Se suelen emplear para almacenar informaci\u00f3n que solo interesa conservar para la prestaci\u00f3n del servicio solicitado por el usuario en una sola ocasi\u00f3n&nbsp; (por ejemplo, una lista de productos adquiridos) y desaparecen al terminar la sesi\u00f3n.<\/p><p><strong>&#8211; Cookies persistentes<\/strong>:<\/p><p>Son aquellas en las que los datos siguen almacenados en el terminal y pueden ser accedidos y tratados durante un periodo definido por el responsable de la cookie, y que puede ir de unos minutos a varios a\u00f1os.<\/p><p><strong>2.1.3. Tipo de cookie seg\u00fan su finalidad<\/strong>:<\/p><p>Seg\u00fan la finalidad para la que se traten los datos obtenidos a trav\u00e9s de las cookies, podemos distinguir entre:<\/p><p><strong>&#8211; Cookies t\u00e9cnicas o funcionales<\/strong>:<\/p><p>Son aquellas que permiten al usuario la navegaci\u00f3n a trav\u00e9s de una p\u00e1gina web, plataforma o aplicaci\u00f3n y la utilizaci\u00f3n de las diferentes opciones o servicios que en ella existan, incluyendo aquellas que el editor utiliza para permitir la gesti\u00f3n y operativa de la p\u00e1gina web y habilitar sus funciones y servicios, como, por ejemplo, controlar el tr\u00e1fico y la comunicaci\u00f3n de datos, identificar la sesi\u00f3n, acceder a partes de acceso restringido, recordar los elementos que integran un pedido, realizar el proceso de compra de un pedido, gestionar el pago, controlar el fraude vinculado a la seguridad del servicio, realizar la solicitud de inscripci\u00f3n o participaci\u00f3n en un evento, contar visitas a efectos de la facturaci\u00f3n de licencias del software con el que funciona el servicio (sitio web, plataforma o aplicaci\u00f3n), utilizar elementos de seguridad durante la navegaci\u00f3n, almacenar contenidos para la difusi\u00f3n de v\u00eddeos o sonido, habilitar contenidos din\u00e1micos (por ejemplo, animaci\u00f3n de carga de un texto o imagen) o compartir contenidos a trav\u00e9s de redes sociales.<\/p><p>Tambi\u00e9n pertenecen a esta categor\u00eda, por su naturaleza t\u00e9cnica, aquellas cookies que permiten la gesti\u00f3n, de la forma m\u00e1s eficaz posible, de los espacios publicitarios que, como un elemento m\u00e1s de dise\u00f1o o \u201cmaquetaci\u00f3n\u201d del servicio ofrecido al usuario, el editor haya incluido en una p\u00e1gina web, aplicaci\u00f3n o plataforma en base a criterios como el contenido editado, sin que se recopile informaci\u00f3n de los usuarios con fines distintos, como puede ser personalizar ese contenido publicitario u otros contenidos.<\/p><p>Las cookies t\u00e9cnicas estar\u00e1n exceptuadas del cumplimiento de la obligaci\u00f3n de la obtenci\u00f3n del consentimiento del usuario para su instalaci\u00f3n, cuando sirvan para prestar el servicio solicitado por el usuario, como ocurre en el caso de las cookies enumeradas en los p\u00e1rrafos anteriores. Sin embargo, si estas cookies se utilizan tambi\u00e9n para finalidades no exentas (por ejemplo, para fines publicitarios comportamentales), quedar\u00e1n sujetas a dicha obligaci\u00f3n.<\/p><p><strong>&#8211; Cookies de preferencias o personalizaci\u00f3n<\/strong>:<\/p><p>Son aquellas que permiten recordar informaci\u00f3n para que el usuario acceda al servicio con determinadas caracter\u00edsticas que pueden diferenciar su experiencia de la de otros usuarios, como, por ejemplo, el idioma, el n\u00famero de resultados a mostrar cuando el usuario realiza una b\u00fasqueda, el aspecto o contenido del servicio en funci\u00f3n del tipo de navegador a trav\u00e9s del cual el usuario accede al servicio o de la regi\u00f3n desde la que accede al servicio, etc. Si es el propio usuario quien elige esas caracter\u00edsticas (por ejemplo, si selecciona el idioma de un sitio web clicando en el icono de la bandera del pa\u00eds correspondiente), las cookies estar\u00e1n exceptuadas de la obligaci\u00f3n de obtener el consentimiento del usuario para su instalaci\u00f3n, por considerarse un servicio expresamente solicitado por el usuario, y ello siempre y cuando las cookies obedezcan exclusivamente a la finalidad seleccionada.<\/p><p><strong>&#8211; Cookies anal\u00edticas de an\u00e1lisis o medici\u00f3n<\/strong>:<\/p><p>Son aquellas que permiten al responsable de las mismas el seguimiento y an\u00e1lisis del comportamiento de los usuarios de los sitios web a los que est\u00e1n vinculadas, incluida la cuantificaci\u00f3n de los impactos de los anuncios.<\/p><p>La informaci\u00f3n recogida mediante este tipo de cookies se utiliza en la medici\u00f3n de la actividad de los sitios web, aplicaci\u00f3n o plataforma, con el fin de introducir mejoras en funci\u00f3n del an\u00e1lisis de los datos de uso que hacen los usuarios del servicio.<\/p><p>Es poco probable que este tipo de cookies representen un riesgo para la privacidad de los usuarios siempre que se trate de cookies de primera parte, que traten datos agregados con una finalidad estrictamente estad\u00edstica, que se facilite informaci\u00f3n sobre sus usos y se incluya la posibilidad de que los usuarios manifiesten su negativa sobre su utilizaci\u00f3n.<\/p><p><strong>&#8211; Cookies publicitarias o de publicidad comportamental<\/strong>:<\/p><p>Son aquellas que almacenan informaci\u00f3n del comportamiento de los usuarios obtenida a trav\u00e9s de la observaci\u00f3n continuada de sus h\u00e1bitos de navegaci\u00f3n, lo que permite desarrollar un perfil espec\u00edfico para mostrar publicidad en funci\u00f3n del mismo y dirigir anuncios al usuario sobre los productos y\/o servicios que el mismo ha visitado, comprado y\/o utilizado en un sitio web. Tambi\u00e9n se utilizan dichas cookies para medir el rendimiento de las campa\u00f1as publicitarias.<\/p><p><strong>3. Informaci\u00f3n sobre como prestar el consentimiento a la instalaci\u00f3n de cookies, revocarlo o cambiar la configuraci\u00f3n de cookies:<\/strong><\/p><p><strong>3.1. C\u00f3mo prestar el consentimiento:<\/strong><\/p><p>Cuando entras al Sitio Web por primera vez, salta un banner informativo o primera capa de pol\u00edtica de cookies en la que se indica qu\u00e9 tipo de cookies no t\u00e9cnicas o funcionales se instalar\u00e1n en tu dispositivo( navegador).<\/p><p>Si pulsas en ACEPTAR se instalar\u00e1n todas las cookies no t\u00e9cnicas y por tanto estar\u00e1s aceptando que se analice tu navegaci\u00f3n y se te ofrezcan anuncios personalizados.<\/p><p>Puedes configurar el tipo de cookies que quieres que se instalen en tu navegador pulsando en CONFIGURAR, con la posibilidad de rechazar todas las cookies.<\/p><p><strong>3.2. C\u00f3mo revocar el consentimiento:<\/strong><\/p><p>Puedes revocar tu consentimiento entrando la pol\u00edtica de cookies y pulsando sobre el enlace \u201ccambiar la configuraci\u00f3n de cookies\u201d.<\/p><p><strong>3. C\u00f3mo desactivar y\/o bloquear las cookies:<\/strong><\/p><p>Puedes inhabilitar Google Analytics en:<\/p><p><a href=\"https:\/\/tools.google.com\/dlpage\/gaoptout?hl=es\">https:\/\/tools.google.com\/dlpage\/gaoptout?hl=es<\/a><\/p><p>Adem\u00e1s, podr\u00e1s -en cualquier momento- gestionar el uso de cookies a trav\u00e9s del navegador instalado en su terminal. En los enlaces siguientes puede encontrarse informaci\u00f3n sobre qu\u00e9 cookies tiene el usuario instaladas en su navegador, permitir su instalaci\u00f3n, bloquearlas o eliminarlas de su equipo:<\/p><p>Chrome:<\/p><p><a href=\"http:\/\/support.google.com\/chrome\/answer\/95647?hl=es\">http:\/\/support.google.com\/chrome\/answer\/95647?hl=es<\/a><\/p><p>Edge:<\/p><p><a href=\"https:\/\/support.microsoft.com\/es-es\/microsoft-edge\/eliminar-las-cookies-en-microsoft-edge-63947406-40ac-c3b8-57b9-2a946a29ae09\">https:\/\/support.microsoft.com\/es-es\/microsoft-edge\/eliminar-las-cookies-en-microsoft-edge-63947406-40ac-c3b8-57b9-2a946a29ae09<\/a><\/p><p>Explorer:<\/p><p><a href=\"https:\/\/support.microsoft.com\/es-es\/help\/278835\/how-to-delete-cookie-files-in-internet-explorer\">https:\/\/support.microsoft.com\/es-es\/help\/278835\/how-to-delete-cookie-files-in-internet-explorer<\/a><\/p><p>Firefox:<\/p><p><a href=\"https:\/\/www.mozilla.org\/es-ES\/privacy\/websites\/#cookies\">https:\/\/www.mozilla.org\/es-ES\/privacy\/websites\/#cookies<\/a><\/p><p>Safari:<\/p><p><a href=\"https:\/\/support.apple.com\/es-es\/guide\/safari\/sfri11471\/mac\">https:\/\/support.apple.com\/es-es\/guide\/safari\/sfri11471\/mac<\/a><\/p><p>Opera:<\/p><p><a href=\"https:\/\/help.opera.com\/en\/latest\/security-and-privacy\/#clearBrowsingData\">https:\/\/help.opera.com\/en\/latest\/security-and-privacy\/#clearBrowsingData<\/a><\/p><p>Los navegadores web son las herramientas encargadas de almacenar las cookies y desde este lugar el usuario puede ejercitar su derecho a eliminaci\u00f3n o desactivaci\u00f3n de estas. Abuelaana.com no puede pueden garantizar la correcta o incorrecta manipulaci\u00f3n de las cookies por parte de los mencionados navegadores.<\/p><p>En algunos casos es necesario instalar cookies para que el navegador no olvide la decisi\u00f3n del usuario de no aceptaci\u00f3n de estas.<\/p><p>Tambi\u00e9n, existen herramientas de terceros, disponibles online, que permiten a los usuarios detectar las cookies en cada sitio web que visita y gestionar su desactivaci\u00f3n, como por ejemplo Ghostery (<a href=\"https:\/\/www.ghostery.com\/\">https:\/\/www.ghostery.com\/<\/a>).<\/p><figure class=\"wp-block-image size-full\"><img loading=\"lazy\" decoding=\"async\" width=\"577\" height=\"433\" src=\"https:\/\/abuelaana.com\/wp-content\/uploads\/2023\/07\/Abuela__Grafico_negro-removebg-preview.png\" alt=\"\" class=\"wp-image-7908\" srcset=\"https:\/\/abuelaana.com\/wp-content\/uploads\/2023\/07\/Abuela__Grafico_negro-removebg-preview.png 577w, https:\/\/abuelaana.com\/wp-content\/uploads\/2023\/07\/Abuela__Grafico_negro-removebg-preview-300x225.png 300w\" sizes=\"(max-width: 577px) 100vw, 577px\" \/><\/figure>","protected":false},"excerpt":{"rendered":"<p>1. Datos identificativos: La presente pol\u00edtica de cookies viene a complementar la\u00a0pol\u00edtica de [&hellip;]<\/p>\n","protected":false},"author":1,"featured_media":0,"parent":0,"menu_order":0,"comment_status":"closed","ping_status":"closed","template":"","meta":{"_editorskit_title_hidden":false,"_editorskit_reading_time":0,"_editorskit_is_block_options_detached":false,"_editorskit_block_options_position":"{}","_monsterinsights_skip_tracking":false,"_monsterinsights_sitenote_active":false,"_monsterinsights_sitenote_note":"","_monsterinsights_sitenote_category":0,"jetpack_post_was_ever_published":false,"footnotes":""},"class_list":["post-8002","page","type-page","status-publish","hentry"],"aioseo_notices":[],"jetpack_sharing_enabled":true,"_links":{"self":[{"href":"https:\/\/abuelaana.com\/index.php\/wp-json\/wp\/v2\/pages\/8002"}],"collection":[{"href":"https:\/\/abuelaana.com\/index.php\/wp-json\/wp\/v2\/pages"}],"about":[{"href":"https:\/\/abuelaana.com\/index.php\/wp-json\/wp\/v2\/types\/page"}],"author":[{"embeddable":true,"href":"https:\/\/abuelaana.com\/index.php\/wp-json\/wp\/v2\/users\/1"}],"replies":[{"embeddable":true,"href":"https:\/\/abuelaana.com\/index.php\/wp-json\/wp\/v2\/comments?post=8002"}],"version-history":[{"count":4,"href":"https:\/\/abuelaana.com\/index.php\/wp-json\/wp\/v2\/pages\/8002\/revisions"}],"predecessor-version":[{"id":8940,"href":"https:\/\/abuelaana.com\/index.php\/wp-json\/wp\/v2\/pages\/8002\/revisions\/8940"}],"wp:attachment":[{"href":"https:\/\/abuelaana.com\/index.php\/wp-json\/wp\/v2\/media?parent=8002"}],"curies":[{"name":"wp","href":"https:\/\/api.w.org\/{rel}","templated":true}]}}