{"id":8958,"date":"2025-09-07T02:23:50","date_gmt":"2025-09-07T00:23:50","guid":{"rendered":"https:\/\/abuelaana.com\/?page_id=8958"},"modified":"2025-09-07T02:23:52","modified_gmt":"2025-09-07T00:23:52","slug":"siguenos-en-nuestras-redes-sociales","status":"publish","type":"page","link":"https:\/\/abuelaana.com\/index.php\/siguenos-en-nuestras-redes-sociales\/","title":{"rendered":"S\u00edguenos en nuestras redes sociales"},"content":{"rendered":"\n<div id=\"sb_instagram\"  class=\"sbi sbi_mob_col_1 sbi_tab_col_2 sbi_col_4 sbi_width_resp\" style=\"padding-bottom: 10px;\" data-feedid=\"*1\"  data-res=\"auto\" data-cols=\"4\" data-colsmobile=\"1\" data-colstablet=\"2\" data-num=\"4\" data-nummobile=\"1\" data-item-padding=\"5\" data-shortcode-atts=\"{&quot;feed&quot;:&quot;1&quot;}\"  data-postid=\"8958\" data-locatornonce=\"e82543f8e1\" data-sbi-flags=\"favorLocal,gdpr\">\n\t<div class=\"sb_instagram_header  sbi_large\"   >\n\t<a class=\"sbi_header_link\" target=\"_blank\" rel=\"nofollow noopener\" href=\"https:\/\/www.instagram.com\/abuelaanakits\/\" title=\"@abuelaanakits\">\n\t\t<div class=\"sbi_header_text\">\n\t\t\t<div class=\"sbi_header_img\"  data-avatar-url=\"https:\/\/scontent-cdg4-2.xx.fbcdn.net\/v\/t51.2885-15\/378616260_338101158657679_3796523775755382020_n.jpg?_nc_cat=101&amp;ccb=1-7&amp;_nc_sid=7d201b&amp;_nc_ohc=Fck9CXfw8t0Q7kNvwHq_43g&amp;_nc_oc=AdoPQUv0Ltn_UcoDxdvLZCbgKpyX4nxd9uBLIGQgk2vT8ureJHRwaureGkkbc46ycbO6Uf9JP6hwDLcntwu1vAvc&amp;_nc_zt=23&amp;_nc_ht=scontent-cdg4-2.xx&amp;edm=AL-3X8kEAAAA&amp;oh=00_Af1NxrEuzUZNgGGDKcb0EA0Lu08VaeBQe2Tg8NGhUkBMNw&amp;oe=69F7AF42\">\n\t\t\t\t\t\t\t\t\t<div class=\"sbi_header_img_hover\"  ><svg class=\"sbi_new_logo fa-instagram fa-w-14\" aria-hidden=\"true\" data-fa-processed=\"\" aria-label=\"Instagram\" data-prefix=\"fab\" data-icon=\"instagram\" role=\"img\" viewBox=\"0 0 448 512\">\n\t                <path fill=\"currentColor\" d=\"M224.1 141c-63.6 0-114.9 51.3-114.9 114.9s51.3 114.9 114.9 114.9S339 319.5 339 255.9 287.7 141 224.1 141zm0 189.6c-41.1 0-74.7-33.5-74.7-74.7s33.5-74.7 74.7-74.7 74.7 33.5 74.7 74.7-33.6 74.7-74.7 74.7zm146.4-194.3c0 14.9-12 26.8-26.8 26.8-14.9 0-26.8-12-26.8-26.8s12-26.8 26.8-26.8 26.8 12 26.8 26.8zm76.1 27.2c-1.7-35.9-9.9-67.7-36.2-93.9-26.2-26.2-58-34.4-93.9-36.2-37-2.1-147.9-2.1-184.9 0-35.8 1.7-67.6 9.9-93.9 36.1s-34.4 58-36.2 93.9c-2.1 37-2.1 147.9 0 184.9 1.7 35.9 9.9 67.7 36.2 93.9s58 34.4 93.9 36.2c37 2.1 147.9 2.1 184.9 0 35.9-1.7 67.7-9.9 93.9-36.2 26.2-26.2 34.4-58 36.2-93.9 2.1-37 2.1-147.8 0-184.8zM398.8 388c-7.8 19.6-22.9 34.7-42.6 42.6-29.5 11.7-99.5 9-132.1 9s-102.7 2.6-132.1-9c-19.6-7.8-34.7-22.9-42.6-42.6-11.7-29.5-9-99.5-9-132.1s-2.6-102.7 9-132.1c7.8-19.6 22.9-34.7 42.6-42.6 29.5-11.7 99.5-9 132.1-9s102.7-2.6 132.1 9c19.6 7.8 34.7 22.9 42.6 42.6 11.7 29.5 9 99.5 9 132.1s2.7 102.7-9 132.1z\"><\/path>\n\t            <\/svg><\/div>\n\t\t\t\t\t<img loading=\"lazy\" decoding=\"async\"  src=\"https:\/\/abuelaana.com\/wp-content\/uploads\/sb-instagram-feed-images\/abuelaanakits.webp\" alt=\"Abuela Ana\" width=\"50\" height=\"50\">\n\t\t\t\t\t\t\t\t\t\t\t<\/div>\n\n\t\t\t<div class=\"sbi_feedtheme_header_text\">\n\t\t\t\t<h3 style=\"color: rgb(0,0,0);\">abuelaanakits<\/h3>\n\t\t\t\t\t\t\t\t\t<p class=\"sbi_bio\" style=\"color: rgb(0,0,0);\">\u00a1No pierdas el hilo! S\u00edguenos en Instagram<\/p>\n\t\t\t\t\t\t\t<\/div>\n\t\t<\/div>\n\t<\/a>\n<\/div>\n\n    <div id=\"sbi_images\"  style=\"gap: 10px;\">\n\t\t<div class=\"sbi_item sbi_type_video sbi_new sbi_transition\" id=\"sbi_17924762793207807\" data-date=\"1767445792\">\n    <div class=\"sbi_photo_wrap\">\n        <a class=\"sbi_photo\" href=\"https:\/\/www.instagram.com\/reel\/DTDLE8JjHI6\/\" target=\"_blank\" rel=\"noopener nofollow\" data-full-res=\"https:\/\/scontent-cdg4-2.cdninstagram.com\/v\/t51.82787-15\/609665728_17976647945967892_6100979577128765360_n.jpg?stp=dst-jpg_e35_tt6&#038;_nc_cat=107&#038;ccb=7-5&#038;_nc_sid=18de74&#038;efg=eyJlZmdfdGFnIjoiQ0xJUFMuYmVzdF9pbWFnZV91cmxnZW4uQzMifQ%3D%3D&#038;_nc_ohc=PmW7gDq2yy4Q7kNvwFyLolJ&#038;_nc_oc=AdqgDa5HGMYU3PNJ-vb-fPbPz2gDNyxJ8kbkhEU4mgttigZVEd_O7dqlMz09Gb3C5etF-0Jt2JBJdCSGrAvw5F3S&#038;_nc_zt=23&#038;_nc_ht=scontent-cdg4-2.cdninstagram.com&#038;edm=AM6HXa8EAAAA&#038;_nc_gid=BEUY5vobrfzNSo8HIqd0cw&#038;_nc_tpa=Q5bMBQGmVGsJzQRCIMF2sd56tGpFJRuOZQhz5nEMCJ9XbrkcLusoaBhEonomPmRrNqj9T0BAQ2azqsVH&#038;oh=00_Af0E4JHCkkX2On3DqcAAj6bkRj4toXvcJNMNLX47sqwxlQ&#038;oe=69F7BD75\" data-img-src-set=\"{&quot;d&quot;:&quot;https:\\\/\\\/scontent-cdg4-2.cdninstagram.com\\\/v\\\/t51.82787-15\\\/609665728_17976647945967892_6100979577128765360_n.jpg?stp=dst-jpg_e35_tt6&amp;_nc_cat=107&amp;ccb=7-5&amp;_nc_sid=18de74&amp;efg=eyJlZmdfdGFnIjoiQ0xJUFMuYmVzdF9pbWFnZV91cmxnZW4uQzMifQ%3D%3D&amp;_nc_ohc=PmW7gDq2yy4Q7kNvwFyLolJ&amp;_nc_oc=AdqgDa5HGMYU3PNJ-vb-fPbPz2gDNyxJ8kbkhEU4mgttigZVEd_O7dqlMz09Gb3C5etF-0Jt2JBJdCSGrAvw5F3S&amp;_nc_zt=23&amp;_nc_ht=scontent-cdg4-2.cdninstagram.com&amp;edm=AM6HXa8EAAAA&amp;_nc_gid=BEUY5vobrfzNSo8HIqd0cw&amp;_nc_tpa=Q5bMBQGmVGsJzQRCIMF2sd56tGpFJRuOZQhz5nEMCJ9XbrkcLusoaBhEonomPmRrNqj9T0BAQ2azqsVH&amp;oh=00_Af0E4JHCkkX2On3DqcAAj6bkRj4toXvcJNMNLX47sqwxlQ&amp;oe=69F7BD75&quot;,&quot;150&quot;:&quot;https:\\\/\\\/scontent-cdg4-2.cdninstagram.com\\\/v\\\/t51.82787-15\\\/609665728_17976647945967892_6100979577128765360_n.jpg?stp=dst-jpg_e35_tt6&amp;_nc_cat=107&amp;ccb=7-5&amp;_nc_sid=18de74&amp;efg=eyJlZmdfdGFnIjoiQ0xJUFMuYmVzdF9pbWFnZV91cmxnZW4uQzMifQ%3D%3D&amp;_nc_ohc=PmW7gDq2yy4Q7kNvwFyLolJ&amp;_nc_oc=AdqgDa5HGMYU3PNJ-vb-fPbPz2gDNyxJ8kbkhEU4mgttigZVEd_O7dqlMz09Gb3C5etF-0Jt2JBJdCSGrAvw5F3S&amp;_nc_zt=23&amp;_nc_ht=scontent-cdg4-2.cdninstagram.com&amp;edm=AM6HXa8EAAAA&amp;_nc_gid=BEUY5vobrfzNSo8HIqd0cw&amp;_nc_tpa=Q5bMBQGmVGsJzQRCIMF2sd56tGpFJRuOZQhz5nEMCJ9XbrkcLusoaBhEonomPmRrNqj9T0BAQ2azqsVH&amp;oh=00_Af0E4JHCkkX2On3DqcAAj6bkRj4toXvcJNMNLX47sqwxlQ&amp;oe=69F7BD75&quot;,&quot;320&quot;:&quot;https:\\\/\\\/scontent-cdg4-2.cdninstagram.com\\\/v\\\/t51.82787-15\\\/609665728_17976647945967892_6100979577128765360_n.jpg?stp=dst-jpg_e35_tt6&amp;_nc_cat=107&amp;ccb=7-5&amp;_nc_sid=18de74&amp;efg=eyJlZmdfdGFnIjoiQ0xJUFMuYmVzdF9pbWFnZV91cmxnZW4uQzMifQ%3D%3D&amp;_nc_ohc=PmW7gDq2yy4Q7kNvwFyLolJ&amp;_nc_oc=AdqgDa5HGMYU3PNJ-vb-fPbPz2gDNyxJ8kbkhEU4mgttigZVEd_O7dqlMz09Gb3C5etF-0Jt2JBJdCSGrAvw5F3S&amp;_nc_zt=23&amp;_nc_ht=scontent-cdg4-2.cdninstagram.com&amp;edm=AM6HXa8EAAAA&amp;_nc_gid=BEUY5vobrfzNSo8HIqd0cw&amp;_nc_tpa=Q5bMBQGmVGsJzQRCIMF2sd56tGpFJRuOZQhz5nEMCJ9XbrkcLusoaBhEonomPmRrNqj9T0BAQ2azqsVH&amp;oh=00_Af0E4JHCkkX2On3DqcAAj6bkRj4toXvcJNMNLX47sqwxlQ&amp;oe=69F7BD75&quot;,&quot;640&quot;:&quot;https:\\\/\\\/scontent-cdg4-2.cdninstagram.com\\\/v\\\/t51.82787-15\\\/609665728_17976647945967892_6100979577128765360_n.jpg?stp=dst-jpg_e35_tt6&amp;_nc_cat=107&amp;ccb=7-5&amp;_nc_sid=18de74&amp;efg=eyJlZmdfdGFnIjoiQ0xJUFMuYmVzdF9pbWFnZV91cmxnZW4uQzMifQ%3D%3D&amp;_nc_ohc=PmW7gDq2yy4Q7kNvwFyLolJ&amp;_nc_oc=AdqgDa5HGMYU3PNJ-vb-fPbPz2gDNyxJ8kbkhEU4mgttigZVEd_O7dqlMz09Gb3C5etF-0Jt2JBJdCSGrAvw5F3S&amp;_nc_zt=23&amp;_nc_ht=scontent-cdg4-2.cdninstagram.com&amp;edm=AM6HXa8EAAAA&amp;_nc_gid=BEUY5vobrfzNSo8HIqd0cw&amp;_nc_tpa=Q5bMBQGmVGsJzQRCIMF2sd56tGpFJRuOZQhz5nEMCJ9XbrkcLusoaBhEonomPmRrNqj9T0BAQ2azqsVH&amp;oh=00_Af0E4JHCkkX2On3DqcAAj6bkRj4toXvcJNMNLX47sqwxlQ&amp;oe=69F7BD75&quot;}\">\n            <span class=\"sbi-screenreader\">Primer proyecto del 2026; Mi madre y su perrita ha<\/span>\n            \t        <svg style=\"color: rgba(255,255,255,1)\" class=\"svg-inline--fa fa-play fa-w-14 sbi_playbtn\" aria-label=\"Play\" aria-hidden=\"true\" data-fa-processed=\"\" data-prefix=\"fa\" data-icon=\"play\" role=\"presentation\" xmlns=\"http:\/\/www.w3.org\/2000\/svg\" viewBox=\"0 0 448 512\"><path fill=\"currentColor\" d=\"M424.4 214.7L72.4 6.6C43.8-10.3 0 6.1 0 47.9V464c0 37.5 40.7 60.1 72.4 41.3l352-208c31.4-18.5 31.5-64.1 0-82.6z\"><\/path><\/svg>            <img decoding=\"async\" src=\"https:\/\/abuelaana.com\/wp-content\/plugins\/instagram-feed\/img\/placeholder.png\" alt=\"Primer proyecto del 2026; Mi madre y su perrita han estado unos d\u00edas en casa y no me he podido resistir...y le acab\u00e9 haciendo un jersey a Marley. \ud83e\udd70\n\n#ganchillo #handmade #crochet #crochetperro #jerseyperro\">\n        <\/a>\n    <\/div>\n<\/div><div class=\"sbi_item sbi_type_video sbi_new sbi_transition\" id=\"sbi_18097438084850781\" data-date=\"1766756511\">\n    <div class=\"sbi_photo_wrap\">\n        <a class=\"sbi_photo\" href=\"https:\/\/www.instagram.com\/reel\/DSuoQmpjGvs\/\" target=\"_blank\" rel=\"noopener nofollow\" data-full-res=\"https:\/\/scontent-cdg4-1.cdninstagram.com\/v\/t51.82787-15\/605595587_17975726282967892_3131568970141380901_n.jpg?stp=dst-jpg_e35_tt6&#038;_nc_cat=108&#038;ccb=7-5&#038;_nc_sid=18de74&#038;efg=eyJlZmdfdGFnIjoiQ0xJUFMuYmVzdF9pbWFnZV91cmxnZW4uQzMifQ%3D%3D&#038;_nc_ohc=LHCEa06rQSoQ7kNvwEzMV0P&#038;_nc_oc=AdrSi975JINN10RSclMMw8kCbpjv6p4Ub6ELsz5U63WvLyyU3JcoqQ_Ib5gD1K8KhB_4PCHzhA_1ox6VOcvLzq6i&#038;_nc_zt=23&#038;_nc_ht=scontent-cdg4-1.cdninstagram.com&#038;edm=AM6HXa8EAAAA&#038;_nc_gid=BEUY5vobrfzNSo8HIqd0cw&#038;_nc_tpa=Q5bMBQHcbR4BUXlgeTKhBjf5Qo_5A9HFzVT5_6Lv9XOFXgnYSVm90Sc7y2UAXy37GX0AAtSVZoPncSWB&#038;oh=00_Af1lRi3Dk0SQIp6e9SsHhTu28VYoJgKeZpFmMcwBsFWk0g&#038;oe=69F7D6AE\" data-img-src-set=\"{&quot;d&quot;:&quot;https:\\\/\\\/scontent-cdg4-1.cdninstagram.com\\\/v\\\/t51.82787-15\\\/605595587_17975726282967892_3131568970141380901_n.jpg?stp=dst-jpg_e35_tt6&amp;_nc_cat=108&amp;ccb=7-5&amp;_nc_sid=18de74&amp;efg=eyJlZmdfdGFnIjoiQ0xJUFMuYmVzdF9pbWFnZV91cmxnZW4uQzMifQ%3D%3D&amp;_nc_ohc=LHCEa06rQSoQ7kNvwEzMV0P&amp;_nc_oc=AdrSi975JINN10RSclMMw8kCbpjv6p4Ub6ELsz5U63WvLyyU3JcoqQ_Ib5gD1K8KhB_4PCHzhA_1ox6VOcvLzq6i&amp;_nc_zt=23&amp;_nc_ht=scontent-cdg4-1.cdninstagram.com&amp;edm=AM6HXa8EAAAA&amp;_nc_gid=BEUY5vobrfzNSo8HIqd0cw&amp;_nc_tpa=Q5bMBQHcbR4BUXlgeTKhBjf5Qo_5A9HFzVT5_6Lv9XOFXgnYSVm90Sc7y2UAXy37GX0AAtSVZoPncSWB&amp;oh=00_Af1lRi3Dk0SQIp6e9SsHhTu28VYoJgKeZpFmMcwBsFWk0g&amp;oe=69F7D6AE&quot;,&quot;150&quot;:&quot;https:\\\/\\\/scontent-cdg4-1.cdninstagram.com\\\/v\\\/t51.82787-15\\\/605595587_17975726282967892_3131568970141380901_n.jpg?stp=dst-jpg_e35_tt6&amp;_nc_cat=108&amp;ccb=7-5&amp;_nc_sid=18de74&amp;efg=eyJlZmdfdGFnIjoiQ0xJUFMuYmVzdF9pbWFnZV91cmxnZW4uQzMifQ%3D%3D&amp;_nc_ohc=LHCEa06rQSoQ7kNvwEzMV0P&amp;_nc_oc=AdrSi975JINN10RSclMMw8kCbpjv6p4Ub6ELsz5U63WvLyyU3JcoqQ_Ib5gD1K8KhB_4PCHzhA_1ox6VOcvLzq6i&amp;_nc_zt=23&amp;_nc_ht=scontent-cdg4-1.cdninstagram.com&amp;edm=AM6HXa8EAAAA&amp;_nc_gid=BEUY5vobrfzNSo8HIqd0cw&amp;_nc_tpa=Q5bMBQHcbR4BUXlgeTKhBjf5Qo_5A9HFzVT5_6Lv9XOFXgnYSVm90Sc7y2UAXy37GX0AAtSVZoPncSWB&amp;oh=00_Af1lRi3Dk0SQIp6e9SsHhTu28VYoJgKeZpFmMcwBsFWk0g&amp;oe=69F7D6AE&quot;,&quot;320&quot;:&quot;https:\\\/\\\/scontent-cdg4-1.cdninstagram.com\\\/v\\\/t51.82787-15\\\/605595587_17975726282967892_3131568970141380901_n.jpg?stp=dst-jpg_e35_tt6&amp;_nc_cat=108&amp;ccb=7-5&amp;_nc_sid=18de74&amp;efg=eyJlZmdfdGFnIjoiQ0xJUFMuYmVzdF9pbWFnZV91cmxnZW4uQzMifQ%3D%3D&amp;_nc_ohc=LHCEa06rQSoQ7kNvwEzMV0P&amp;_nc_oc=AdrSi975JINN10RSclMMw8kCbpjv6p4Ub6ELsz5U63WvLyyU3JcoqQ_Ib5gD1K8KhB_4PCHzhA_1ox6VOcvLzq6i&amp;_nc_zt=23&amp;_nc_ht=scontent-cdg4-1.cdninstagram.com&amp;edm=AM6HXa8EAAAA&amp;_nc_gid=BEUY5vobrfzNSo8HIqd0cw&amp;_nc_tpa=Q5bMBQHcbR4BUXlgeTKhBjf5Qo_5A9HFzVT5_6Lv9XOFXgnYSVm90Sc7y2UAXy37GX0AAtSVZoPncSWB&amp;oh=00_Af1lRi3Dk0SQIp6e9SsHhTu28VYoJgKeZpFmMcwBsFWk0g&amp;oe=69F7D6AE&quot;,&quot;640&quot;:&quot;https:\\\/\\\/scontent-cdg4-1.cdninstagram.com\\\/v\\\/t51.82787-15\\\/605595587_17975726282967892_3131568970141380901_n.jpg?stp=dst-jpg_e35_tt6&amp;_nc_cat=108&amp;ccb=7-5&amp;_nc_sid=18de74&amp;efg=eyJlZmdfdGFnIjoiQ0xJUFMuYmVzdF9pbWFnZV91cmxnZW4uQzMifQ%3D%3D&amp;_nc_ohc=LHCEa06rQSoQ7kNvwEzMV0P&amp;_nc_oc=AdrSi975JINN10RSclMMw8kCbpjv6p4Ub6ELsz5U63WvLyyU3JcoqQ_Ib5gD1K8KhB_4PCHzhA_1ox6VOcvLzq6i&amp;_nc_zt=23&amp;_nc_ht=scontent-cdg4-1.cdninstagram.com&amp;edm=AM6HXa8EAAAA&amp;_nc_gid=BEUY5vobrfzNSo8HIqd0cw&amp;_nc_tpa=Q5bMBQHcbR4BUXlgeTKhBjf5Qo_5A9HFzVT5_6Lv9XOFXgnYSVm90Sc7y2UAXy37GX0AAtSVZoPncSWB&amp;oh=00_Af1lRi3Dk0SQIp6e9SsHhTu28VYoJgKeZpFmMcwBsFWk0g&amp;oe=69F7D6AE&quot;}\">\n            <span class=\"sbi-screenreader\">Ya es hora de un peque\u00f1o resumen del a\u00f1o que se <\/span>\n            \t        <svg style=\"color: rgba(255,255,255,1)\" class=\"svg-inline--fa fa-play fa-w-14 sbi_playbtn\" aria-label=\"Play\" aria-hidden=\"true\" data-fa-processed=\"\" data-prefix=\"fa\" data-icon=\"play\" role=\"presentation\" xmlns=\"http:\/\/www.w3.org\/2000\/svg\" viewBox=\"0 0 448 512\"><path fill=\"currentColor\" d=\"M424.4 214.7L72.4 6.6C43.8-10.3 0 6.1 0 47.9V464c0 37.5 40.7 60.1 72.4 41.3l352-208c31.4-18.5 31.5-64.1 0-82.6z\"><\/path><\/svg>            <img decoding=\"async\" src=\"https:\/\/abuelaana.com\/wp-content\/plugins\/instagram-feed\/img\/placeholder.png\" alt=\"Ya es hora de un peque\u00f1o resumen del a\u00f1o que se nos va. Un a\u00f1o lleno de ganchillo, lleno de ilusi\u00f3n por lo que vendr\u00e1. Con sus momentos de baj\u00f3n, de tocar fondo para darse cuenta que somos imparables!!\n\n#ganchillo #handmade #amigurumi #2025 #ganchilloterapia\">\n        <\/a>\n    <\/div>\n<\/div><div class=\"sbi_item sbi_type_video sbi_new sbi_transition\" id=\"sbi_17870353524489225\" data-date=\"1766488736\">\n    <div class=\"sbi_photo_wrap\">\n        <a class=\"sbi_photo\" href=\"https:\/\/www.instagram.com\/reel\/DSmpqAGjA6X\/\" target=\"_blank\" rel=\"noopener nofollow\" data-full-res=\"https:\/\/scontent-cdg4-1.cdninstagram.com\/v\/t51.82787-15\/604904058_17975379554967892_1396684737488283708_n.jpg?stp=dst-jpg_e35_tt6&#038;_nc_cat=110&#038;ccb=7-5&#038;_nc_sid=18de74&#038;efg=eyJlZmdfdGFnIjoiQ0xJUFMuYmVzdF9pbWFnZV91cmxnZW4uQzMifQ%3D%3D&#038;_nc_ohc=UlnRQrPiGvYQ7kNvwF9Z1Qa&#038;_nc_oc=AdqilOFKsupcy3n2fo15bcApq1AonQhpVMNpbyIAV9OC1XDVGBirWWJA8Arsyn-HGK48VcsSY-7JrvZ6Vt1zCH2i&#038;_nc_zt=23&#038;_nc_ht=scontent-cdg4-1.cdninstagram.com&#038;edm=AM6HXa8EAAAA&#038;_nc_gid=BEUY5vobrfzNSo8HIqd0cw&#038;_nc_tpa=Q5bMBQE0msls3MmBsgnksXI48IPIKWSMCzbe25YyuL9Vw-XVrKpNvlfylW6FCL_uFXc25ZIUp0ndzwQN&#038;oh=00_Af34ZAlOuE2-B9XU7LXKd8_dV5IOr264on4Cg2KnOwK4Dg&#038;oe=69F7AC60\" data-img-src-set=\"{&quot;d&quot;:&quot;https:\\\/\\\/scontent-cdg4-1.cdninstagram.com\\\/v\\\/t51.82787-15\\\/604904058_17975379554967892_1396684737488283708_n.jpg?stp=dst-jpg_e35_tt6&amp;_nc_cat=110&amp;ccb=7-5&amp;_nc_sid=18de74&amp;efg=eyJlZmdfdGFnIjoiQ0xJUFMuYmVzdF9pbWFnZV91cmxnZW4uQzMifQ%3D%3D&amp;_nc_ohc=UlnRQrPiGvYQ7kNvwF9Z1Qa&amp;_nc_oc=AdqilOFKsupcy3n2fo15bcApq1AonQhpVMNpbyIAV9OC1XDVGBirWWJA8Arsyn-HGK48VcsSY-7JrvZ6Vt1zCH2i&amp;_nc_zt=23&amp;_nc_ht=scontent-cdg4-1.cdninstagram.com&amp;edm=AM6HXa8EAAAA&amp;_nc_gid=BEUY5vobrfzNSo8HIqd0cw&amp;_nc_tpa=Q5bMBQE0msls3MmBsgnksXI48IPIKWSMCzbe25YyuL9Vw-XVrKpNvlfylW6FCL_uFXc25ZIUp0ndzwQN&amp;oh=00_Af34ZAlOuE2-B9XU7LXKd8_dV5IOr264on4Cg2KnOwK4Dg&amp;oe=69F7AC60&quot;,&quot;150&quot;:&quot;https:\\\/\\\/scontent-cdg4-1.cdninstagram.com\\\/v\\\/t51.82787-15\\\/604904058_17975379554967892_1396684737488283708_n.jpg?stp=dst-jpg_e35_tt6&amp;_nc_cat=110&amp;ccb=7-5&amp;_nc_sid=18de74&amp;efg=eyJlZmdfdGFnIjoiQ0xJUFMuYmVzdF9pbWFnZV91cmxnZW4uQzMifQ%3D%3D&amp;_nc_ohc=UlnRQrPiGvYQ7kNvwF9Z1Qa&amp;_nc_oc=AdqilOFKsupcy3n2fo15bcApq1AonQhpVMNpbyIAV9OC1XDVGBirWWJA8Arsyn-HGK48VcsSY-7JrvZ6Vt1zCH2i&amp;_nc_zt=23&amp;_nc_ht=scontent-cdg4-1.cdninstagram.com&amp;edm=AM6HXa8EAAAA&amp;_nc_gid=BEUY5vobrfzNSo8HIqd0cw&amp;_nc_tpa=Q5bMBQE0msls3MmBsgnksXI48IPIKWSMCzbe25YyuL9Vw-XVrKpNvlfylW6FCL_uFXc25ZIUp0ndzwQN&amp;oh=00_Af34ZAlOuE2-B9XU7LXKd8_dV5IOr264on4Cg2KnOwK4Dg&amp;oe=69F7AC60&quot;,&quot;320&quot;:&quot;https:\\\/\\\/scontent-cdg4-1.cdninstagram.com\\\/v\\\/t51.82787-15\\\/604904058_17975379554967892_1396684737488283708_n.jpg?stp=dst-jpg_e35_tt6&amp;_nc_cat=110&amp;ccb=7-5&amp;_nc_sid=18de74&amp;efg=eyJlZmdfdGFnIjoiQ0xJUFMuYmVzdF9pbWFnZV91cmxnZW4uQzMifQ%3D%3D&amp;_nc_ohc=UlnRQrPiGvYQ7kNvwF9Z1Qa&amp;_nc_oc=AdqilOFKsupcy3n2fo15bcApq1AonQhpVMNpbyIAV9OC1XDVGBirWWJA8Arsyn-HGK48VcsSY-7JrvZ6Vt1zCH2i&amp;_nc_zt=23&amp;_nc_ht=scontent-cdg4-1.cdninstagram.com&amp;edm=AM6HXa8EAAAA&amp;_nc_gid=BEUY5vobrfzNSo8HIqd0cw&amp;_nc_tpa=Q5bMBQE0msls3MmBsgnksXI48IPIKWSMCzbe25YyuL9Vw-XVrKpNvlfylW6FCL_uFXc25ZIUp0ndzwQN&amp;oh=00_Af34ZAlOuE2-B9XU7LXKd8_dV5IOr264on4Cg2KnOwK4Dg&amp;oe=69F7AC60&quot;,&quot;640&quot;:&quot;https:\\\/\\\/scontent-cdg4-1.cdninstagram.com\\\/v\\\/t51.82787-15\\\/604904058_17975379554967892_1396684737488283708_n.jpg?stp=dst-jpg_e35_tt6&amp;_nc_cat=110&amp;ccb=7-5&amp;_nc_sid=18de74&amp;efg=eyJlZmdfdGFnIjoiQ0xJUFMuYmVzdF9pbWFnZV91cmxnZW4uQzMifQ%3D%3D&amp;_nc_ohc=UlnRQrPiGvYQ7kNvwF9Z1Qa&amp;_nc_oc=AdqilOFKsupcy3n2fo15bcApq1AonQhpVMNpbyIAV9OC1XDVGBirWWJA8Arsyn-HGK48VcsSY-7JrvZ6Vt1zCH2i&amp;_nc_zt=23&amp;_nc_ht=scontent-cdg4-1.cdninstagram.com&amp;edm=AM6HXa8EAAAA&amp;_nc_gid=BEUY5vobrfzNSo8HIqd0cw&amp;_nc_tpa=Q5bMBQE0msls3MmBsgnksXI48IPIKWSMCzbe25YyuL9Vw-XVrKpNvlfylW6FCL_uFXc25ZIUp0ndzwQN&amp;oh=00_Af34ZAlOuE2-B9XU7LXKd8_dV5IOr264on4Cg2KnOwK4Dg&amp;oe=69F7AC60&quot;}\">\n            <span class=\"sbi-screenreader\">Probando la Virgen con el pelo rubio: M\u00e1s horas t<\/span>\n            \t        <svg style=\"color: rgba(255,255,255,1)\" class=\"svg-inline--fa fa-play fa-w-14 sbi_playbtn\" aria-label=\"Play\" aria-hidden=\"true\" data-fa-processed=\"\" data-prefix=\"fa\" data-icon=\"play\" role=\"presentation\" xmlns=\"http:\/\/www.w3.org\/2000\/svg\" viewBox=\"0 0 448 512\"><path fill=\"currentColor\" d=\"M424.4 214.7L72.4 6.6C43.8-10.3 0 6.1 0 47.9V464c0 37.5 40.7 60.1 72.4 41.3l352-208c31.4-18.5 31.5-64.1 0-82.6z\"><\/path><\/svg>            <img decoding=\"async\" src=\"https:\/\/abuelaana.com\/wp-content\/plugins\/instagram-feed\/img\/placeholder.png\" alt=\"Probando la Virgen con el pelo rubio: M\u00e1s horas tejiendo...y el mismo resultado \u00a1Disfrutando de cada minuto del proceso! \ud83e\udd70\n\n#ganchillo #handmade #amigurumi #tejermehacefeliz #crochet\">\n        <\/a>\n    <\/div>\n<\/div><div class=\"sbi_item sbi_type_video sbi_new sbi_transition\" id=\"sbi_18108235309651399\" data-date=\"1766172892\">\n    <div class=\"sbi_photo_wrap\">\n        <a class=\"sbi_photo\" href=\"https:\/\/www.instagram.com\/reel\/DSdOrxXgOlr\/\" target=\"_blank\" rel=\"noopener nofollow\" data-full-res=\"https:\/\/scontent-cdg4-2.cdninstagram.com\/v\/t51.82787-15\/589795346_17975002754967892_7205238682069299101_n.jpg?stp=dst-jpg_e35_tt6&#038;_nc_cat=101&#038;ccb=7-5&#038;_nc_sid=18de74&#038;efg=eyJlZmdfdGFnIjoiQ0xJUFMuYmVzdF9pbWFnZV91cmxnZW4uQzMifQ%3D%3D&#038;_nc_ohc=fOZMROkRcoAQ7kNvwHzyCDc&#038;_nc_oc=Adq4nCv7x2UHNm9dNnXVV9fVhXdtfQf-NwlTT02NCa1TtnJZcdmCj6f2c5S-pdf9NLp7mzFJknuLtNkl6HZm-oU4&#038;_nc_zt=23&#038;_nc_ht=scontent-cdg4-2.cdninstagram.com&#038;edm=AM6HXa8EAAAA&#038;_nc_gid=BEUY5vobrfzNSo8HIqd0cw&#038;_nc_tpa=Q5bMBQFQVBeS83X-U4bl50XcFv7J4GBymoA1kM9a_g5-xjlX8mEq7wKRBZmQluG1hZolZqZrquUnVBhw&#038;oh=00_Af0BSYrR7WFX3Xk4zz5JwkedsECqZ2LQR6NpDd7SIQpzgA&#038;oe=69F7D74A\" data-img-src-set=\"{&quot;d&quot;:&quot;https:\\\/\\\/scontent-cdg4-2.cdninstagram.com\\\/v\\\/t51.82787-15\\\/589795346_17975002754967892_7205238682069299101_n.jpg?stp=dst-jpg_e35_tt6&amp;_nc_cat=101&amp;ccb=7-5&amp;_nc_sid=18de74&amp;efg=eyJlZmdfdGFnIjoiQ0xJUFMuYmVzdF9pbWFnZV91cmxnZW4uQzMifQ%3D%3D&amp;_nc_ohc=fOZMROkRcoAQ7kNvwHzyCDc&amp;_nc_oc=Adq4nCv7x2UHNm9dNnXVV9fVhXdtfQf-NwlTT02NCa1TtnJZcdmCj6f2c5S-pdf9NLp7mzFJknuLtNkl6HZm-oU4&amp;_nc_zt=23&amp;_nc_ht=scontent-cdg4-2.cdninstagram.com&amp;edm=AM6HXa8EAAAA&amp;_nc_gid=BEUY5vobrfzNSo8HIqd0cw&amp;_nc_tpa=Q5bMBQFQVBeS83X-U4bl50XcFv7J4GBymoA1kM9a_g5-xjlX8mEq7wKRBZmQluG1hZolZqZrquUnVBhw&amp;oh=00_Af0BSYrR7WFX3Xk4zz5JwkedsECqZ2LQR6NpDd7SIQpzgA&amp;oe=69F7D74A&quot;,&quot;150&quot;:&quot;https:\\\/\\\/scontent-cdg4-2.cdninstagram.com\\\/v\\\/t51.82787-15\\\/589795346_17975002754967892_7205238682069299101_n.jpg?stp=dst-jpg_e35_tt6&amp;_nc_cat=101&amp;ccb=7-5&amp;_nc_sid=18de74&amp;efg=eyJlZmdfdGFnIjoiQ0xJUFMuYmVzdF9pbWFnZV91cmxnZW4uQzMifQ%3D%3D&amp;_nc_ohc=fOZMROkRcoAQ7kNvwHzyCDc&amp;_nc_oc=Adq4nCv7x2UHNm9dNnXVV9fVhXdtfQf-NwlTT02NCa1TtnJZcdmCj6f2c5S-pdf9NLp7mzFJknuLtNkl6HZm-oU4&amp;_nc_zt=23&amp;_nc_ht=scontent-cdg4-2.cdninstagram.com&amp;edm=AM6HXa8EAAAA&amp;_nc_gid=BEUY5vobrfzNSo8HIqd0cw&amp;_nc_tpa=Q5bMBQFQVBeS83X-U4bl50XcFv7J4GBymoA1kM9a_g5-xjlX8mEq7wKRBZmQluG1hZolZqZrquUnVBhw&amp;oh=00_Af0BSYrR7WFX3Xk4zz5JwkedsECqZ2LQR6NpDd7SIQpzgA&amp;oe=69F7D74A&quot;,&quot;320&quot;:&quot;https:\\\/\\\/scontent-cdg4-2.cdninstagram.com\\\/v\\\/t51.82787-15\\\/589795346_17975002754967892_7205238682069299101_n.jpg?stp=dst-jpg_e35_tt6&amp;_nc_cat=101&amp;ccb=7-5&amp;_nc_sid=18de74&amp;efg=eyJlZmdfdGFnIjoiQ0xJUFMuYmVzdF9pbWFnZV91cmxnZW4uQzMifQ%3D%3D&amp;_nc_ohc=fOZMROkRcoAQ7kNvwHzyCDc&amp;_nc_oc=Adq4nCv7x2UHNm9dNnXVV9fVhXdtfQf-NwlTT02NCa1TtnJZcdmCj6f2c5S-pdf9NLp7mzFJknuLtNkl6HZm-oU4&amp;_nc_zt=23&amp;_nc_ht=scontent-cdg4-2.cdninstagram.com&amp;edm=AM6HXa8EAAAA&amp;_nc_gid=BEUY5vobrfzNSo8HIqd0cw&amp;_nc_tpa=Q5bMBQFQVBeS83X-U4bl50XcFv7J4GBymoA1kM9a_g5-xjlX8mEq7wKRBZmQluG1hZolZqZrquUnVBhw&amp;oh=00_Af0BSYrR7WFX3Xk4zz5JwkedsECqZ2LQR6NpDd7SIQpzgA&amp;oe=69F7D74A&quot;,&quot;640&quot;:&quot;https:\\\/\\\/scontent-cdg4-2.cdninstagram.com\\\/v\\\/t51.82787-15\\\/589795346_17975002754967892_7205238682069299101_n.jpg?stp=dst-jpg_e35_tt6&amp;_nc_cat=101&amp;ccb=7-5&amp;_nc_sid=18de74&amp;efg=eyJlZmdfdGFnIjoiQ0xJUFMuYmVzdF9pbWFnZV91cmxnZW4uQzMifQ%3D%3D&amp;_nc_ohc=fOZMROkRcoAQ7kNvwHzyCDc&amp;_nc_oc=Adq4nCv7x2UHNm9dNnXVV9fVhXdtfQf-NwlTT02NCa1TtnJZcdmCj6f2c5S-pdf9NLp7mzFJknuLtNkl6HZm-oU4&amp;_nc_zt=23&amp;_nc_ht=scontent-cdg4-2.cdninstagram.com&amp;edm=AM6HXa8EAAAA&amp;_nc_gid=BEUY5vobrfzNSo8HIqd0cw&amp;_nc_tpa=Q5bMBQFQVBeS83X-U4bl50XcFv7J4GBymoA1kM9a_g5-xjlX8mEq7wKRBZmQluG1hZolZqZrquUnVBhw&amp;oh=00_Af0BSYrR7WFX3Xk4zz5JwkedsECqZ2LQR6NpDd7SIQpzgA&amp;oe=69F7D74A&quot;}\">\n            <span class=\"sbi-screenreader\">Otro encargo de Pokemon!  Este Squirtle me ha qued<\/span>\n            \t        <svg style=\"color: rgba(255,255,255,1)\" class=\"svg-inline--fa fa-play fa-w-14 sbi_playbtn\" aria-label=\"Play\" aria-hidden=\"true\" data-fa-processed=\"\" data-prefix=\"fa\" data-icon=\"play\" role=\"presentation\" xmlns=\"http:\/\/www.w3.org\/2000\/svg\" viewBox=\"0 0 448 512\"><path fill=\"currentColor\" d=\"M424.4 214.7L72.4 6.6C43.8-10.3 0 6.1 0 47.9V464c0 37.5 40.7 60.1 72.4 41.3l352-208c31.4-18.5 31.5-64.1 0-82.6z\"><\/path><\/svg>            <img decoding=\"async\" src=\"https:\/\/abuelaana.com\/wp-content\/plugins\/instagram-feed\/img\/placeholder.png\" alt=\"Otro encargo de Pokemon!  Este Squirtle me ha quedado muy gracioso! \ud83e\udd70\n\n#ganchillo #handmade #crochet #regalosoriginales #amigurumi\">\n        <\/a>\n    <\/div>\n<\/div>    <\/div>\n\n\t<div id=\"sbi_load\" >\n\n\t\t\t<a class=\"sbi_load_btn\" href=\"javascript:void(0);\">\n\t\t\t<span class=\"sbi_btn_text\">Ver m\u00e1s<\/span>\n\t\t\t<span class=\"sbi_loader sbi_hidden\" style=\"background-color: rgb(255, 255, 255);\" aria-hidden=\"true\"><\/span>\n\t\t<\/a>\n\t\n\t\t\t<span class=\"sbi_follow_btn sbi_custom\">\n        <a href=\"https:\/\/www.instagram.com\/abuelaanakits\/\" style=\"background: rgb(64,139,209);\" target=\"_blank\" rel=\"nofollow noopener\">\n            <svg class=\"svg-inline--fa fa-instagram fa-w-14\" aria-hidden=\"true\" data-fa-processed=\"\" aria-label=\"Instagram\" data-prefix=\"fab\" data-icon=\"instagram\" role=\"img\" viewBox=\"0 0 448 512\">\n\t                <path fill=\"currentColor\" d=\"M224.1 141c-63.6 0-114.9 51.3-114.9 114.9s51.3 114.9 114.9 114.9S339 319.5 339 255.9 287.7 141 224.1 141zm0 189.6c-41.1 0-74.7-33.5-74.7-74.7s33.5-74.7 74.7-74.7 74.7 33.5 74.7 74.7-33.6 74.7-74.7 74.7zm146.4-194.3c0 14.9-12 26.8-26.8 26.8-14.9 0-26.8-12-26.8-26.8s12-26.8 26.8-26.8 26.8 12 26.8 26.8zm76.1 27.2c-1.7-35.9-9.9-67.7-36.2-93.9-26.2-26.2-58-34.4-93.9-36.2-37-2.1-147.9-2.1-184.9 0-35.8 1.7-67.6 9.9-93.9 36.1s-34.4 58-36.2 93.9c-2.1 37-2.1 147.9 0 184.9 1.7 35.9 9.9 67.7 36.2 93.9s58 34.4 93.9 36.2c37 2.1 147.9 2.1 184.9 0 35.9-1.7 67.7-9.9 93.9-36.2 26.2-26.2 34.4-58 36.2-93.9 2.1-37 2.1-147.8 0-184.8zM398.8 388c-7.8 19.6-22.9 34.7-42.6 42.6-29.5 11.7-99.5 9-132.1 9s-102.7 2.6-132.1-9c-19.6-7.8-34.7-22.9-42.6-42.6-11.7-29.5-9-99.5-9-132.1s-2.6-102.7 9-132.1c7.8-19.6 22.9-34.7 42.6-42.6 29.5-11.7 99.5-9 132.1-9s102.7-2.6 132.1 9c19.6 7.8 34.7 22.9 42.6 42.6 11.7 29.5 9 99.5 9 132.1s2.7 102.7-9 132.1z\"><\/path>\n\t            <\/svg>            <span>S\u00edguenos<\/span>\n        <\/a>\n    <\/span>\n\t\n<\/div>\n\n\t    <span class=\"sbi_resized_image_data\" data-feed-id=\"*1\" data-resized=\"{&quot;18108235309651399&quot;:{&quot;id&quot;:&quot;589795346_17975002754967892_7205238682069299101_n&quot;,&quot;ratio&quot;:&quot;0.56&quot;,&quot;sizes&quot;:{&quot;full&quot;:640,&quot;low&quot;:320,&quot;thumb&quot;:150},&quot;extension&quot;:&quot;.webp&quot;},&quot;17870353524489225&quot;:{&quot;id&quot;:&quot;604904058_17975379554967892_1396684737488283708_n&quot;,&quot;ratio&quot;:&quot;0.56&quot;,&quot;sizes&quot;:{&quot;full&quot;:640,&quot;low&quot;:320,&quot;thumb&quot;:150},&quot;extension&quot;:&quot;.webp&quot;},&quot;18097438084850781&quot;:{&quot;id&quot;:&quot;605595587_17975726282967892_3131568970141380901_n&quot;,&quot;ratio&quot;:&quot;0.56&quot;,&quot;sizes&quot;:{&quot;full&quot;:640,&quot;low&quot;:320,&quot;thumb&quot;:150},&quot;extension&quot;:&quot;.webp&quot;},&quot;17924762793207807&quot;:{&quot;id&quot;:&quot;609665728_17976647945967892_6100979577128765360_n&quot;,&quot;ratio&quot;:&quot;0.56&quot;,&quot;sizes&quot;:{&quot;full&quot;:640,&quot;low&quot;:320,&quot;thumb&quot;:150},&quot;extension&quot;:&quot;.webp&quot;}}\">\n\t<\/span>\n\t<\/div>\n\n","protected":false},"excerpt":{"rendered":"<p> [&hellip;]<\/p>\n","protected":false},"author":1,"featured_media":0,"parent":0,"menu_order":0,"comment_status":"closed","ping_status":"closed","template":"","meta":{"_editorskit_title_hidden":false,"_editorskit_reading_time":0,"_editorskit_is_block_options_detached":false,"_editorskit_block_options_position":"{}","_monsterinsights_skip_tracking":false,"_monsterinsights_sitenote_active":false,"_monsterinsights_sitenote_note":"","_monsterinsights_sitenote_category":0,"jetpack_post_was_ever_published":false,"footnotes":""},"class_list":["post-8958","page","type-page","status-publish","hentry"],"aioseo_notices":[],"jetpack_sharing_enabled":true,"_links":{"self":[{"href":"https:\/\/abuelaana.com\/index.php\/wp-json\/wp\/v2\/pages\/8958"}],"collection":[{"href":"https:\/\/abuelaana.com\/index.php\/wp-json\/wp\/v2\/pages"}],"about":[{"href":"https:\/\/abuelaana.com\/index.php\/wp-json\/wp\/v2\/types\/page"}],"author":[{"embeddable":true,"href":"https:\/\/abuelaana.com\/index.php\/wp-json\/wp\/v2\/users\/1"}],"replies":[{"embeddable":true,"href":"https:\/\/abuelaana.com\/index.php\/wp-json\/wp\/v2\/comments?post=8958"}],"version-history":[{"count":1,"href":"https:\/\/abuelaana.com\/index.php\/wp-json\/wp\/v2\/pages\/8958\/revisions"}],"predecessor-version":[{"id":8959,"href":"https:\/\/abuelaana.com\/index.php\/wp-json\/wp\/v2\/pages\/8958\/revisions\/8959"}],"wp:attachment":[{"href":"https:\/\/abuelaana.com\/index.php\/wp-json\/wp\/v2\/media?parent=8958"}],"curies":[{"name":"wp","href":"https:\/\/api.w.org\/{rel}","templated":true}]}}