{"id":72,"date":"2023-06-10T00:03:22","date_gmt":"2023-06-09T22:03:22","guid":{"rendered":"https:\/\/abuelaana.com\/index.php\/product\/hoodie-with-logo\/"},"modified":"2025-09-07T21:05:31","modified_gmt":"2025-09-07T19:05:31","slug":"tarjeta-con-un-corazon","status":"publish","type":"product","link":"https:\/\/abuelaana.com\/index.php\/product\/tarjeta-con-un-corazon\/","title":{"rendered":"Tarjeta con un Coraz\u00f3n"},"content":{"rendered":"<p>\u00a1Una tarjeta con un coraz\u00f3n de ganchillo! \u00bfQu\u00e9 mejor manera de expresarlo? \u00bfDe decir lo que sientes a esa persona?.<\/p>\n<p>Incluye sobre para que puedas envi\u00e1rsela a esa persona especial sin perder un momento. Haz que se sienta \u00fanic@ de esta manera tan original y bonita.\u00a0Escribe el mensaje que quieras.<\/p>\n<p>Dos opciones disponibles:<\/p>\n<ul>\n<li>Coraz\u00f3n rosa con flores blancas.<\/li>\n<li>Coraz\u00f3n morado con flores violetas.<\/li>\n<\/ul>\n<p>&nbsp;<\/p>\n<p>DETALLE DEL PRODUCTO:<\/p>\n<p>Referencia: TAR02<\/p>\n<p>Tarjeta tipo vintage decorada con un coraz\u00f3n y flores hecho a ganchillo.<\/p>\n<ul>\n<li>Tarjeta lisa Papel kraft <strong>color marr\u00f3n claro<\/strong> 300 g\/m <strong>tama\u00f1o A6 (plegado)<\/strong> 104x148mm.<\/li>\n<li><strong>Sobre<\/strong> Papel kraft color marr\u00f3n claro\u00a0 80g\/m <strong>tama\u00f1o C6<\/strong> 114x162mm con <strong>cierre adhesivo<\/strong>.<\/li>\n<\/ul>\n<p>Productos con <strong>certificaciones de sostenibilidad<\/strong> Climate neutral.<\/p>\n","protected":false},"excerpt":{"rendered":"<p>Sobre y Tarjeta Felicitaci\u00f3n vintage papel kraft con coraz\u00f3n de ganchillo tama\u00f1o A6 [&hellip;]<\/p>\n","protected":false},"featured_media":52,"comment_status":"open","ping_status":"closed","template":"","meta":{"_editorskit_title_hidden":false,"_editorskit_reading_time":0,"_editorskit_is_block_options_detached":false,"_editorskit_block_options_position":"{}","_monsterinsights_skip_tracking":false,"_monsterinsights_sitenote_active":false,"_monsterinsights_sitenote_note":"","_monsterinsights_sitenote_category":0,"jetpack_post_was_ever_published":false},"product_brand":[],"product_cat":[430,152],"product_tag":[31,33,32,30],"class_list":{"0":"post-72","1":"product","2":"type-product","3":"status-publish","4":"has-post-thumbnail","6":"product_cat-valentin","7":"product_cat-jordi","8":"product_tag-corazon","9":"product_tag-felicitacion","10":"product_tag-flores","11":"product_tag-tarjeta","13":"first","14":"instock","15":"taxable","16":"shipping-taxable","17":"purchasable","18":"product-type-variable"},"aioseo_notices":[],"jetpack_sharing_enabled":true,"_links":{"self":[{"href":"https:\/\/abuelaana.com\/index.php\/wp-json\/wp\/v2\/product\/72"}],"collection":[{"href":"https:\/\/abuelaana.com\/index.php\/wp-json\/wp\/v2\/product"}],"about":[{"href":"https:\/\/abuelaana.com\/index.php\/wp-json\/wp\/v2\/types\/product"}],"replies":[{"embeddable":true,"href":"https:\/\/abuelaana.com\/index.php\/wp-json\/wp\/v2\/comments?post=72"}],"wp:featuredmedia":[{"embeddable":true,"href":"https:\/\/abuelaana.com\/index.php\/wp-json\/wp\/v2\/media\/52"}],"wp:attachment":[{"href":"https:\/\/abuelaana.com\/index.php\/wp-json\/wp\/v2\/media?parent=72"}],"wp:term":[{"taxonomy":"product_brand","embeddable":true,"href":"https:\/\/abuelaana.com\/index.php\/wp-json\/wp\/v2\/product_brand?post=72"},{"taxonomy":"product_cat","embeddable":true,"href":"https:\/\/abuelaana.com\/index.php\/wp-json\/wp\/v2\/product_cat?post=72"},{"taxonomy":"product_tag","embeddable":true,"href":"https:\/\/abuelaana.com\/index.php\/wp-json\/wp\/v2\/product_tag?post=72"}],"curies":[{"name":"wp","href":"https:\/\/api.w.org\/{rel}","templated":true}]}}