{"id":7870,"date":"2023-07-09T13:50:35","date_gmt":"2023-07-09T11:50:35","guid":{"rendered":"https:\/\/abuelaana.com\/?post_type=product&#038;p=7870"},"modified":"2024-01-11T21:09:11","modified_gmt":"2024-01-11T20:09:11","slug":"chal-ganchillo-claudia","status":"publish","type":"product","link":"https:\/\/abuelaana.com\/index.php\/product\/chal-ganchillo-claudia\/","title":{"rendered":"Chal ganchillo Claudia"},"content":{"rendered":"<p data-pm-slice=\"1 1 []\">Chal ganchillo Claudia,\u00a0 degradado en intensos tonos granate, azul, turquesa, verde y rosa con un intrincado y bonito dise\u00f1o. Alegre, colorido e intenso y positivo. Atrae buenas vibraciones, y puede que alg\u00fan colibr\u00ed.<\/p>\n<p data-pm-slice=\"1 1 []\">Abuela Ana, tejiendo el arco iris para que te lo lleves puesto.<\/p>\n<p>&nbsp;<\/p>\n<p>DETALLE DEL PRODUCTO:<\/p>\n<p>&nbsp;<\/p>\n<p>Referencia: CRE04<\/p>\n<p>&nbsp;<\/p>\n<p>Chal triangular tipo \u00abClaudia\u00bb creado con 1000 metros de lana super fina 55% algod\u00f3n \/ 45% acr\u00edlico. Degradado de granate a rosa ne\u00f3n, pasando por azul ne\u00f3n, turquesa ne\u00f3n y verde ne\u00f3n, acabado con ondulaciones.<\/p>\n<p>&nbsp;<\/p>\n<p>&nbsp;<\/p>\n<p>Peso\/Tama\u00f1o:\u00a0 255gr. \/ 153x82cm.<\/p>\n<p>&nbsp;<\/p>\n<p><img loading=\"lazy\" decoding=\"async\" class=\"size-full wp-image-7582 aligncenter\" src=\"https:\/\/abuelaana.com\/wp-content\/uploads\/2023\/06\/40o.jpg\" alt=\"\" width=\"109\" height=\"114\" \/> <img loading=\"lazy\" decoding=\"async\" class=\"size-medium wp-image-7583 aligncenter\" src=\"https:\/\/abuelaana.com\/wp-content\/uploads\/2023\/06\/lavseco.jpg\" alt=\"\" width=\"109\" height=\"114\" \/> <img loading=\"lazy\" decoding=\"async\" class=\"size-medium wp-image-7584 aligncenter\" src=\"https:\/\/abuelaana.com\/wp-content\/uploads\/2023\/06\/Noblanc.jpg\" alt=\"\" width=\"109\" height=\"114\" \/> <img loading=\"lazy\" decoding=\"async\" class=\"size-medium wp-image-7585 aligncenter\" src=\"https:\/\/abuelaana.com\/wp-content\/uploads\/2023\/06\/nosec-1.jpg\" alt=\"\" width=\"109\" height=\"114\" \/> <img loading=\"lazy\" decoding=\"async\" class=\"size-medium wp-image-7586 aligncenter\" src=\"https:\/\/abuelaana.com\/wp-content\/uploads\/2023\/06\/planchbaj.jpg\" alt=\"\" width=\"109\" height=\"114\" \/> <img loading=\"lazy\" decoding=\"async\" class=\"size-medium wp-image-7587 aligncenter\" src=\"https:\/\/abuelaana.com\/wp-content\/uploads\/2023\/06\/sechoriz.jpg\" alt=\"\" width=\"109\" height=\"114\" \/><\/p>\n<p>&nbsp;<\/p>\n","protected":false},"excerpt":{"rendered":"<p>Chal ganchillo Claudia degradado en intensos tonos granate, azul, turquesa, verde y rosa [&hellip;]<\/p>\n","protected":false},"featured_media":8119,"comment_status":"open","ping_status":"closed","template":"","meta":{"_editorskit_title_hidden":false,"_editorskit_reading_time":0,"_editorskit_is_block_options_detached":false,"_editorskit_block_options_position":"{}","_monsterinsights_skip_tracking":false,"_monsterinsights_sitenote_active":false,"_monsterinsights_sitenote_note":"","_monsterinsights_sitenote_category":0,"jetpack_post_was_ever_published":false},"product_brand":[],"product_cat":[23],"product_tag":[107,109,108],"class_list":{"0":"post-7870","1":"product","2":"type-product","3":"status-publish","4":"has-post-thumbnail","6":"product_cat-creaciones","7":"product_tag-chal","8":"product_tag-intenso","9":"product_tag-primavera","11":"first","12":"instock","13":"taxable","14":"shipping-taxable","15":"purchasable","16":"product-type-simple"},"aioseo_notices":[],"jetpack_sharing_enabled":true,"_links":{"self":[{"href":"https:\/\/abuelaana.com\/index.php\/wp-json\/wp\/v2\/product\/7870"}],"collection":[{"href":"https:\/\/abuelaana.com\/index.php\/wp-json\/wp\/v2\/product"}],"about":[{"href":"https:\/\/abuelaana.com\/index.php\/wp-json\/wp\/v2\/types\/product"}],"replies":[{"embeddable":true,"href":"https:\/\/abuelaana.com\/index.php\/wp-json\/wp\/v2\/comments?post=7870"}],"wp:featuredmedia":[{"embeddable":true,"href":"https:\/\/abuelaana.com\/index.php\/wp-json\/wp\/v2\/media\/8119"}],"wp:attachment":[{"href":"https:\/\/abuelaana.com\/index.php\/wp-json\/wp\/v2\/media?parent=7870"}],"wp:term":[{"taxonomy":"product_brand","embeddable":true,"href":"https:\/\/abuelaana.com\/index.php\/wp-json\/wp\/v2\/product_brand?post=7870"},{"taxonomy":"product_cat","embeddable":true,"href":"https:\/\/abuelaana.com\/index.php\/wp-json\/wp\/v2\/product_cat?post=7870"},{"taxonomy":"product_tag","embeddable":true,"href":"https:\/\/abuelaana.com\/index.php\/wp-json\/wp\/v2\/product_tag?post=7870"}],"curies":[{"name":"wp","href":"https:\/\/api.w.org\/{rel}","templated":true}]}}