{"id":7937,"date":"2023-08-05T19:39:29","date_gmt":"2023-08-05T17:39:29","guid":{"rendered":"https:\/\/abuelaana.com\/?post_type=product&#038;p=7937"},"modified":"2025-09-19T21:48:53","modified_gmt":"2025-09-19T19:48:53","slug":"flor-ganchillo-conejito","status":"publish","type":"product","link":"https:\/\/abuelaana.com\/index.php\/product\/flor-ganchillo-conejito\/","title":{"rendered":"Flor ganchillo Conejito"},"content":{"rendered":"<p>Flor ganchillo Conejito. Flor de ganchillo con forma de cabeza de conejito. Con esas orejitas y esa carita, \u00bfno es adorable?<\/p>\n<p>Dale un toque realmente divertido a tu ramo con esta flor tan original y encantadora.<\/p>\n<p>&nbsp;<\/p>\n<p>DETALLE DEL PRODUCTO:<\/p>\n<p>&nbsp;<\/p>\n<p>Referencia: FLO02<\/p>\n<p>&nbsp;<\/p>\n<p>Flor de ganchillo elaborado con lana 100% acr\u00edlica, tallo met\u00e1lico recubierto de la misma lana. Ojos de pl\u00e1stico de seguridad.<\/p>\n<p>&nbsp;<\/p>\n<p>&nbsp;<\/p>\n<p>Peso\/Longitud:\u00a0 21gr. \/ 31cm.<\/p>\n","protected":false},"excerpt":{"rendered":"<p>Flor ganchillo Conejito. Flor de ganchillo con forma de cabeza de conejito. [&hellip;]<\/p>\n","protected":false},"featured_media":7933,"comment_status":"closed","ping_status":"closed","template":"","meta":{"_editorskit_title_hidden":false,"_editorskit_reading_time":0,"_editorskit_is_block_options_detached":false,"_editorskit_block_options_position":"{}","_monsterinsights_skip_tracking":false,"_monsterinsights_sitenote_active":false,"_monsterinsights_sitenote_note":"","_monsterinsights_sitenote_category":0,"jetpack_post_was_ever_published":false},"product_brand":[],"product_cat":[431,152],"product_tag":[],"class_list":{"0":"post-7937","1":"product","2":"type-product","3":"status-publish","4":"has-post-thumbnail","6":"product_cat-flores","7":"product_cat-jordi","9":"first","10":"instock","11":"taxable","12":"shipping-taxable","13":"purchasable","14":"product-type-simple"},"aioseo_notices":[],"jetpack_sharing_enabled":true,"_links":{"self":[{"href":"https:\/\/abuelaana.com\/index.php\/wp-json\/wp\/v2\/product\/7937"}],"collection":[{"href":"https:\/\/abuelaana.com\/index.php\/wp-json\/wp\/v2\/product"}],"about":[{"href":"https:\/\/abuelaana.com\/index.php\/wp-json\/wp\/v2\/types\/product"}],"replies":[{"embeddable":true,"href":"https:\/\/abuelaana.com\/index.php\/wp-json\/wp\/v2\/comments?post=7937"}],"wp:featuredmedia":[{"embeddable":true,"href":"https:\/\/abuelaana.com\/index.php\/wp-json\/wp\/v2\/media\/7933"}],"wp:attachment":[{"href":"https:\/\/abuelaana.com\/index.php\/wp-json\/wp\/v2\/media?parent=7937"}],"wp:term":[{"taxonomy":"product_brand","embeddable":true,"href":"https:\/\/abuelaana.com\/index.php\/wp-json\/wp\/v2\/product_brand?post=7937"},{"taxonomy":"product_cat","embeddable":true,"href":"https:\/\/abuelaana.com\/index.php\/wp-json\/wp\/v2\/product_cat?post=7937"},{"taxonomy":"product_tag","embeddable":true,"href":"https:\/\/abuelaana.com\/index.php\/wp-json\/wp\/v2\/product_tag?post=7937"}],"curies":[{"name":"wp","href":"https:\/\/api.w.org\/{rel}","templated":true}]}}