{"id":7956,"date":"2023-08-06T13:15:04","date_gmt":"2023-08-06T11:15:04","guid":{"rendered":"https:\/\/abuelaana.com\/?post_type=product&#038;p=7956"},"modified":"2025-09-07T21:00:19","modified_gmt":"2025-09-07T19:00:19","slug":"bolso-ganchillo-ines","status":"publish","type":"product","link":"https:\/\/abuelaana.com\/index.php\/product\/bolso-ganchillo-ines\/","title":{"rendered":"Bolso ganchillo In\u00e9s"},"content":{"rendered":"<p>Bolso ganchillo In\u00e9s, tipo japon\u00e9s. Peque\u00f1o, casual y sencillo para colgarlo de la mu\u00f1eca. F\u00edjate en los elegantes detalles en su bordado. \u00a1Sofisticado y divertido a partes iguales!<\/p>\n<p>&nbsp;<\/p>\n<p>DETALLE DEL PRODUCTO:<\/p>\n<p>&nbsp;<\/p>\n<p>Referencia: CRE07<\/p>\n<p>&nbsp;<\/p>\n<p>Bolso tipo japon\u00e9s,\u00a0 con forma cuadrada y doble asa para colgar de la mu\u00f1eca con nudo japon\u00e9s. Creada a ganchillo con lana beige 80% algod\u00f3n reciclado \/ 20% acr\u00edlico.<\/p>\n<p>&nbsp;<\/p>\n<p>&nbsp;<\/p>\n<p>&nbsp;<\/p>\n<p>Peso\/Tama\u00f1o:\u00a0 80gr. \/ 22,5x34cm.<\/p>\n<p>&nbsp;<\/p>\n<p><img loading=\"lazy\" decoding=\"async\" class=\"size-medium wp-image-102 aligncenter\" src=\"https:\/\/abuelaana.com\/wp-content\/uploads\/2023\/06\/30o.jpg\" alt=\"\" width=\"115\" height=\"117\" \/><\/p>\n<p><img loading=\"lazy\" decoding=\"async\" class=\"size-medium wp-image-7584 aligncenter\" src=\"https:\/\/abuelaana.com\/wp-content\/uploads\/2023\/06\/Noblanc.jpg\" alt=\"\" width=\"109\" height=\"114\" \/><br \/>\n<img loading=\"lazy\" decoding=\"async\" class=\"size-medium wp-image-7586 aligncenter\" src=\"https:\/\/abuelaana.com\/wp-content\/uploads\/2023\/06\/planchbaj.jpg\" alt=\"\" width=\"109\" height=\"114\" \/><\/p>\n<p><img loading=\"lazy\" decoding=\"async\" class=\"size-medium wp-image-7587 aligncenter\" src=\"https:\/\/abuelaana.com\/wp-content\/uploads\/2023\/06\/sechoriz.jpg\" alt=\"\" width=\"109\" height=\"114\" \/><\/p>\n","protected":false},"excerpt":{"rendered":"<p>Bolso ganchillo In\u00e9s, tipo japon\u00e9s. Peque\u00f1o, casual y sencillo para colgarlo de la [&hellip;]<\/p>\n","protected":false},"featured_media":7958,"comment_status":"open","ping_status":"closed","template":"","meta":{"_editorskit_title_hidden":false,"_editorskit_reading_time":0,"_editorskit_is_block_options_detached":false,"_editorskit_block_options_position":"{}","_monsterinsights_skip_tracking":false,"_monsterinsights_sitenote_active":false,"_monsterinsights_sitenote_note":"","_monsterinsights_sitenote_category":0,"jetpack_post_was_ever_published":false},"product_brand":[],"product_cat":[23,85],"product_tag":[119,113,120],"class_list":{"0":"post-7956","1":"product","2":"type-product","3":"status-publish","4":"has-post-thumbnail","6":"product_cat-creaciones","7":"product_cat-ofertas","8":"product_tag-bolso","9":"product_tag-ganchillo","10":"product_tag-japones","12":"first","13":"instock","14":"sale","15":"taxable","16":"shipping-taxable","17":"purchasable","18":"product-type-simple"},"aioseo_notices":[],"jetpack_sharing_enabled":true,"_links":{"self":[{"href":"https:\/\/abuelaana.com\/index.php\/wp-json\/wp\/v2\/product\/7956"}],"collection":[{"href":"https:\/\/abuelaana.com\/index.php\/wp-json\/wp\/v2\/product"}],"about":[{"href":"https:\/\/abuelaana.com\/index.php\/wp-json\/wp\/v2\/types\/product"}],"replies":[{"embeddable":true,"href":"https:\/\/abuelaana.com\/index.php\/wp-json\/wp\/v2\/comments?post=7956"}],"wp:featuredmedia":[{"embeddable":true,"href":"https:\/\/abuelaana.com\/index.php\/wp-json\/wp\/v2\/media\/7958"}],"wp:attachment":[{"href":"https:\/\/abuelaana.com\/index.php\/wp-json\/wp\/v2\/media?parent=7956"}],"wp:term":[{"taxonomy":"product_brand","embeddable":true,"href":"https:\/\/abuelaana.com\/index.php\/wp-json\/wp\/v2\/product_brand?post=7956"},{"taxonomy":"product_cat","embeddable":true,"href":"https:\/\/abuelaana.com\/index.php\/wp-json\/wp\/v2\/product_cat?post=7956"},{"taxonomy":"product_tag","embeddable":true,"href":"https:\/\/abuelaana.com\/index.php\/wp-json\/wp\/v2\/product_tag?post=7956"}],"curies":[{"name":"wp","href":"https:\/\/api.w.org\/{rel}","templated":true}]}}