{"id":8062,"date":"2023-09-05T20:56:11","date_gmt":"2023-09-05T18:56:11","guid":{"rendered":"https:\/\/abuelaana.com\/?post_type=product&#038;p=8062"},"modified":"2024-09-21T12:21:08","modified_gmt":"2024-09-21T10:21:08","slug":"llavero-rosquilla-ganchillo","status":"publish","type":"product","link":"https:\/\/abuelaana.com\/index.php\/product\/llavero-rosquilla-ganchillo\/","title":{"rendered":"Llavero Rosquilla ganchillo"},"content":{"rendered":"<p>Llavero Rosquilla ganchillo. Elige tu sabor: Rosa, Amarillo, P\u00farpura o Rojo.\u00a0 Divertidos, dulces, originales&#8230;y grandotes, nunca se te volver\u00e1n a olvidar las llaves!.<\/p>\n<p>\u00bfTe apetece un d\u00eda redondo? \u00a1A tus llaves seguro que s\u00ed!<\/p>\n<p>&nbsp;<\/p>\n<p>DETALLE DEL PRODUCTO:<\/p>\n<p>&nbsp;<\/p>\n<p>Referencia: CRE13<\/p>\n<p>&nbsp;<\/p>\n<p>Llavero con forma de Rosquilla a ganchillo elaborado con lana 100% acr\u00edlica y decoraciones de pl\u00e1stico cosido a la pieza. Relleno de floca sint\u00e9tica.<\/p>\n<p>&nbsp;<\/p>\n<p>Peso\/Longitud:\u00a0 27gr. \/ 8cm de di\u00e1metro.<\/p>\n<p>&nbsp;<\/p>\n","protected":false},"excerpt":{"rendered":"<p>Llavero Rosquilla ganchillo. Llavero amigurumi. Elige tu sabor: Rosa, Amarillo, P\u00farpura o Rojo. [&hellip;]<\/p>\n","protected":false},"featured_media":8068,"comment_status":"open","ping_status":"closed","template":"","meta":{"_editorskit_title_hidden":false,"_editorskit_reading_time":0,"_editorskit_is_block_options_detached":false,"_editorskit_block_options_position":"{}","_monsterinsights_skip_tracking":false,"_monsterinsights_sitenote_active":false,"_monsterinsights_sitenote_note":"","_monsterinsights_sitenote_category":0,"jetpack_post_was_ever_published":false},"product_brand":[],"product_cat":[151],"product_tag":[125,113,127,135],"class_list":{"0":"post-8062","1":"product","2":"type-product","3":"status-publish","4":"has-post-thumbnail","6":"product_cat-llaveros","7":"product_tag-amigurumi","8":"product_tag-ganchillo","9":"product_tag-llavero","10":"product_tag-rosquilla","12":"first","13":"instock","14":"taxable","15":"shipping-taxable","16":"purchasable","17":"product-type-variable","18":"has-default-attributes"},"aioseo_notices":[],"jetpack_sharing_enabled":true,"_links":{"self":[{"href":"https:\/\/abuelaana.com\/index.php\/wp-json\/wp\/v2\/product\/8062"}],"collection":[{"href":"https:\/\/abuelaana.com\/index.php\/wp-json\/wp\/v2\/product"}],"about":[{"href":"https:\/\/abuelaana.com\/index.php\/wp-json\/wp\/v2\/types\/product"}],"replies":[{"embeddable":true,"href":"https:\/\/abuelaana.com\/index.php\/wp-json\/wp\/v2\/comments?post=8062"}],"wp:featuredmedia":[{"embeddable":true,"href":"https:\/\/abuelaana.com\/index.php\/wp-json\/wp\/v2\/media\/8068"}],"wp:attachment":[{"href":"https:\/\/abuelaana.com\/index.php\/wp-json\/wp\/v2\/media?parent=8062"}],"wp:term":[{"taxonomy":"product_brand","embeddable":true,"href":"https:\/\/abuelaana.com\/index.php\/wp-json\/wp\/v2\/product_brand?post=8062"},{"taxonomy":"product_cat","embeddable":true,"href":"https:\/\/abuelaana.com\/index.php\/wp-json\/wp\/v2\/product_cat?post=8062"},{"taxonomy":"product_tag","embeddable":true,"href":"https:\/\/abuelaana.com\/index.php\/wp-json\/wp\/v2\/product_tag?post=8062"}],"curies":[{"name":"wp","href":"https:\/\/api.w.org\/{rel}","templated":true}]}}