{"id":8130,"date":"2023-09-16T13:33:50","date_gmt":"2023-09-16T11:33:50","guid":{"rendered":"https:\/\/abuelaana.com\/?post_type=product&#038;p=8130"},"modified":"2025-09-07T20:53:37","modified_gmt":"2025-09-07T18:53:37","slug":"bandolera-ganchillo-eva","status":"publish","type":"product","link":"https:\/\/abuelaana.com\/index.php\/product\/bandolera-ganchillo-eva\/","title":{"rendered":"Bandolera ganchillo Eva"},"content":{"rendered":"<p>Bandolera ganchillo Eva con forro y cremallera.\u00a0 Creado a partir de grannys con hilo de algod\u00f3n org\u00e1nico detox Casasol. La forma m\u00e1s c\u00f3moda y original de llevar lo que m\u00e1s necesites.\u00a0 \u00a0\u00a1Con la bandolera Eva, siempre a la moda!.<\/p>\n<p>&nbsp;<\/p>\n<p>DETALLE DEL PRODUCTO:<\/p>\n<p>&nbsp;<\/p>\n<p>Referencia: CRE17<\/p>\n<p>&nbsp;<\/p>\n<p>Bandolera con forro de tela y cremallera, creada con hilo Casasol 100% algod\u00f3n peinado, org\u00e1nico y detox.<\/p>\n<p>Algod\u00f3n sometido a un segundo proceso que consiste en hacer pasar el hilo por unos peines que eliminan impurezas. Con esto se elimina gran cantidad de fibras cortas, dejando las fibras m\u00e1s resistentes y que se rompan con menos facilidad, adem\u00e1s de ser m\u00e1s frescas y suaves al tacto.<\/p>\n<p>El algod\u00f3n se ha cultivado sin el uso de pesticidas y est\u00e1 libre de sustancias t\u00f3xicas o nocivas. El hilo es te\u00f1ido sin usar colorantes cancer\u00edgenos o alerg\u00e9nicos.<\/p>\n<p>&nbsp;<\/p>\n<p>Peso\/Tama\u00f1o:\u00a0 100gr. \/ 35cm largo x 13cm altura<\/p>\n<p>&nbsp;<\/p>\n<p>&nbsp;<\/p>\n<p><img loading=\"lazy\" decoding=\"async\" class=\"size-medium wp-image-7584 aligncenter\" src=\"https:\/\/abuelaana.com\/wp-content\/uploads\/2023\/06\/Noblanc.jpg\" alt=\"\" width=\"109\" height=\"114\" \/> <img loading=\"lazy\" decoding=\"async\" class=\" wp-image-8153 aligncenter\" src=\"https:\/\/abuelaana.com\/wp-content\/uploads\/2023\/09\/amano.jpg\" alt=\"\" width=\"106\" height=\"108\" \/><img loading=\"lazy\" decoding=\"async\" class=\"size-medium wp-image-7585 aligncenter\" src=\"https:\/\/abuelaana.com\/wp-content\/uploads\/2023\/06\/nosec-1.jpg\" alt=\"\" width=\"109\" height=\"114\" \/><img loading=\"lazy\" decoding=\"async\" class=\"size-full wp-image-7586 aligncenter\" src=\"https:\/\/abuelaana.com\/wp-content\/uploads\/2023\/06\/planchbaj.jpg\" alt=\"\" width=\"109\" height=\"114\" \/><img loading=\"lazy\" decoding=\"async\" class=\"size-medium wp-image-7587 aligncenter\" src=\"https:\/\/abuelaana.com\/wp-content\/uploads\/2023\/06\/sechoriz.jpg\" alt=\"\" width=\"109\" height=\"114\" \/><\/p>\n","protected":false},"excerpt":{"rendered":"<p>Bandolera ganchillo Eva con forro y cremallera.\u00a0 Creado a partir de grannys con [&hellip;]<\/p>\n","protected":false},"featured_media":8132,"comment_status":"open","ping_status":"closed","template":"","meta":{"_editorskit_title_hidden":false,"_editorskit_reading_time":0,"_editorskit_is_block_options_detached":false,"_editorskit_block_options_position":"{}","_monsterinsights_skip_tracking":false,"_monsterinsights_sitenote_active":false,"_monsterinsights_sitenote_note":"","_monsterinsights_sitenote_category":0,"jetpack_post_was_ever_published":false},"product_brand":[],"product_cat":[23],"product_tag":[145,119,113,146],"class_list":{"0":"post-8130","1":"product","2":"type-product","3":"status-publish","4":"has-post-thumbnail","6":"product_cat-creaciones","7":"product_tag-bandolera","8":"product_tag-bolso","9":"product_tag-ganchillo","10":"product_tag-granny","12":"first","13":"onbackorder","14":"taxable","15":"shipping-taxable","16":"purchasable","17":"product-type-simple"},"aioseo_notices":[],"jetpack_sharing_enabled":true,"_links":{"self":[{"href":"https:\/\/abuelaana.com\/index.php\/wp-json\/wp\/v2\/product\/8130"}],"collection":[{"href":"https:\/\/abuelaana.com\/index.php\/wp-json\/wp\/v2\/product"}],"about":[{"href":"https:\/\/abuelaana.com\/index.php\/wp-json\/wp\/v2\/types\/product"}],"replies":[{"embeddable":true,"href":"https:\/\/abuelaana.com\/index.php\/wp-json\/wp\/v2\/comments?post=8130"}],"wp:featuredmedia":[{"embeddable":true,"href":"https:\/\/abuelaana.com\/index.php\/wp-json\/wp\/v2\/media\/8132"}],"wp:attachment":[{"href":"https:\/\/abuelaana.com\/index.php\/wp-json\/wp\/v2\/media?parent=8130"}],"wp:term":[{"taxonomy":"product_brand","embeddable":true,"href":"https:\/\/abuelaana.com\/index.php\/wp-json\/wp\/v2\/product_brand?post=8130"},{"taxonomy":"product_cat","embeddable":true,"href":"https:\/\/abuelaana.com\/index.php\/wp-json\/wp\/v2\/product_cat?post=8130"},{"taxonomy":"product_tag","embeddable":true,"href":"https:\/\/abuelaana.com\/index.php\/wp-json\/wp\/v2\/product_tag?post=8130"}],"curies":[{"name":"wp","href":"https:\/\/api.w.org\/{rel}","templated":true}]}}