{"id":8139,"date":"2023-09-16T19:26:56","date_gmt":"2023-09-16T17:26:56","guid":{"rendered":"https:\/\/abuelaana.com\/?post_type=product&#038;p=8139"},"modified":"2024-01-11T21:03:22","modified_gmt":"2024-01-11T20:03:22","slug":"panuelo-ganchillo-judith-2","status":"publish","type":"product","link":"https:\/\/abuelaana.com\/index.php\/product\/panuelo-ganchillo-judith-2\/","title":{"rendered":"Pa\u00f1uelo ganchillo Judith"},"content":{"rendered":"<p>Pa\u00f1uelo ganchillo Judith. Bonito y juvenil pa\u00f1uelo en ganchillo, para pintar de rosa el oto\u00f1o: Combinaci\u00f3n de rosas, con algod\u00f3n blanco y largos flecos, que derrochan color y textura.\u00a0 Adem\u00e1s queda bien con cualquier outfit, para ir siempre a la \u00faltima.<\/p>\n<p>&nbsp;<\/p>\n<p>DETALLE DEL PRODUCTO:<\/p>\n<p>&nbsp;<\/p>\n<p>Referencia: CRE18<\/p>\n<p>&nbsp;<\/p>\n<p>Pa\u00f1uelo triangular con flecos tipo \u201cJudith\u201d creado con\u00a0 lana\u00a0 70% acr\u00edlico, 30% algod\u00f3n.<\/p>\n<p>Multicolor Batik en combinaci\u00f3n de rosas con hilada blanca.<\/p>\n<p>&nbsp;<\/p>\n<p>Peso\/Tama\u00f1o: 155gr. \/ 116x61cm. Flecos 16cm<\/p>\n<p>&nbsp;<\/p>\n<p>&nbsp;<\/p>\n<p><img loading=\"lazy\" decoding=\"async\" class=\"size-full wp-image-7586 aligncenter\" src=\"https:\/\/abuelaana.com\/wp-content\/uploads\/2023\/06\/planchbaj.jpg\" alt=\"\" width=\"109\" height=\"114\" \/><\/p>\n<p><img loading=\"lazy\" decoding=\"async\" class=\"alignnone size-full wp-image-102 aligncenter\" src=\"https:\/\/abuelaana.com\/wp-content\/uploads\/2023\/06\/30o.jpg\" alt=\"\" width=\"115\" height=\"117\" \/><br \/>\n<img loading=\"lazy\" decoding=\"async\" class=\"size-medium wp-image-7584 aligncenter\" src=\"https:\/\/abuelaana.com\/wp-content\/uploads\/2023\/06\/Noblanc.jpg\" alt=\"\" width=\"109\" height=\"114\" \/><img loading=\"lazy\" decoding=\"async\" class=\"size-medium wp-image-7585 aligncenter\" src=\"https:\/\/abuelaana.com\/wp-content\/uploads\/2023\/06\/nosec-1.jpg\" alt=\"\" width=\"109\" height=\"114\" \/><\/p>\n","protected":false},"excerpt":{"rendered":"<p>Pa\u00f1uelo ganchillo Judith. Combinaci\u00f3n de diferentes tonos rosas, con algod\u00f3n blanco y largos [&hellip;]<\/p>\n","protected":false},"featured_media":8144,"comment_status":"open","ping_status":"closed","template":"","meta":{"_editorskit_title_hidden":false,"_editorskit_reading_time":0,"_editorskit_is_block_options_detached":false,"_editorskit_block_options_position":"{}","_monsterinsights_skip_tracking":false,"_monsterinsights_sitenote_active":false,"_monsterinsights_sitenote_note":"","_monsterinsights_sitenote_category":0,"jetpack_post_was_ever_published":false},"product_brand":[],"product_cat":[23],"product_tag":[113,144,137,142],"class_list":{"0":"post-8139","1":"product","2":"type-product","3":"status-publish","4":"has-post-thumbnail","6":"product_cat-creaciones","7":"product_tag-ganchillo","8":"product_tag-judith","9":"product_tag-panuelo","10":"product_tag-rosa","12":"first","13":"instock","14":"taxable","15":"shipping-taxable","16":"purchasable","17":"product-type-simple"},"aioseo_notices":[],"jetpack_sharing_enabled":true,"_links":{"self":[{"href":"https:\/\/abuelaana.com\/index.php\/wp-json\/wp\/v2\/product\/8139"}],"collection":[{"href":"https:\/\/abuelaana.com\/index.php\/wp-json\/wp\/v2\/product"}],"about":[{"href":"https:\/\/abuelaana.com\/index.php\/wp-json\/wp\/v2\/types\/product"}],"replies":[{"embeddable":true,"href":"https:\/\/abuelaana.com\/index.php\/wp-json\/wp\/v2\/comments?post=8139"}],"wp:featuredmedia":[{"embeddable":true,"href":"https:\/\/abuelaana.com\/index.php\/wp-json\/wp\/v2\/media\/8144"}],"wp:attachment":[{"href":"https:\/\/abuelaana.com\/index.php\/wp-json\/wp\/v2\/media?parent=8139"}],"wp:term":[{"taxonomy":"product_brand","embeddable":true,"href":"https:\/\/abuelaana.com\/index.php\/wp-json\/wp\/v2\/product_brand?post=8139"},{"taxonomy":"product_cat","embeddable":true,"href":"https:\/\/abuelaana.com\/index.php\/wp-json\/wp\/v2\/product_cat?post=8139"},{"taxonomy":"product_tag","embeddable":true,"href":"https:\/\/abuelaana.com\/index.php\/wp-json\/wp\/v2\/product_tag?post=8139"}],"curies":[{"name":"wp","href":"https:\/\/api.w.org\/{rel}","templated":true}]}}