{"id":8179,"date":"2023-10-08T20:18:36","date_gmt":"2023-10-08T18:18:36","guid":{"rendered":"https:\/\/abuelaana.com\/?post_type=product&#038;p=8179"},"modified":"2025-09-07T20:53:07","modified_gmt":"2025-09-07T18:53:07","slug":"bufanda-ganchillo-alba","status":"publish","type":"product","link":"https:\/\/abuelaana.com\/index.php\/product\/bufanda-ganchillo-alba\/","title":{"rendered":"Bufanda ganchillo Alba"},"content":{"rendered":"<p>Bufanda ganchillo Alba con bolsillos. Mullida, resistente, c\u00e1lida y sobre todo \u00a1preciosa! bufanda, para enamorarse del oto\u00f1o: Color coral con un acabado brillante muy especial, o rojo intenso con flecos. M\u00e1s de dos metros de longitud. Desear\u00e1s salir a la calle cuando bajen las temperaturas para cubrirte con ella. Gracias a que contiene acr\u00edlico y lana, su tacto es muy suave. Adem\u00e1s, no contiene sustancias nocivas<\/p>\n<p>Super bonita y super original con dos bolsillos en cada extremo.<\/p>\n<p>&nbsp;<\/p>\n<p>DETALLE DEL PRODUCTO:<\/p>\n<p>&nbsp;<\/p>\n<p>Referencia: CRE19<\/p>\n<p>&nbsp;<\/p>\n<p>Bufanda ganchillo Alba con bolsillos. Elaborado con hilo 70% poliamida 20% acr\u00edlico 10% lana<\/p>\n<p>No contiene sustancias nocivas y lleva la certificaci\u00f3n de calidad de Oeko-Tex.<\/p>\n<p>&nbsp;<\/p>\n<p>Peso\/Tama\u00f1o: 350gr. \/ 210x28cm.<\/p>\n<p>&nbsp;<\/p>\n<p>&nbsp;<\/p>\n<p><img loading=\"lazy\" decoding=\"async\" class=\"alignnone size-full wp-image-102 aligncenter\" src=\"https:\/\/abuelaana.com\/wp-content\/uploads\/2023\/06\/30o.jpg\" alt=\"\" width=\"115\" height=\"117\" \/><br \/>\n<img loading=\"lazy\" decoding=\"async\" class=\"size-medium wp-image-7584 aligncenter\" src=\"https:\/\/abuelaana.com\/wp-content\/uploads\/2023\/06\/Noblanc.jpg\" alt=\"\" width=\"109\" height=\"114\" \/><img loading=\"lazy\" decoding=\"async\" class=\"size-medium wp-image-7585 aligncenter\" src=\"https:\/\/abuelaana.com\/wp-content\/uploads\/2023\/06\/nosec-1.jpg\" alt=\"\" width=\"109\" height=\"114\" \/><img loading=\"lazy\" decoding=\"async\" class=\"alignnone size-full wp-image-8085 aligncenter\" src=\"https:\/\/abuelaana.com\/wp-content\/uploads\/2023\/09\/noplanchar.jpg\" alt=\"\" width=\"122\" height=\"120\" \/><\/p>\n","protected":false},"excerpt":{"rendered":"<p>Bufanda ganchillo Alba con bolsillos. Mullida, resistente, c\u00e1lida y sobre todo \u00a1preciosa! bufanda, [&hellip;]<\/p>\n","protected":false},"featured_media":8183,"comment_status":"open","ping_status":"closed","template":"","meta":{"_editorskit_title_hidden":false,"_editorskit_reading_time":0,"_editorskit_is_block_options_detached":false,"_editorskit_block_options_position":"{}","_monsterinsights_skip_tracking":false,"_monsterinsights_sitenote_active":false,"_monsterinsights_sitenote_note":"","_monsterinsights_sitenote_category":0,"jetpack_post_was_ever_published":false},"product_brand":[],"product_cat":[23],"product_tag":[158,157,159],"class_list":{"0":"post-8179","1":"product","2":"type-product","3":"status-publish","4":"has-post-thumbnail","6":"product_cat-creaciones","7":"product_tag-bolsillos","8":"product_tag-bufanda","9":"product_tag-salmon","11":"first","12":"instock","13":"taxable","14":"shipping-taxable","15":"purchasable","16":"product-type-variable","17":"has-default-attributes"},"aioseo_notices":[],"jetpack_sharing_enabled":true,"_links":{"self":[{"href":"https:\/\/abuelaana.com\/index.php\/wp-json\/wp\/v2\/product\/8179"}],"collection":[{"href":"https:\/\/abuelaana.com\/index.php\/wp-json\/wp\/v2\/product"}],"about":[{"href":"https:\/\/abuelaana.com\/index.php\/wp-json\/wp\/v2\/types\/product"}],"replies":[{"embeddable":true,"href":"https:\/\/abuelaana.com\/index.php\/wp-json\/wp\/v2\/comments?post=8179"}],"wp:featuredmedia":[{"embeddable":true,"href":"https:\/\/abuelaana.com\/index.php\/wp-json\/wp\/v2\/media\/8183"}],"wp:attachment":[{"href":"https:\/\/abuelaana.com\/index.php\/wp-json\/wp\/v2\/media?parent=8179"}],"wp:term":[{"taxonomy":"product_brand","embeddable":true,"href":"https:\/\/abuelaana.com\/index.php\/wp-json\/wp\/v2\/product_brand?post=8179"},{"taxonomy":"product_cat","embeddable":true,"href":"https:\/\/abuelaana.com\/index.php\/wp-json\/wp\/v2\/product_cat?post=8179"},{"taxonomy":"product_tag","embeddable":true,"href":"https:\/\/abuelaana.com\/index.php\/wp-json\/wp\/v2\/product_tag?post=8179"}],"curies":[{"name":"wp","href":"https:\/\/api.w.org\/{rel}","templated":true}]}}