{"id":8265,"date":"2023-11-14T21:55:41","date_gmt":"2023-11-14T20:55:41","guid":{"rendered":"https:\/\/abuelaana.com\/?post_type=product&#038;p=8265"},"modified":"2025-09-07T20:52:00","modified_gmt":"2025-09-07T18:52:00","slug":"llavero-plantas-ganchillo","status":"publish","type":"product","link":"https:\/\/abuelaana.com\/index.php\/product\/llavero-plantas-ganchillo\/","title":{"rendered":"Llavero Plantas ganchillo"},"content":{"rendered":"<p>Llavero Plantas ganchillo. Elige entre varios tipos: Suculenta, cactus&#8230;o cactus con lazo!. Llaveros amigurumi con forma de plantas. \u00a1Un regalo divertido y original!<\/p>\n<p>&nbsp;<\/p>\n<p>DETALLE DEL PRODUCTO:<\/p>\n<p>&nbsp;<\/p>\n<p>Referencia: CRE23<\/p>\n<p>&nbsp;<\/p>\n<p>Llavero con forma de plantas a ganchillo elaborado con lana 100% acr\u00edlica y ojos de pl\u00e1stico con enganches de seguridad. Relleno de floca sint\u00e9tica.<\/p>\n","protected":false},"excerpt":{"rendered":"<p>Llavero Plantas ganchillo. Elige entre varios tipos: Suculenta, cactus&#8230;o cactus con lazo!. Llaveros [&hellip;]<\/p>\n","protected":false},"featured_media":8262,"comment_status":"closed","ping_status":"closed","template":"","meta":{"_editorskit_title_hidden":false,"_editorskit_reading_time":0,"_editorskit_is_block_options_detached":false,"_editorskit_block_options_position":"{}","_monsterinsights_skip_tracking":false,"_monsterinsights_sitenote_active":false,"_monsterinsights_sitenote_note":"","_monsterinsights_sitenote_category":0,"jetpack_post_was_ever_published":false},"product_brand":[],"product_cat":[151],"product_tag":[125,175,127,174],"class_list":{"0":"post-8265","1":"product","2":"type-product","3":"status-publish","4":"has-post-thumbnail","6":"product_cat-llaveros","7":"product_tag-amigurumi","8":"product_tag-cactus","9":"product_tag-llavero","10":"product_tag-plantas","12":"first","13":"instock","14":"taxable","15":"shipping-taxable","16":"purchasable","17":"product-type-variable"},"aioseo_notices":[],"jetpack_sharing_enabled":true,"_links":{"self":[{"href":"https:\/\/abuelaana.com\/index.php\/wp-json\/wp\/v2\/product\/8265"}],"collection":[{"href":"https:\/\/abuelaana.com\/index.php\/wp-json\/wp\/v2\/product"}],"about":[{"href":"https:\/\/abuelaana.com\/index.php\/wp-json\/wp\/v2\/types\/product"}],"replies":[{"embeddable":true,"href":"https:\/\/abuelaana.com\/index.php\/wp-json\/wp\/v2\/comments?post=8265"}],"wp:featuredmedia":[{"embeddable":true,"href":"https:\/\/abuelaana.com\/index.php\/wp-json\/wp\/v2\/media\/8262"}],"wp:attachment":[{"href":"https:\/\/abuelaana.com\/index.php\/wp-json\/wp\/v2\/media?parent=8265"}],"wp:term":[{"taxonomy":"product_brand","embeddable":true,"href":"https:\/\/abuelaana.com\/index.php\/wp-json\/wp\/v2\/product_brand?post=8265"},{"taxonomy":"product_cat","embeddable":true,"href":"https:\/\/abuelaana.com\/index.php\/wp-json\/wp\/v2\/product_cat?post=8265"},{"taxonomy":"product_tag","embeddable":true,"href":"https:\/\/abuelaana.com\/index.php\/wp-json\/wp\/v2\/product_tag?post=8265"}],"curies":[{"name":"wp","href":"https:\/\/api.w.org\/{rel}","templated":true}]}}