{"id":8273,"date":"2023-11-14T22:05:14","date_gmt":"2023-11-14T21:05:14","guid":{"rendered":"https:\/\/abuelaana.com\/?post_type=product&#038;p=8273"},"modified":"2025-09-07T20:51:43","modified_gmt":"2025-09-07T18:51:43","slug":"llavero-gatito-ganchillo","status":"publish","type":"product","link":"https:\/\/abuelaana.com\/index.php\/product\/llavero-gatito-ganchillo\/","title":{"rendered":"Llavero Gatito ganchillo"},"content":{"rendered":"<p>Llavero Gatito ganchillo. Llavero amigurumi de gatito. \u00a1Un precioso gatito para llevar tus llaves!.<\/p>\n<p>&nbsp;<\/p>\n<p>DETALLE DEL PRODUCTO:<\/p>\n<p>&nbsp;<\/p>\n<p>Referencia: CRE24<\/p>\n<p>&nbsp;<\/p>\n<p>Llavero con forma de gatito a ganchillo elaborado con lana 100% algod\u00f3n y ojos de pl\u00e1stico con enganches de seguridad. Relleno de floca sint\u00e9tica.<\/p>\n","protected":false},"excerpt":{"rendered":"<p>Llavero Gatito ganchillo. Llavero amigurumi con forma de gatito elaborado con lana 100% [&hellip;]<\/p>\n","protected":false},"featured_media":8263,"comment_status":"open","ping_status":"closed","template":"","meta":{"_editorskit_title_hidden":false,"_editorskit_reading_time":0,"_editorskit_is_block_options_detached":false,"_editorskit_block_options_position":"{}","_monsterinsights_skip_tracking":false,"_monsterinsights_sitenote_active":false,"_monsterinsights_sitenote_note":"","_monsterinsights_sitenote_category":0,"jetpack_post_was_ever_published":false},"product_brand":[],"product_cat":[151],"product_tag":[125,173,127],"class_list":{"0":"post-8273","1":"product","2":"type-product","3":"status-publish","4":"has-post-thumbnail","6":"product_cat-llaveros","7":"product_tag-amigurumi","8":"product_tag-gatito","9":"product_tag-llavero","11":"first","12":"instock","13":"taxable","14":"shipping-taxable","15":"purchasable","16":"product-type-simple"},"aioseo_notices":[],"jetpack_sharing_enabled":true,"_links":{"self":[{"href":"https:\/\/abuelaana.com\/index.php\/wp-json\/wp\/v2\/product\/8273"}],"collection":[{"href":"https:\/\/abuelaana.com\/index.php\/wp-json\/wp\/v2\/product"}],"about":[{"href":"https:\/\/abuelaana.com\/index.php\/wp-json\/wp\/v2\/types\/product"}],"replies":[{"embeddable":true,"href":"https:\/\/abuelaana.com\/index.php\/wp-json\/wp\/v2\/comments?post=8273"}],"wp:featuredmedia":[{"embeddable":true,"href":"https:\/\/abuelaana.com\/index.php\/wp-json\/wp\/v2\/media\/8263"}],"wp:attachment":[{"href":"https:\/\/abuelaana.com\/index.php\/wp-json\/wp\/v2\/media?parent=8273"}],"wp:term":[{"taxonomy":"product_brand","embeddable":true,"href":"https:\/\/abuelaana.com\/index.php\/wp-json\/wp\/v2\/product_brand?post=8273"},{"taxonomy":"product_cat","embeddable":true,"href":"https:\/\/abuelaana.com\/index.php\/wp-json\/wp\/v2\/product_cat?post=8273"},{"taxonomy":"product_tag","embeddable":true,"href":"https:\/\/abuelaana.com\/index.php\/wp-json\/wp\/v2\/product_tag?post=8273"}],"curies":[{"name":"wp","href":"https:\/\/api.w.org\/{rel}","templated":true}]}}