{"id":8274,"date":"2023-11-14T22:18:24","date_gmt":"2023-11-14T21:18:24","guid":{"rendered":"https:\/\/abuelaana.com\/?post_type=product&#038;p=8274"},"modified":"2025-09-07T20:51:06","modified_gmt":"2025-09-07T18:51:06","slug":"llavero-poketato-ganchillo","status":"publish","type":"product","link":"https:\/\/abuelaana.com\/index.php\/product\/llavero-poketato-ganchillo\/","title":{"rendered":"Llavero PokeTato ganchillo"},"content":{"rendered":"<p>Llavero PokeTato ganchillo. Llavero amigurumi tipo el\u00e9ctrico de la primera generaci\u00f3n. \u00a1Haz un regalo el\u00e9ctrico!<\/p>\n<p>&nbsp;<\/p>\n<p>DETALLE DEL PRODUCTO:<\/p>\n<p>&nbsp;<\/p>\n<p>Referencia: CRE25<\/p>\n<p>&nbsp;<\/p>\n<p>Llavero amigurumi elaborado con lana 100% acr\u00edlica y ojos de pl\u00e1stico con enganches de seguridad. Relleno de floca sint\u00e9tica.<\/p>\n","protected":false},"excerpt":{"rendered":"<p>Llavero PokeTato ganchillo. Llavero amigurumi elaborado con lana 100% acr\u00edlica y ojos de [&hellip;]<\/p>\n","protected":false},"featured_media":8275,"comment_status":"open","ping_status":"closed","template":"","meta":{"_editorskit_title_hidden":false,"_editorskit_reading_time":0,"_editorskit_is_block_options_detached":false,"_editorskit_block_options_position":"{}","_monsterinsights_skip_tracking":false,"_monsterinsights_sitenote_active":false,"_monsterinsights_sitenote_note":"","_monsterinsights_sitenote_category":0,"jetpack_post_was_ever_published":false},"product_brand":[],"product_cat":[151],"product_tag":[],"class_list":{"0":"post-8274","1":"product","2":"type-product","3":"status-publish","4":"has-post-thumbnail","6":"product_cat-llaveros","8":"first","9":"instock","10":"taxable","11":"shipping-taxable","12":"purchasable","13":"product-type-simple"},"aioseo_notices":[],"jetpack_sharing_enabled":true,"_links":{"self":[{"href":"https:\/\/abuelaana.com\/index.php\/wp-json\/wp\/v2\/product\/8274"}],"collection":[{"href":"https:\/\/abuelaana.com\/index.php\/wp-json\/wp\/v2\/product"}],"about":[{"href":"https:\/\/abuelaana.com\/index.php\/wp-json\/wp\/v2\/types\/product"}],"replies":[{"embeddable":true,"href":"https:\/\/abuelaana.com\/index.php\/wp-json\/wp\/v2\/comments?post=8274"}],"wp:featuredmedia":[{"embeddable":true,"href":"https:\/\/abuelaana.com\/index.php\/wp-json\/wp\/v2\/media\/8275"}],"wp:attachment":[{"href":"https:\/\/abuelaana.com\/index.php\/wp-json\/wp\/v2\/media?parent=8274"}],"wp:term":[{"taxonomy":"product_brand","embeddable":true,"href":"https:\/\/abuelaana.com\/index.php\/wp-json\/wp\/v2\/product_brand?post=8274"},{"taxonomy":"product_cat","embeddable":true,"href":"https:\/\/abuelaana.com\/index.php\/wp-json\/wp\/v2\/product_cat?post=8274"},{"taxonomy":"product_tag","embeddable":true,"href":"https:\/\/abuelaana.com\/index.php\/wp-json\/wp\/v2\/product_tag?post=8274"}],"curies":[{"name":"wp","href":"https:\/\/api.w.org\/{rel}","templated":true}]}}