{"id":8310,"date":"2023-12-06T19:25:56","date_gmt":"2023-12-06T18:25:56","guid":{"rendered":"https:\/\/abuelaana.com\/?post_type=product&#038;p=8310"},"modified":"2025-09-16T22:15:24","modified_gmt":"2025-09-16T20:15:24","slug":"nacimiento-belen-ganchillo","status":"publish","type":"product","link":"https:\/\/abuelaana.com\/index.php\/product\/nacimiento-belen-ganchillo\/","title":{"rendered":"Nacimiento Bel\u00e9n Ganchillo"},"content":{"rendered":"<p>Una verdadera obra de arte. Nacimiento en ganchillo con las figuras de Jos\u00e9 y Mar\u00eda, el ni\u00f1o en su cuna, y la mula y el buey. \u00a1Una aut\u00e9ntica preciosidad!<\/p>\n<p>Puedes completarlo con un <a href=\"https:\/\/abuelaana.com\/index.php\/product\/angel-belen-ganchillo\/\">maravilloso angel<\/a>.<\/p>\n<p>Haz un bel\u00e9n de lo m\u00e1s original para celebrar la Navidad con Abuelaana.<\/p>\n<p>&nbsp;<\/p>\n<p>DETALLE DEL PRODUCTO:<\/p>\n<p>Referencia: CRE26<\/p>\n<p>Nacimiento en ganchillo con las siguientes figuras y objetos incluidos:<\/p>\n<ul>\n<li>San Jos\u00e9<\/li>\n<li>Virgen Mar\u00eda<\/li>\n<li>Ni\u00f1o Jes\u00fas en su cuna<\/li>\n<li>Mula y Buey<\/li>\n<\/ul>\n<p>&nbsp;<\/p>\n<p>Elaborado a ganchillo con lana 100% algod\u00f3n. Detalles en hilo dorado. Relleno de floca.<\/p>\n<p>San Jos\u00e9 altura 20cm.<\/p>\n<p>Virgen Mar\u00eda altura 18cm.<\/p>\n","protected":false},"excerpt":{"rendered":"<p style=\"text-align: center;\">Nacimiento Bel\u00e9n Ganchillo. Nacimiento en ganchillo con las figuras de Jos\u00e9 [&hellip;]<\/p>\n","protected":false},"featured_media":9253,"comment_status":"open","ping_status":"closed","template":"","meta":{"_editorskit_title_hidden":false,"_editorskit_reading_time":0,"_editorskit_is_block_options_detached":false,"_editorskit_block_options_position":"{}","_monsterinsights_skip_tracking":false,"_monsterinsights_sitenote_active":false,"_monsterinsights_sitenote_note":"","_monsterinsights_sitenote_category":0,"jetpack_post_was_ever_published":false},"product_brand":[],"product_cat":[178],"product_tag":[125,179,113,180,176],"class_list":{"0":"post-8310","1":"product","2":"type-product","3":"status-publish","4":"has-post-thumbnail","6":"product_cat-navidad","7":"product_tag-amigurumi","8":"product_tag-belen","9":"product_tag-ganchillo","10":"product_tag-nacimiento","11":"product_tag-navidad","13":"first","14":"instock","15":"taxable","16":"shipping-taxable","17":"purchasable","18":"product-type-simple"},"aioseo_notices":[],"jetpack_sharing_enabled":true,"_links":{"self":[{"href":"https:\/\/abuelaana.com\/index.php\/wp-json\/wp\/v2\/product\/8310"}],"collection":[{"href":"https:\/\/abuelaana.com\/index.php\/wp-json\/wp\/v2\/product"}],"about":[{"href":"https:\/\/abuelaana.com\/index.php\/wp-json\/wp\/v2\/types\/product"}],"replies":[{"embeddable":true,"href":"https:\/\/abuelaana.com\/index.php\/wp-json\/wp\/v2\/comments?post=8310"}],"wp:featuredmedia":[{"embeddable":true,"href":"https:\/\/abuelaana.com\/index.php\/wp-json\/wp\/v2\/media\/9253"}],"wp:attachment":[{"href":"https:\/\/abuelaana.com\/index.php\/wp-json\/wp\/v2\/media?parent=8310"}],"wp:term":[{"taxonomy":"product_brand","embeddable":true,"href":"https:\/\/abuelaana.com\/index.php\/wp-json\/wp\/v2\/product_brand?post=8310"},{"taxonomy":"product_cat","embeddable":true,"href":"https:\/\/abuelaana.com\/index.php\/wp-json\/wp\/v2\/product_cat?post=8310"},{"taxonomy":"product_tag","embeddable":true,"href":"https:\/\/abuelaana.com\/index.php\/wp-json\/wp\/v2\/product_tag?post=8310"}],"curies":[{"name":"wp","href":"https:\/\/api.w.org\/{rel}","templated":true}]}}