{"id":8380,"date":"2024-01-26T19:55:19","date_gmt":"2024-01-26T18:55:19","guid":{"rendered":"https:\/\/abuelaana.com\/?post_type=product&#038;p=8380"},"modified":"2025-09-07T20:42:09","modified_gmt":"2025-09-07T18:42:09","slug":"osito-con-ramo-y-globo-corazon","status":"publish","type":"product","link":"https:\/\/abuelaana.com\/index.php\/product\/osito-con-ramo-y-globo-corazon\/","title":{"rendered":"Osito con ramo y globo coraz\u00f3n"},"content":{"rendered":"<p>Osito con ramo y globo coraz\u00f3n. Osito de trapo, super tierno y bonito. Amigurumi con todos los detalles, el ramo de flores ye el globo coraz\u00f3n se pueden quitar y poner. Tambi\u00e9n se puede mover los brazos.<\/p>\n<p>Las flores, el morro y el globo puedes elegirlo en color rosa o p\u00farpura.<\/p>\n<p>15 cm.<\/p>\n<p>Dile lo que sientes con AbuelaAna.<\/p>\n","protected":false},"excerpt":{"rendered":"<p>Osito con ramo y globo coraz\u00f3n. Osito de trapo, super tierno y bonito. [&hellip;]<\/p>\n","protected":false},"featured_media":8383,"comment_status":"open","ping_status":"closed","template":"","meta":{"_editorskit_title_hidden":false,"_editorskit_reading_time":0,"_editorskit_is_block_options_detached":false,"_editorskit_block_options_position":"{}","_monsterinsights_skip_tracking":false,"_monsterinsights_sitenote_active":false,"_monsterinsights_sitenote_note":"","_monsterinsights_sitenote_category":0,"jetpack_post_was_ever_published":false},"product_brand":[],"product_cat":[430,152],"product_tag":[125,31,197,199,198,128,196],"class_list":{"0":"post-8380","1":"product","2":"type-product","3":"status-publish","4":"has-post-thumbnail","6":"product_cat-valentin","7":"product_cat-jordi","8":"product_tag-amigurumi","9":"product_tag-corazon","10":"product_tag-love","11":"product_tag-osito","12":"product_tag-peluche","13":"product_tag-ramo","14":"product_tag-san-valentin","16":"first","17":"instock","18":"taxable","19":"shipping-taxable","20":"purchasable","21":"product-type-variable"},"aioseo_notices":[],"jetpack_sharing_enabled":true,"_links":{"self":[{"href":"https:\/\/abuelaana.com\/index.php\/wp-json\/wp\/v2\/product\/8380"}],"collection":[{"href":"https:\/\/abuelaana.com\/index.php\/wp-json\/wp\/v2\/product"}],"about":[{"href":"https:\/\/abuelaana.com\/index.php\/wp-json\/wp\/v2\/types\/product"}],"replies":[{"embeddable":true,"href":"https:\/\/abuelaana.com\/index.php\/wp-json\/wp\/v2\/comments?post=8380"}],"wp:featuredmedia":[{"embeddable":true,"href":"https:\/\/abuelaana.com\/index.php\/wp-json\/wp\/v2\/media\/8383"}],"wp:attachment":[{"href":"https:\/\/abuelaana.com\/index.php\/wp-json\/wp\/v2\/media?parent=8380"}],"wp:term":[{"taxonomy":"product_brand","embeddable":true,"href":"https:\/\/abuelaana.com\/index.php\/wp-json\/wp\/v2\/product_brand?post=8380"},{"taxonomy":"product_cat","embeddable":true,"href":"https:\/\/abuelaana.com\/index.php\/wp-json\/wp\/v2\/product_cat?post=8380"},{"taxonomy":"product_tag","embeddable":true,"href":"https:\/\/abuelaana.com\/index.php\/wp-json\/wp\/v2\/product_tag?post=8380"}],"curies":[{"name":"wp","href":"https:\/\/api.w.org\/{rel}","templated":true}]}}