{"id":8386,"date":"2024-01-26T20:33:48","date_gmt":"2024-01-26T19:33:48","guid":{"rendered":"https:\/\/abuelaana.com\/?post_type=product&#038;p=8386"},"modified":"2025-09-07T20:41:07","modified_gmt":"2025-09-07T18:41:07","slug":"oso-grande-con-ramo-y-corazon","status":"publish","type":"product","link":"https:\/\/abuelaana.com\/index.php\/product\/oso-grande-con-ramo-y-corazon\/","title":{"rendered":"Oso grande con ramo y globo coraz\u00f3n"},"content":{"rendered":"<p>Osito con ramo y globo coraz\u00f3n. \u00a1Pero mira que cara m\u00e1s guapa y tierna!. Amigurumi con todos los detalles, el precioso ramo de flores y el globo coraz\u00f3n se pueden quitar y poner. Tambi\u00e9n se puede mover los brazos.<\/p>\n<p>25 cm.<\/p>\n<p>Dile lo que sientes con AbuelaAna.<\/p>\n","protected":false},"excerpt":{"rendered":"<p>Oso grande con ramo y globo coraz\u00f3n. \u00a1Pero mira que cara m\u00e1s guapa [&hellip;]<\/p>\n","protected":false},"featured_media":8388,"comment_status":"open","ping_status":"closed","template":"","meta":{"_editorskit_title_hidden":false,"_editorskit_reading_time":0,"_editorskit_is_block_options_detached":false,"_editorskit_block_options_position":"{}","_monsterinsights_skip_tracking":false,"_monsterinsights_sitenote_active":false,"_monsterinsights_sitenote_note":"","_monsterinsights_sitenote_category":0,"jetpack_post_was_ever_published":false},"product_brand":[],"product_cat":[85,430,152],"product_tag":[125,31,32,197,200,198,128,196],"class_list":{"0":"post-8386","1":"product","2":"type-product","3":"status-publish","4":"has-post-thumbnail","6":"product_cat-ofertas","7":"product_cat-valentin","8":"product_cat-jordi","9":"product_tag-amigurumi","10":"product_tag-corazon","11":"product_tag-flores","12":"product_tag-love","13":"product_tag-oso","14":"product_tag-peluche","15":"product_tag-ramo","16":"product_tag-san-valentin","18":"first","19":"instock","20":"sale","21":"taxable","22":"shipping-taxable","23":"purchasable","24":"product-type-simple"},"aioseo_notices":[],"jetpack_sharing_enabled":true,"_links":{"self":[{"href":"https:\/\/abuelaana.com\/index.php\/wp-json\/wp\/v2\/product\/8386"}],"collection":[{"href":"https:\/\/abuelaana.com\/index.php\/wp-json\/wp\/v2\/product"}],"about":[{"href":"https:\/\/abuelaana.com\/index.php\/wp-json\/wp\/v2\/types\/product"}],"replies":[{"embeddable":true,"href":"https:\/\/abuelaana.com\/index.php\/wp-json\/wp\/v2\/comments?post=8386"}],"wp:featuredmedia":[{"embeddable":true,"href":"https:\/\/abuelaana.com\/index.php\/wp-json\/wp\/v2\/media\/8388"}],"wp:attachment":[{"href":"https:\/\/abuelaana.com\/index.php\/wp-json\/wp\/v2\/media?parent=8386"}],"wp:term":[{"taxonomy":"product_brand","embeddable":true,"href":"https:\/\/abuelaana.com\/index.php\/wp-json\/wp\/v2\/product_brand?post=8386"},{"taxonomy":"product_cat","embeddable":true,"href":"https:\/\/abuelaana.com\/index.php\/wp-json\/wp\/v2\/product_cat?post=8386"},{"taxonomy":"product_tag","embeddable":true,"href":"https:\/\/abuelaana.com\/index.php\/wp-json\/wp\/v2\/product_tag?post=8386"}],"curies":[{"name":"wp","href":"https:\/\/api.w.org\/{rel}","templated":true}]}}