{"id":8409,"date":"2024-02-24T19:57:43","date_gmt":"2024-02-24T18:57:43","guid":{"rendered":"https:\/\/abuelaana.com\/?post_type=product&#038;p=8409"},"modified":"2025-09-07T20:37:17","modified_gmt":"2025-09-07T18:37:17","slug":"conjunto-apego-conejito-ganchillo","status":"publish","type":"product","link":"https:\/\/abuelaana.com\/index.php\/product\/conjunto-apego-conejito-ganchillo\/","title":{"rendered":"Conjunto apego Duna"},"content":{"rendered":"<p>Conjunto apego Duna.\u00a0 Conjunto para beb\u00e9 de ganchillo compuesto:<\/p>\n<ul>\n<li>Chupetero<\/li>\n<li>Sonajero<\/li>\n<li>Mantita de apego<\/li>\n<\/ul>\n<p>Tejido a ganchillo con hilo de primera calidad Casasol, 100% algod\u00f3n peinado, org\u00e1nico y detox.<\/p>\n<p>Ideal como regalo de beb\u00e9, bautizo o nacimiento.<\/p>\n<p>Textura suave y delicada, ideal para las manitas peque\u00f1as del beb\u00e9, ayudando tambi\u00e9n a desarrollar sus habilidades motoras.<\/p>\n<p>El sonido del sonajero estimular\u00e1 sus habilidades auditivas. Este conjunto le dar\u00e1 horas de diversi\u00f3n y alegr\u00eda.<\/p>\n<p>&nbsp;<\/p>\n<p>&nbsp;<\/p>\n<p>&nbsp;<\/p>\n<p>&nbsp;<\/p>\n<p>&nbsp;<\/p>\n","protected":false},"excerpt":{"rendered":"<p>Conjunto apego Duna.<\/p>\n<p>Compuesto por chupetero, sonajero y mantita de apego.<\/p>\n<p>Tejido a ganchillo con [&hellip;]<\/p>\n","protected":false},"featured_media":8420,"comment_status":"open","ping_status":"closed","template":"","meta":{"_editorskit_title_hidden":false,"_editorskit_reading_time":0,"_editorskit_is_block_options_detached":false,"_editorskit_block_options_position":"{}","_monsterinsights_skip_tracking":false,"_monsterinsights_sitenote_active":false,"_monsterinsights_sitenote_note":"","_monsterinsights_sitenote_category":0,"jetpack_post_was_ever_published":false},"product_brand":[],"product_cat":[203],"product_tag":[125,205,204,129,195,206],"class_list":{"0":"post-8409","1":"product","2":"type-product","3":"status-publish","4":"has-post-thumbnail","6":"product_cat-bebes","7":"product_tag-amigurumi","8":"product_tag-apego","9":"product_tag-bebes","10":"product_tag-conejito","11":"product_tag-muneco","12":"product_tag-sonajero","14":"first","15":"onbackorder","16":"taxable","17":"shipping-taxable","18":"purchasable","19":"product-type-simple"},"aioseo_notices":[],"jetpack_sharing_enabled":true,"_links":{"self":[{"href":"https:\/\/abuelaana.com\/index.php\/wp-json\/wp\/v2\/product\/8409"}],"collection":[{"href":"https:\/\/abuelaana.com\/index.php\/wp-json\/wp\/v2\/product"}],"about":[{"href":"https:\/\/abuelaana.com\/index.php\/wp-json\/wp\/v2\/types\/product"}],"replies":[{"embeddable":true,"href":"https:\/\/abuelaana.com\/index.php\/wp-json\/wp\/v2\/comments?post=8409"}],"wp:featuredmedia":[{"embeddable":true,"href":"https:\/\/abuelaana.com\/index.php\/wp-json\/wp\/v2\/media\/8420"}],"wp:attachment":[{"href":"https:\/\/abuelaana.com\/index.php\/wp-json\/wp\/v2\/media?parent=8409"}],"wp:term":[{"taxonomy":"product_brand","embeddable":true,"href":"https:\/\/abuelaana.com\/index.php\/wp-json\/wp\/v2\/product_brand?post=8409"},{"taxonomy":"product_cat","embeddable":true,"href":"https:\/\/abuelaana.com\/index.php\/wp-json\/wp\/v2\/product_cat?post=8409"},{"taxonomy":"product_tag","embeddable":true,"href":"https:\/\/abuelaana.com\/index.php\/wp-json\/wp\/v2\/product_tag?post=8409"}],"curies":[{"name":"wp","href":"https:\/\/api.w.org\/{rel}","templated":true}]}}