{"id":8470,"date":"2024-04-10T21:26:21","date_gmt":"2024-04-10T19:26:21","guid":{"rendered":"https:\/\/abuelaana.com\/?post_type=product&#038;p=8470"},"modified":"2025-09-07T20:28:13","modified_gmt":"2025-09-07T18:28:13","slug":"flor-ganchillo-dragon","status":"publish","type":"product","link":"https:\/\/abuelaana.com\/index.php\/product\/flor-ganchillo-dragon\/","title":{"rendered":"Flor ganchillo Drag\u00f3n"},"content":{"rendered":"<p>Drag\u00f3n ganchillo para ramo tejido. Original y bonito drag\u00f3n verde amigurumi, con tallo, como complemento ideal de tu ramo de flores de ganchillo.<\/p>\n<p>El detalle perfecto para nuestros ramos de flores de ganchillo.<\/p>\n<p>Junto a la rosa ganchillo realista, el conjunto perfecto para Sant Jordi.<\/p>\n","protected":false},"excerpt":{"rendered":"<p>Flor ganchillo Drag\u00f3n. Original y bonito drag\u00f3n verde amigurumi, con tallo, como complemento [&hellip;]<\/p>\n","protected":false},"featured_media":8473,"comment_status":"open","ping_status":"closed","template":"","meta":{"_editorskit_title_hidden":false,"_editorskit_reading_time":0,"_editorskit_is_block_options_detached":false,"_editorskit_block_options_position":"{}","_monsterinsights_skip_tracking":false,"_monsterinsights_sitenote_active":false,"_monsterinsights_sitenote_note":"","_monsterinsights_sitenote_category":0,"jetpack_post_was_ever_published":false},"product_brand":[],"product_cat":[152],"product_tag":[125,213,214,211],"class_list":{"0":"post-8470","1":"product","2":"type-product","3":"status-publish","4":"has-post-thumbnail","6":"product_cat-jordi","7":"product_tag-amigurumi","8":"product_tag-dragon","9":"product_tag-ramos","10":"product_tag-sant-jordi","12":"first","13":"instock","14":"taxable","15":"shipping-taxable","16":"purchasable","17":"product-type-simple"},"aioseo_notices":[],"jetpack_sharing_enabled":true,"_links":{"self":[{"href":"https:\/\/abuelaana.com\/index.php\/wp-json\/wp\/v2\/product\/8470"}],"collection":[{"href":"https:\/\/abuelaana.com\/index.php\/wp-json\/wp\/v2\/product"}],"about":[{"href":"https:\/\/abuelaana.com\/index.php\/wp-json\/wp\/v2\/types\/product"}],"replies":[{"embeddable":true,"href":"https:\/\/abuelaana.com\/index.php\/wp-json\/wp\/v2\/comments?post=8470"}],"wp:featuredmedia":[{"embeddable":true,"href":"https:\/\/abuelaana.com\/index.php\/wp-json\/wp\/v2\/media\/8473"}],"wp:attachment":[{"href":"https:\/\/abuelaana.com\/index.php\/wp-json\/wp\/v2\/media?parent=8470"}],"wp:term":[{"taxonomy":"product_brand","embeddable":true,"href":"https:\/\/abuelaana.com\/index.php\/wp-json\/wp\/v2\/product_brand?post=8470"},{"taxonomy":"product_cat","embeddable":true,"href":"https:\/\/abuelaana.com\/index.php\/wp-json\/wp\/v2\/product_cat?post=8470"},{"taxonomy":"product_tag","embeddable":true,"href":"https:\/\/abuelaana.com\/index.php\/wp-json\/wp\/v2\/product_tag?post=8470"}],"curies":[{"name":"wp","href":"https:\/\/api.w.org\/{rel}","templated":true}]}}