{"id":9431,"date":"2025-12-08T20:20:25","date_gmt":"2025-12-08T19:20:25","guid":{"rendered":"https:\/\/abuelaana.com\/?post_type=product&#038;p=9431"},"modified":"2025-12-13T20:42:41","modified_gmt":"2025-12-13T19:42:41","slug":"nacimiento-belen-ganchillo-2025","status":"publish","type":"product","link":"https:\/\/abuelaana.com\/index.php\/product\/nacimiento-belen-ganchillo-2025\/","title":{"rendered":"Nacimiento Bel\u00e9n Ganchillo 2025"},"content":{"rendered":"<p data-start=\"171\" data-end=\"441\">Decora tu hogar esta Navidad con este encantador <strong data-start=\"220\" data-end=\"261\">Nacimiento tejido a mano en ganchillo<\/strong>, formado por San Jos\u00e9, Mar\u00eda, el Ni\u00f1o Jes\u00fas con su elaborada cuna, el buey y la mula. Cada figura est\u00e1 elaborada con materiales de calidad y cuidada en cada detalle para transmitir ternura y tradici\u00f3n.<\/p>\n<p data-start=\"443\" data-end=\"693\">El conjunto es ideal para cualquier rinc\u00f3n navide\u00f1o. Adem\u00e1s, puedes <strong data-start=\"569\" data-end=\"611\">completar el Bel\u00e9n con los Reyes Magos<\/strong>, y el \u00c1ngel, disponibles tambi\u00e9n en nuestra web, creando una escena navide\u00f1a artesanal \u00fanica.<\/p>\n<p data-start=\"695\" data-end=\"793\">Una pieza especial para quienes buscan una decoraci\u00f3n \u00fanica hecha a mano, c\u00e1lida y llena de significado.<\/p>\n<p>Elaborado a ganchillo con lana 100% algod\u00f3n. Detalles en hilo dorado. Relleno de floca.<\/p>\n<p>Altura 20cm.<\/p>\n<p>&nbsp;<\/p>\n","protected":false},"excerpt":{"rendered":"<p>Nacimiento Bel\u00e9n Ganchillo. Nacimiento en ganchillo con las figuras de Jos\u00e9 y Mar\u00eda, [&hellip;]<\/p>\n","protected":false},"featured_media":9441,"comment_status":"open","ping_status":"closed","template":"","meta":{"_editorskit_title_hidden":false,"_editorskit_reading_time":0,"_editorskit_is_block_options_detached":false,"_editorskit_block_options_position":"{}","_monsterinsights_skip_tracking":false,"_monsterinsights_sitenote_active":false,"_monsterinsights_sitenote_note":"","_monsterinsights_sitenote_category":0,"jetpack_post_was_ever_published":false},"product_brand":[],"product_cat":[178],"product_tag":[125,179,113,180,176],"class_list":{"0":"post-9431","1":"product","2":"type-product","3":"status-publish","4":"has-post-thumbnail","6":"product_cat-navidad","7":"product_tag-amigurumi","8":"product_tag-belen","9":"product_tag-ganchillo","10":"product_tag-nacimiento","11":"product_tag-navidad","13":"first","14":"instock","15":"taxable","16":"shipping-taxable","17":"purchasable","18":"product-type-simple"},"aioseo_notices":[],"jetpack_sharing_enabled":true,"_links":{"self":[{"href":"https:\/\/abuelaana.com\/index.php\/wp-json\/wp\/v2\/product\/9431"}],"collection":[{"href":"https:\/\/abuelaana.com\/index.php\/wp-json\/wp\/v2\/product"}],"about":[{"href":"https:\/\/abuelaana.com\/index.php\/wp-json\/wp\/v2\/types\/product"}],"replies":[{"embeddable":true,"href":"https:\/\/abuelaana.com\/index.php\/wp-json\/wp\/v2\/comments?post=9431"}],"wp:featuredmedia":[{"embeddable":true,"href":"https:\/\/abuelaana.com\/index.php\/wp-json\/wp\/v2\/media\/9441"}],"wp:attachment":[{"href":"https:\/\/abuelaana.com\/index.php\/wp-json\/wp\/v2\/media?parent=9431"}],"wp:term":[{"taxonomy":"product_brand","embeddable":true,"href":"https:\/\/abuelaana.com\/index.php\/wp-json\/wp\/v2\/product_brand?post=9431"},{"taxonomy":"product_cat","embeddable":true,"href":"https:\/\/abuelaana.com\/index.php\/wp-json\/wp\/v2\/product_cat?post=9431"},{"taxonomy":"product_tag","embeddable":true,"href":"https:\/\/abuelaana.com\/index.php\/wp-json\/wp\/v2\/product_tag?post=9431"}],"curies":[{"name":"wp","href":"https:\/\/api.w.org\/{rel}","templated":true}]}}